{"id":812,"date":"2016-12-22T17:45:52","date_gmt":"2016-12-22T16:45:52","guid":{"rendered":"https:\/\/www.berthoud.fr\/?page_id=812"},"modified":"2017-04-26T16:57:51","modified_gmt":"2017-04-26T15:57:51","slug":"valeurs","status":"publish","type":"page","link":"https:\/\/www.berthoud.fr\/fr\/valeurs\/","title":{"rendered":"Les valeurs"},"content":{"rendered":"\n<style type=\"text\/css\" data-created_by=\"avia_inline_auto\" id=\"style-css-av-av_section-c13b33a340a6584fd9a5847193f23656\">\n.avia-section.av-av_section-c13b33a340a6584fd9a5847193f23656 .av-parallax .av-parallax-inner{\nbackground-repeat:no-repeat;\nbackground-image:url(https:\/\/www.berthoud.fr\/wp-content\/uploads\/sites\/2\/2016\/12\/valeur-berthoud.jpg);\nbackground-position:0% 50%;\nbackground-attachment:scroll;\n}\n<\/style>\n<div id='av_section_1'  class='avia-section av-av_section-c13b33a340a6584fd9a5847193f23656 main_color avia-section-huge avia-no-border-styling  avia-builder-el-0  el_before_av_one_full  avia-builder-el-first  avia-full-stretch av-parallax-section avia-bg-style-parallax  av-minimum-height av-minimum-height-25  container_wrap fullsize'  data-section-bg-repeat='stretch' data-av_minimum_height_pc='25'><div class='av-parallax' data-avia-parallax-ratio='0.3' ><div class='av-parallax-inner main_color avia-full-stretch'><\/div><\/div><div class='av-section-color-overlay-wrap'><a href='#next-section' title='' class='scroll-down-link ' aria-hidden='true' data-av_icon='\ue877' data-av_iconfont='entypo-fontello'><\/a><div class='container av-section-cont-open' ><main  role=\"main\" itemprop=\"mainContentOfPage\"  class='template-page content  av-content-full alpha units'><div class='post-entry post-entry-type-page post-entry-812'><div class='entry-content-wrapper clearfix'>\n\n<style type=\"text\/css\" data-created_by=\"avia_inline_auto\" id=\"style-css-av-av_heading-39d991deb4936641d028f6b96553c8a0\">\n#top .av-special-heading.av-av_heading-39d991deb4936641d028f6b96553c8a0{\npadding-bottom:10px;\ncolor:#ffffff;\n}\n.av-special-heading.av-av_heading-39d991deb4936641d028f6b96553c8a0 .special-heading-inner-border{\nborder-color:#ffffff;\n}\n<\/style>\n<div  class='av-special-heading av-av_heading-39d991deb4936641d028f6b96553c8a0 av-special-heading-h1 custom-color-heading blockquote modern-quote modern-centered  avia-builder-el-1  avia-builder-el-no-sibling  '><h1 class='av-special-heading-tag '  itemprop=\"headline\"  >Les valeurs<\/h1><div class='special-heading-border'><div class='special-heading-inner-border'><\/div><\/div><\/div>\n<\/div><\/div><\/main><!-- close content main element --><\/div><\/div><\/div><div id='after_section_1'  class='main_color av_default_container_wrap container_wrap fullsize'  ><div class='container av-section-cont-open' ><div class='template-page content  av-content-full alpha units'><div class='post-entry post-entry-type-page post-entry-812'><div class='entry-content-wrapper clearfix'>\n\n<style type=\"text\/css\" data-created_by=\"avia_inline_auto\" id=\"style-css-av-av_one_full-6126cab7d8fab8d08143dd2dacdf673c\">\n.flex_column.av-av_one_full-6126cab7d8fab8d08143dd2dacdf673c{\nborder-radius:0px 0px 0px 0px;\n-webkit-border-radius:0px 0px 0px 0px;\n-moz-border-radius:0px 0px 0px 0px;\n}\n<\/style>\n<div class='flex_column av-av_one_full-6126cab7d8fab8d08143dd2dacdf673c av_one_full  avia-builder-el-2  el_after_av_section  el_before_av_layout_row  avia-builder-el-no-sibling  first flex_column_div av-zero-column-padding '   ><section class=\"av_textblock_section \"  itemscope=\"itemscope\" itemtype=\"https:\/\/schema.org\/CreativeWork\" ><div class='avia_textblock  '   itemprop=\"text\" ><p style=\"text-align: center;\">La marque Berthoud travaille au quotidien pour mettre \u00e0 votre service des produits d&rsquo;une qualit\u00e9 professionnelles avec &#8230;<\/p>\n<\/div><\/section><\/div>\n<\/div><\/div><\/div><!-- close content main div --><\/div><\/div><div id='av-layout-grid-1'  class='av-layout-grid-container entry-content-wrapper alternate_color av-flex-cells     avia-builder-el-4  el_after_av_one_full  el_before_av_layout_row  submenu-not-first container_wrap fullsize'  >\n<div class=\"flex_cell no_margin av_one_half  avia-builder-el-5  el_before_av_cell_one_half  avia-builder-el-first   \"  style='height:500px; min-height:500px;vertical-align:middle; padding:4%; background-color:#f8f4f3; ' ><div class='flex_cell_inner' ><p>\n<style type=\"text\/css\" data-created_by=\"avia_inline_auto\" id=\"style-css-av-av_heading-52036244fcc47698bc5eaa8d3e2b5e63\">\n#top .av-special-heading.av-av_heading-52036244fcc47698bc5eaa8d3e2b5e63{\npadding-bottom:10px;\nfont-size:30px;\n}\n<\/style>\n<div  class='av-special-heading av-av_heading-52036244fcc47698bc5eaa8d3e2b5e63 av-special-heading-h2 blockquote modern-quote  avia-builder-el-6  el_before_av_hr  avia-builder-el-first  av-inherit-size '><h2 class='av-special-heading-tag '  itemprop=\"headline\"  >Une qualit\u00e9 fran\u00e7aise !<\/h2><div class='special-heading-border'><div class='special-heading-inner-border'><\/div><\/div><\/div><br \/>\n\n<style type=\"text\/css\" data-created_by=\"avia_inline_auto\" id=\"style-css-av-av_hr-125677adc5a412197e704257ba4b8296\">\n#top .hr.av-av_hr-125677adc5a412197e704257ba4b8296{\nmargin-top:30px;\nmargin-bottom:30px;\n}\n.hr.av-av_hr-125677adc5a412197e704257ba4b8296 .hr-inner{\nwidth:50px;\n}\n<\/style>\n<div  class='hr av-av_hr-125677adc5a412197e704257ba4b8296 hr-custom  avia-builder-el-7  el_after_av_heading  el_before_av_textblock  hr-left hr-icon-no '><span class='hr-inner inner-border-av-border-fat'><span class=\"hr-inner-style\"><\/span><\/span><\/div><br \/>\n<section class=\"av_textblock_section \"  itemscope=\"itemscope\" itemtype=\"https:\/\/schema.org\/CreativeWork\" ><div class='avia_textblock  '   itemprop=\"text\" ><p>BERTHOUD garantit 5 ans la majorit\u00e9 de ses pulv\u00e9risateurs et garantit la possibilit\u00e9 de r\u00e9parer votre appareil pendant 10 ans. Tous les composants de votre appareil sont disponibles en pi\u00e8ces d\u00e9tach\u00e9es et livrables en 72h (en France M\u00e9tropolitaine).<\/p>\n<\/div><\/section><\/p>\n<\/div><\/div><div class=\"flex_cell no_margin av_one_half  avia-builder-el-9  el_after_av_cell_one_half  avia-builder-el-last   avia-full-stretch \"  style='height:500px; min-height:500px;background:url(https:\/\/www.berthoud.fr\/wp-content\/uploads\/sites\/2\/2016\/12\/RubriqueBerthoud_valeurs_2_1030x686.jpg) center center no-repeat scroll; vertical-align:top; padding:50px; ' ><div class='flex_cell_inner' ><\/div><\/div>\n<\/div>\n<div id='av-layout-grid-2'  class='av-layout-grid-container entry-content-wrapper main_color av-flex-cells     avia-builder-el-10  el_after_av_layout_row  el_before_av_layout_row  submenu-not-first container_wrap fullsize'  >\n<div class=\"flex_cell no_margin av_one_half  avia-builder-el-11  el_before_av_cell_one_half  avia-builder-el-first   avia-full-stretch \"  style='height:500px; min-height:500px;background:url(https:\/\/www.berthoud.fr\/wp-content\/uploads\/sites\/2\/2016\/12\/RubriqueBerthoud_valeurs_3_1030x686.jpg) center center no-repeat scroll; vertical-align:middle; padding:50px; ' ><div class='flex_cell_inner' ><\/div><\/div><div class=\"flex_cell no_margin av_one_half  avia-builder-el-12  el_after_av_cell_one_half  avia-builder-el-last   \"  style='height:500px; min-height:500px;vertical-align:middle; padding:4%; ' ><div class='flex_cell_inner' ><p>\n<style type=\"text\/css\" data-created_by=\"avia_inline_auto\" id=\"style-css-av-av_heading-73dace3be600cb30eb7b56d41393340a\">\n#top .av-special-heading.av-av_heading-73dace3be600cb30eb7b56d41393340a{\npadding-bottom:10px;\nfont-size:30px;\n}\n<\/style>\n<div  class='av-special-heading av-av_heading-73dace3be600cb30eb7b56d41393340a av-special-heading-h2 blockquote modern-quote  avia-builder-el-13  el_before_av_hr  avia-builder-el-first  av-inherit-size '><h2 class='av-special-heading-tag '  itemprop=\"headline\"  >S\u00e9curit\u00e9 et qualit\u00e9 d\u2019utilisation<\/h2><div class='special-heading-border'><div class='special-heading-inner-border'><\/div><\/div><\/div><br \/>\n\n<style type=\"text\/css\" data-created_by=\"avia_inline_auto\" id=\"style-css-av-av_hr-125677adc5a412197e704257ba4b8296\">\n#top .hr.av-av_hr-125677adc5a412197e704257ba4b8296{\nmargin-top:30px;\nmargin-bottom:30px;\n}\n.hr.av-av_hr-125677adc5a412197e704257ba4b8296 .hr-inner{\nwidth:50px;\n}\n<\/style>\n<div  class='hr av-av_hr-125677adc5a412197e704257ba4b8296 hr-custom  avia-builder-el-14  el_after_av_heading  el_before_av_textblock  hr-left hr-icon-no '><span class='hr-inner inner-border-av-border-fat'><span class=\"hr-inner-style\"><\/span><\/span><\/div><br \/>\n<section class=\"av_textblock_section \"  itemscope=\"itemscope\" itemtype=\"https:\/\/schema.org\/CreativeWork\" ><div class='avia_textblock  '   itemprop=\"text\" ><p>Tous les pulv\u00e9risateurs BERTHOUD sont test\u00e9s \u00e0 4 fois la pression maximale pour vous garantir que l&rsquo;ensemble des composants r\u00e9sisteront aux efforts demand\u00e9s (en utilisation avec les produits compatibles).<\/p>\n<p>Nos produits (pulv\u00e9risateurs, accessoires et pi\u00e8ces d\u00e9tach\u00e9es) sont fabriqu\u00e9s en France pour un contr\u00f4le irr\u00e9prochable de la qualit\u00e9 et de la fiabilit\u00e9 de toutes nos pi\u00e8ces.<\/p>\n<p>Ce niveau de qualit\u00e9 nous permet aussi de promouvoir nos emplois et notre savoir faire en France.<\/p>\n<\/div><\/section><\/p>\n<\/div><\/div>\n<\/div>\n<div id='av-layout-grid-3'  class='av-layout-grid-container entry-content-wrapper alternate_color av-flex-cells     avia-builder-el-16  el_after_av_layout_row  el_before_av_section  submenu-not-first container_wrap fullsize'  >\n<div class=\"flex_cell no_margin av_one_half  avia-builder-el-17  el_before_av_cell_one_half  avia-builder-el-first   \"  style='height:500px; min-height:500px;vertical-align:middle; padding:4%; background-color:#f8f4f3; ' ><div class='flex_cell_inner' ><p>\n<style type=\"text\/css\" data-created_by=\"avia_inline_auto\" id=\"style-css-av-av_heading-b7e7b5510aab3c3b095e83540d81ae4b\">\n#top .av-special-heading.av-av_heading-b7e7b5510aab3c3b095e83540d81ae4b{\npadding-bottom:10px;\nfont-size:30px;\n}\n<\/style>\n<div  class='av-special-heading av-av_heading-b7e7b5510aab3c3b095e83540d81ae4b av-special-heading-h2 blockquote modern-quote  avia-builder-el-18  el_before_av_hr  avia-builder-el-first  av-inherit-size '><h2 class='av-special-heading-tag '  itemprop=\"headline\"  >Des brevets d\u00e9pos\u00e9s<\/h2><div class='special-heading-border'><div class='special-heading-inner-border'><\/div><\/div><\/div><br \/>\n\n<style type=\"text\/css\" data-created_by=\"avia_inline_auto\" id=\"style-css-av-av_hr-125677adc5a412197e704257ba4b8296\">\n#top .hr.av-av_hr-125677adc5a412197e704257ba4b8296{\nmargin-top:30px;\nmargin-bottom:30px;\n}\n.hr.av-av_hr-125677adc5a412197e704257ba4b8296 .hr-inner{\nwidth:50px;\n}\n<\/style>\n<div  class='hr av-av_hr-125677adc5a412197e704257ba4b8296 hr-custom  avia-builder-el-19  el_after_av_heading  el_before_av_textblock  hr-left hr-icon-no '><span class='hr-inner inner-border-av-border-fat'><span class=\"hr-inner-style\"><\/span><\/span><\/div><br \/>\n<section class=\"av_textblock_section \"  itemscope=\"itemscope\" itemtype=\"https:\/\/schema.org\/CreativeWork\" ><div class='avia_textblock  '   itemprop=\"text\" ><p>BERTHOUD recherche en permanence l&rsquo;excellence pour vous offrir des pulv\u00e9risateurs avec de hautes performances tout en soignant aussi le confort \u00e0 l&rsquo;utilisation.<\/p>\n<\/div><\/section><\/p>\n<\/div><\/div><div class=\"flex_cell no_margin av_one_half  avia-builder-el-21  el_after_av_cell_one_half  avia-builder-el-last   avia-full-stretch \"  style='height:500px; min-height:500px;background:url(https:\/\/www.berthoud.fr\/wp-content\/uploads\/sites\/2\/2016\/12\/Rubriqueberthoud_valeurs_4_1030x686.jpg) center center no-repeat scroll; vertical-align:top; padding:50px; ' ><div class='flex_cell_inner' ><\/div><\/div>\n<\/div>\n\n<style type=\"text\/css\" data-created_by=\"avia_inline_auto\" id=\"style-css-av-av_section-fd4b64e6a9dd6443c4249792ba08dac9\">\n.avia-section.av-av_section-fd4b64e6a9dd6443c4249792ba08dac9 .av-parallax .av-parallax-inner{\nbackground-repeat:no-repeat;\nbackground-image:url(https:\/\/www.berthoud.fr\/wp-content\/uploads\/sites\/2\/2017\/02\/ble.jpg);\nbackground-position:50% 0%;\nbackground-attachment:scroll;\n}\n.avia-section.av-av_section-fd4b64e6a9dd6443c4249792ba08dac9 .av-section-color-overlay{\nopacity:0.4;\nbackground-color:#619714;\n}\n<\/style>\n<div id='sign-up'  class='avia-section av-av_section-fd4b64e6a9dd6443c4249792ba08dac9 main_color avia-section-default avia-no-shadow  avia-builder-el-22  el_after_av_layout_row  avia-builder-el-last  avia-full-stretch av-parallax-section avia-bg-style-parallax av-section-color-overlay-active  container_wrap fullsize'  data-section-bg-repeat='stretch'><div class='av-parallax' data-avia-parallax-ratio='0.3' ><div class='av-parallax-inner main_color avia-full-stretch'><\/div><\/div><div class='av-section-color-overlay-wrap'><div class=\"av-section-color-overlay\"><\/div><div class='container av-section-cont-open' ><div class='template-page content  av-content-full alpha units'><div class='post-entry post-entry-type-page post-entry-812'><div class='entry-content-wrapper clearfix'>\n\n<style type=\"text\/css\" data-created_by=\"avia_inline_auto\" id=\"style-css-av-av_heading-b842a2839c57ed5f9a0729092a1a234d\">\n#top .av-special-heading.av-av_heading-b842a2839c57ed5f9a0729092a1a234d{\npadding-bottom:10px;\ncolor:#ffffff;\nfont-size:30px;\n}\n.av-special-heading.av-av_heading-b842a2839c57ed5f9a0729092a1a234d .special-heading-inner-border{\nborder-color:#ffffff;\n}\n<\/style>\n<div  class='av-special-heading av-av_heading-b842a2839c57ed5f9a0729092a1a234d av-special-heading-h3 custom-color-heading blockquote modern-quote modern-centered  avia-builder-el-23  avia-builder-el-no-sibling  av-inherit-size '><h3 class='av-special-heading-tag '  itemprop=\"headline\"  >Fabricant de pulv\u00e9risateurs depuis 1895<\/h3><div class='special-heading-border'><div class='special-heading-inner-border'><\/div><\/div><\/div>\n\n","protected":false},"excerpt":{"rendered":"","protected":false},"author":4,"featured_media":0,"parent":0,"menu_order":0,"comment_status":"closed","ping_status":"closed","template":"","meta":{"_acf_changed":false,"footnotes":""},"class_list":["post-812","page","type-page","status-publish","hentry"],"acf":[],"yoast_head":"<!-- This site is optimized with the Yoast SEO plugin v27.4 - https:\/\/yoast.com\/product\/yoast-seo-wordpress\/ -->\n<title>Les valeurs - Berthoud<\/title>\n<meta name=\"robots\" content=\"index, follow, max-snippet:-1, max-image-preview:large, max-video-preview:-1\" \/>\n<link rel=\"canonical\" href=\"https:\/\/www.berthoud.fr\/fr\/valeurs\/\" \/>\n<meta property=\"og:locale\" content=\"fr_FR\" \/>\n<meta property=\"og:type\" content=\"article\" \/>\n<meta property=\"og:title\" content=\"Les valeurs - Berthoud\" \/>\n<meta property=\"og:url\" content=\"https:\/\/www.berthoud.fr\/fr\/valeurs\/\" \/>\n<meta property=\"og:site_name\" content=\"Berthoud\" \/>\n<meta property=\"article:modified_time\" content=\"2017-04-26T15:57:51+00:00\" \/>\n<meta name=\"twitter:card\" content=\"summary_large_image\" \/>\n<meta name=\"twitter:label1\" content=\"Dur\u00e9e de lecture estim\u00e9e\" \/>\n\t<meta name=\"twitter:data1\" content=\"5 minutes\" \/>\n<script type=\"application\/ld+json\" class=\"yoast-schema-graph\">{\"@context\":\"https:\\\/\\\/schema.org\",\"@graph\":[{\"@type\":\"WebPage\",\"@id\":\"https:\\\/\\\/www.berthoud.fr\\\/fr\\\/valeurs\\\/\",\"url\":\"https:\\\/\\\/www.berthoud.fr\\\/fr\\\/valeurs\\\/\",\"name\":\"Les valeurs - Berthoud\",\"isPartOf\":{\"@id\":\"https:\\\/\\\/www.berthoud.fr\\\/fr\\\/#website\"},\"datePublished\":\"2016-12-22T16:45:52+00:00\",\"dateModified\":\"2017-04-26T15:57:51+00:00\",\"breadcrumb\":{\"@id\":\"https:\\\/\\\/www.berthoud.fr\\\/fr\\\/valeurs\\\/#breadcrumb\"},\"inLanguage\":\"fr-FR\",\"potentialAction\":[{\"@type\":\"ReadAction\",\"target\":[\"https:\\\/\\\/www.berthoud.fr\\\/fr\\\/valeurs\\\/\"]}]},{\"@type\":\"BreadcrumbList\",\"@id\":\"https:\\\/\\\/www.berthoud.fr\\\/fr\\\/valeurs\\\/#breadcrumb\",\"itemListElement\":[{\"@type\":\"ListItem\",\"position\":1,\"name\":\"Accueil\",\"item\":\"https:\\\/\\\/www.berthoud.fr\\\/fr\\\/accueil-2\\\/\"},{\"@type\":\"ListItem\",\"position\":2,\"name\":\"Les valeurs\"}]},{\"@type\":\"WebSite\",\"@id\":\"https:\\\/\\\/www.berthoud.fr\\\/fr\\\/#website\",\"url\":\"https:\\\/\\\/www.berthoud.fr\\\/fr\\\/\",\"name\":\"Berthoud\",\"description\":\"Pulv\u00e9risateur et pompe de jardin\",\"potentialAction\":[{\"@type\":\"SearchAction\",\"target\":{\"@type\":\"EntryPoint\",\"urlTemplate\":\"https:\\\/\\\/www.berthoud.fr\\\/fr\\\/?s={search_term_string}\"},\"query-input\":{\"@type\":\"PropertyValueSpecification\",\"valueRequired\":true,\"valueName\":\"search_term_string\"}}],\"inLanguage\":\"fr-FR\"}]}<\/script>\n<!-- \/ Yoast SEO plugin. -->","yoast_head_json":{"title":"Les valeurs - Berthoud","robots":{"index":"index","follow":"follow","max-snippet":"max-snippet:-1","max-image-preview":"max-image-preview:large","max-video-preview":"max-video-preview:-1"},"canonical":"https:\/\/www.berthoud.fr\/fr\/valeurs\/","og_locale":"fr_FR","og_type":"article","og_title":"Les valeurs - Berthoud","og_url":"https:\/\/www.berthoud.fr\/fr\/valeurs\/","og_site_name":"Berthoud","article_modified_time":"2017-04-26T15:57:51+00:00","twitter_card":"summary_large_image","twitter_misc":{"Dur\u00e9e de lecture estim\u00e9e":"5 minutes"},"schema":{"@context":"https:\/\/schema.org","@graph":[{"@type":"WebPage","@id":"https:\/\/www.berthoud.fr\/fr\/valeurs\/","url":"https:\/\/www.berthoud.fr\/fr\/valeurs\/","name":"Les valeurs - Berthoud","isPartOf":{"@id":"https:\/\/www.berthoud.fr\/fr\/#website"},"datePublished":"2016-12-22T16:45:52+00:00","dateModified":"2017-04-26T15:57:51+00:00","breadcrumb":{"@id":"https:\/\/www.berthoud.fr\/fr\/valeurs\/#breadcrumb"},"inLanguage":"fr-FR","potentialAction":[{"@type":"ReadAction","target":["https:\/\/www.berthoud.fr\/fr\/valeurs\/"]}]},{"@type":"BreadcrumbList","@id":"https:\/\/www.berthoud.fr\/fr\/valeurs\/#breadcrumb","itemListElement":[{"@type":"ListItem","position":1,"name":"Accueil","item":"https:\/\/www.berthoud.fr\/fr\/accueil-2\/"},{"@type":"ListItem","position":2,"name":"Les valeurs"}]},{"@type":"WebSite","@id":"https:\/\/www.berthoud.fr\/fr\/#website","url":"https:\/\/www.berthoud.fr\/fr\/","name":"Berthoud","description":"Pulv\u00e9risateur et pompe de jardin","potentialAction":[{"@type":"SearchAction","target":{"@type":"EntryPoint","urlTemplate":"https:\/\/www.berthoud.fr\/fr\/?s={search_term_string}"},"query-input":{"@type":"PropertyValueSpecification","valueRequired":true,"valueName":"search_term_string"}}],"inLanguage":"fr-FR"}]}},"_links":{"self":[{"href":"https:\/\/www.berthoud.fr\/fr\/wp-json\/wp\/v2\/pages\/812","targetHints":{"allow":["GET"]}}],"collection":[{"href":"https:\/\/www.berthoud.fr\/fr\/wp-json\/wp\/v2\/pages"}],"about":[{"href":"https:\/\/www.berthoud.fr\/fr\/wp-json\/wp\/v2\/types\/page"}],"author":[{"embeddable":true,"href":"https:\/\/www.berthoud.fr\/fr\/wp-json\/wp\/v2\/users\/4"}],"replies":[{"embeddable":true,"href":"https:\/\/www.berthoud.fr\/fr\/wp-json\/wp\/v2\/comments?post=812"}],"version-history":[{"count":30,"href":"https:\/\/www.berthoud.fr\/fr\/wp-json\/wp\/v2\/pages\/812\/revisions"}],"predecessor-version":[{"id":2709,"href":"https:\/\/www.berthoud.fr\/fr\/wp-json\/wp\/v2\/pages\/812\/revisions\/2709"}],"wp:attachment":[{"href":"https:\/\/www.berthoud.fr\/fr\/wp-json\/wp\/v2\/media?parent=812"}],"curies":[{"name":"wp","href":"https:\/\/api.w.org\/{rel}","templated":true}]}}