{"id":809,"date":"2016-12-22T17:45:04","date_gmt":"2016-12-22T16:45:04","guid":{"rendered":"https:\/\/www.berthoud.fr\/?page_id=809"},"modified":"2022-07-08T10:37:01","modified_gmt":"2022-07-08T09:37:01","slug":"le-groupe","status":"publish","type":"page","link":"https:\/\/www.berthoud.fr\/fr\/le-groupe\/","title":{"rendered":"Le groupe"},"content":{"rendered":"\n<style type=\"text\/css\" data-created_by=\"avia_inline_auto\" id=\"style-css-av-36ga3l-a19a42b148c71bdd5802d03f0ca609c7\">\n.avia-section.av-36ga3l-a19a42b148c71bdd5802d03f0ca609c7 .av-parallax .av-parallax-inner{\nbackground-repeat:no-repeat;\nbackground-image:url(https:\/\/www.berthoud.fr\/wp-content\/uploads\/sites\/2\/2016\/12\/RUBRIQUETECNOMA_Legroupe2_1030x686.jpg);\nbackground-position:50% 50%;\nbackground-attachment:scroll;\n}\n.avia-section.av-36ga3l-a19a42b148c71bdd5802d03f0ca609c7 .av-section-color-overlay{\nopacity:0.2;\nbackground-color:#eda428;\n}\n<\/style>\n<div id='av_section_1'  class='avia-section av-36ga3l-a19a42b148c71bdd5802d03f0ca609c7 main_color avia-section-huge avia-no-border-styling  avia-builder-el-0  el_before_av_one_half  avia-builder-el-first  avia-full-stretch av-parallax-section avia-bg-style-parallax av-section-color-overlay-active  av-minimum-height av-minimum-height-25  container_wrap fullsize'  data-section-bg-repeat='stretch' data-av_minimum_height_pc='25'><div class='av-parallax' data-avia-parallax-ratio='0.3' ><div class='av-parallax-inner main_color avia-full-stretch'><\/div><\/div><div class='av-section-color-overlay-wrap'><div class=\"av-section-color-overlay\"><\/div><a href='#next-section' title='' class='scroll-down-link ' aria-hidden='true' data-av_icon='\ue877' data-av_iconfont='entypo-fontello'><\/a><div class='container av-section-cont-open' ><main  role=\"main\" itemprop=\"mainContentOfPage\"  class='template-page content  av-content-full alpha units'><div class='post-entry post-entry-type-page post-entry-809'><div class='entry-content-wrapper clearfix'>\n\n<style type=\"text\/css\" data-created_by=\"avia_inline_auto\" id=\"style-css-av-343g35-bd6055b5a65aec9b900800f86809fdae\">\n#top .av-special-heading.av-343g35-bd6055b5a65aec9b900800f86809fdae{\npadding-bottom:10px;\ncolor:#ffffff;\n}\n.av-special-heading.av-343g35-bd6055b5a65aec9b900800f86809fdae .special-heading-inner-border{\nborder-color:#ffffff;\n}\n<\/style>\n<div  class='av-special-heading av-343g35-bd6055b5a65aec9b900800f86809fdae av-special-heading-h1 custom-color-heading blockquote modern-quote modern-centered  avia-builder-el-1  avia-builder-el-no-sibling  '><h1 class='av-special-heading-tag '  itemprop=\"headline\"  >Le groupe<\/h1><div class='special-heading-border'><div class='special-heading-inner-border'><\/div><\/div><\/div>\n<\/div><\/div><\/main><!-- close content main element --><\/div><\/div><\/div><div id='after_section_1'  class='main_color av_default_container_wrap container_wrap fullsize'  ><div class='container av-section-cont-open' ><div class='template-page content  av-content-full alpha units'><div class='post-entry post-entry-type-page post-entry-809'><div class='entry-content-wrapper clearfix'>\n\n<style type=\"text\/css\" data-created_by=\"avia_inline_auto\" id=\"style-css-av-2wdpmp-c9355ba3220703a4e7b697867321b78b\">\n.flex_column.av-2wdpmp-c9355ba3220703a4e7b697867321b78b{\nborder-radius:0px 0px 0px 0px;\n-webkit-border-radius:0px 0px 0px 0px;\n-moz-border-radius:0px 0px 0px 0px;\n}\n<\/style>\n<div class='flex_column av-2wdpmp-c9355ba3220703a4e7b697867321b78b av_one_half  avia-builder-el-2  el_after_av_section  el_before_av_one_half  avia-builder-el-first  first flex_column_div av-zero-column-padding '   ><p>\n<style type=\"text\/css\" data-created_by=\"avia_inline_auto\" id=\"style-css-av-l0c5lgkz-b6a674f1e599f33b0f8d319721b2a1fb\">\n.avia-image-container.av-l0c5lgkz-b6a674f1e599f33b0f8d319721b2a1fb .av-image-caption-overlay-center{\ncolor:#ffffff;\n}\n<\/style>\n<div  class='avia-image-container av-l0c5lgkz-b6a674f1e599f33b0f8d319721b2a1fb av-styling- avia-align-center  avia-builder-el-3  el_before_av_textblock  avia-builder-el-first  '  itemprop=\"image\" itemscope=\"itemscope\" itemtype=\"https:\/\/schema.org\/ImageObject\" ><div class=\"avia-image-container-inner\"><div class=\"avia-image-overlay-wrap\"><img decoding=\"async\" class='wp-image-5045 avia-img-lazy-loading-not-5045 avia_image' src=\"https:\/\/www.berthoud.fr\/wp-content\/uploads\/sites\/2\/2022\/07\/EXEL_Organigramme_Principales_marques.png\" alt='' title='EXEL_Organigramme_Principales_marques'  height=\"722\" width=\"722\"  itemprop=\"thumbnailUrl\" srcset=\"https:\/\/www.berthoud.fr\/wp-content\/uploads\/sites\/2\/2022\/07\/EXEL_Organigramme_Principales_marques.png 722w, https:\/\/www.berthoud.fr\/wp-content\/uploads\/sites\/2\/2022\/07\/EXEL_Organigramme_Principales_marques-300x300.png 300w, https:\/\/www.berthoud.fr\/wp-content\/uploads\/sites\/2\/2022\/07\/EXEL_Organigramme_Principales_marques-80x80.png 80w, https:\/\/www.berthoud.fr\/wp-content\/uploads\/sites\/2\/2022\/07\/EXEL_Organigramme_Principales_marques-36x36.png 36w, https:\/\/www.berthoud.fr\/wp-content\/uploads\/sites\/2\/2022\/07\/EXEL_Organigramme_Principales_marques-180x180.png 180w, https:\/\/www.berthoud.fr\/wp-content\/uploads\/sites\/2\/2022\/07\/EXEL_Organigramme_Principales_marques-705x705.png 705w, https:\/\/www.berthoud.fr\/wp-content\/uploads\/sites\/2\/2022\/07\/EXEL_Organigramme_Principales_marques-100x100.png 100w, https:\/\/www.berthoud.fr\/wp-content\/uploads\/sites\/2\/2022\/07\/EXEL_Organigramme_Principales_marques-450x450.png 450w\" sizes=\"(max-width: 722px) 100vw, 722px\" \/><\/div><\/div><\/div><br \/>\n<section class=\"av_textblock_section \"  itemscope=\"itemscope\" itemtype=\"https:\/\/schema.org\/CreativeWork\" ><div class='avia_textblock  '   itemprop=\"text\" ><p style=\"text-align: center\">Pour en savoir plus sur notre Groupe<\/p>\n<p style=\"text-align: center\"><a href=\"http:\/\/www.exel-industries.com\/fr\/index.php\" target=\"_blank\" rel=\"noopener noreferrer\">www.exel-industries.com<\/a><\/p>\n<\/div><\/section><\/p><\/div>\n<style type=\"text\/css\" data-created_by=\"avia_inline_auto\" id=\"style-css-av-2lho7d-05f79adc6938bcdf23fdca437f6e8f1f\">\n.flex_column.av-2lho7d-05f79adc6938bcdf23fdca437f6e8f1f{\nborder-radius:0px 0px 0px 0px;\n-webkit-border-radius:0px 0px 0px 0px;\n-moz-border-radius:0px 0px 0px 0px;\n}\n<\/style>\n<div class='flex_column av-2lho7d-05f79adc6938bcdf23fdca437f6e8f1f av_one_half  avia-builder-el-5  el_after_av_one_half  el_before_av_layout_row  avia-builder-el-last  flex_column_div av-zero-column-padding '   ><p>\n<style type=\"text\/css\" data-created_by=\"avia_inline_auto\" id=\"style-css-av-2fvurt-47d5afc9a6edff26ba46d7031c74f90c\">\n#top .av-special-heading.av-2fvurt-47d5afc9a6edff26ba46d7031c74f90c{\npadding-bottom:10px;\n}\n<\/style>\n<div  class='av-special-heading av-2fvurt-47d5afc9a6edff26ba46d7031c74f90c av-special-heading-h2 blockquote modern-quote  avia-builder-el-6  el_before_av_textblock  avia-builder-el-first  '><h2 class='av-special-heading-tag '  itemprop=\"headline\"  >Un groupe leader mondial<\/h2><div class='special-heading-border'><div class='special-heading-inner-border'><\/div><\/div><\/div><br \/>\n<section class=\"av_textblock_section \"  itemscope=\"itemscope\" itemtype=\"https:\/\/schema.org\/CreativeWork\" ><div class='avia_textblock  '   itemprop=\"text\" ><p>EXEL Industries est un groupe familial fran\u00e7ais, dont l\u2019ambition est de concevoir, fabriquer et commercialiser des biens d\u2019\u00e9quipement et services associ\u00e9s qui permettent \u00e0 ses clients de gagner en efficacit\u00e9, en productivit\u00e9, tout en contribuant au plaisir de vivre, et d\u2019atteindre leurs objectifs environnementaux et soci\u00e9taux.<\/p>\n<p><strong>La culture de l\u2019innovation<\/strong><\/p>\n<p>Port\u00e9 par une strat\u00e9gie d\u2019innovation depuis plus de 70 ans, EXEL Industries a fond\u00e9 son d\u00e9veloppement sur des id\u00e9es innovantes afin d\u2019offrir \u00e0 ses clients des produits uniques, efficaces, comp\u00e9titifs et faciles \u00e0 utiliser.<br \/>\nAfin de prot\u00e9ger ses innovations, EXEL Industries d\u00e9pose r\u00e9guli\u00e8rement des brevets, 1 867 sont actifs dans de nombreux pays.<\/p>\n<p><strong>Une organisation multimarques et multir\u00e9seaux<\/strong><\/p>\n<p>EXEL Industries propose une large gamme de produits et utilise la diversit\u00e9 des r\u00e9seaux de distribution pour mieux couvrir et r\u00e9pondre \u00e0 l\u2019ensemble du march\u00e9.<\/p>\n<p><strong>Une dynamique de croissance<\/strong><\/p>\n<p>Depuis sa cr\u00e9ation, le Groupe a connu une croissance interne et externe importante sur chacun de ses march\u00e9s, fort d\u2019un actionnariat stable guid\u00e9 par une strat\u00e9gie de d\u00e9veloppement \u00e0 long terme.<br \/>\n\u2013 N\u00b01 mondial dans la protection des v\u00e9g\u00e9taux<br \/>\n\u2013 N\u00b03 mondial dans la protection des mat\u00e9riaux<br \/>\n\u2013 3 546 collaborateurs, dont 40% \u00e0 l\u2019\u00e9tranger<br \/>\n\u2013 Filiales implant\u00e9es dans 27 pays, sur tous les continents<br \/>\n\u2013 48 sites industriels, dont 38 en Europe<br \/>\n\u2013 Plus de 1 867 brevets actifs d\u00e9pos\u00e9s dans de nombreux pays<\/p>\n<\/div><\/section><br \/>\n\n<style type=\"text\/css\" data-created_by=\"avia_inline_auto\" id=\"style-css-sub-av-244801-9b56a112fe9573e6e31fe4d42d24d509\">\n#top .avia-progress-bar-container .avia-progress-bar.av-1v5pnt-d5e0befff0c613e4e0a3dbf0f65beede .bar{\nwidth:100%;\n}\n#top .avia-progress-bar-container .avia-progress-bar.av-1shsq9-949b70d8d0842d2fb649386c086ba13d .bar{\nwidth:100%;\n}\n#top .avia-progress-bar-container .avia-progress-bar.av-1if0jl-e8759a380bb0a5a141c43b1b69dc8f13 .bar{\nwidth:100%;\n}\n<\/style>\n<div  class='avia-progress-bar-container av-244801-9b56a112fe9573e6e31fe4d42d24d509 av-flat-bar av-animated-bar avia_animate_when_almost_visible  avia-builder-el-8  el_after_av_textblock  avia-builder-el-last  '><div class='avia-progress-bar av-1v5pnt-d5e0befff0c613e4e0a3dbf0f65beede theme-color-bar icon-bar-no theme-color-bar icon-bar-no'><div class=\"progressbar-title-wrap\"><div class='progressbar-icon'><span class='progressbar-char' aria-hidden='true' data-av_icon='\ue812' data-av_iconfont='entypo-fontello'><\/span><\/div><div class='progressbar-title'>N\u00b01 mondial dans la Protection des v\u00e9g\u00e9taux<\/div><\/div><div class=\"progress\"><div class=\"bar-outer\"><div class='bar' data-progress='100'><\/div><\/div><\/div><\/div><div class='avia-progress-bar av-1shsq9-949b70d8d0842d2fb649386c086ba13d theme-color-bar icon-bar-no theme-color-bar icon-bar-no'><div class=\"progressbar-title-wrap\"><div class='progressbar-icon'><span class='progressbar-char' aria-hidden='true' data-av_icon='\ue812' data-av_iconfont='entypo-fontello'><\/span><\/div><div class='progressbar-title'>Plus de 1 867 brevets actifs<\/div><\/div><div class=\"progress\"><div class=\"bar-outer\"><div class='bar' data-progress='100'><\/div><\/div><\/div><\/div><div class='avia-progress-bar av-1if0jl-e8759a380bb0a5a141c43b1b69dc8f13 green-bar icon-bar-no green-bar icon-bar-no'><div class=\"progressbar-title-wrap\"><div class='progressbar-icon'><span class='progressbar-char' aria-hidden='true' data-av_icon='\ue812' data-av_iconfont='entypo-fontello'><\/span><\/div><div class='progressbar-title'>3 546 employ\u00e9s r\u00e9partis dans 27 pays<\/div><\/div><div class=\"progress\"><div class=\"bar-outer\"><div class='bar' data-progress='100'><\/div><\/div><\/div><\/div><\/div><\/p><\/div><\/p>\n<\/div><\/div><\/div><!-- close content main div --><\/div><\/div><div id='av-layout-grid-1'  class='av-layout-grid-container entry-content-wrapper main_color av-flex-cells     avia-builder-el-9  el_after_av_one_half  el_before_av_section  submenu-not-first container_wrap fullsize'  >\n<div class=\"flex_cell no_margin av_one_half  avia-builder-el-10  el_before_av_cell_one_half  avia-builder-el-first   avia-full-stretch \"  style='height:500px; min-height:500px;background:url(https:\/\/www.berthoud.fr\/wp-content\/uploads\/sites\/2\/2016\/12\/groupe-3.jpg) center left no-repeat scroll; vertical-align:middle; padding:50px; ' ><div class='flex_cell_inner' ><\/div><\/div><div class=\"flex_cell no_margin av_one_half  avia-builder-el-11  el_after_av_cell_one_half  avia-builder-el-last   \"  style='height:500px; min-height:500px;vertical-align:middle; padding:4%; background-color:#f8f4f3; ' ><div class='flex_cell_inner' ><p>\n<style type=\"text\/css\" data-created_by=\"avia_inline_auto\" id=\"style-css-av-vpo5t-2f9a26bd072e6c46b5902cc107ee3968\">\n#top .av-special-heading.av-vpo5t-2f9a26bd072e6c46b5902cc107ee3968{\npadding-bottom:10px;\nfont-size:30px;\n}\n<\/style>\n<div  class='av-special-heading av-vpo5t-2f9a26bd072e6c46b5902cc107ee3968 av-special-heading-h2 blockquote modern-quote  avia-builder-el-12  el_before_av_hr  avia-builder-el-first  av-inherit-size '><h2 class='av-special-heading-tag '  itemprop=\"headline\"  >L\u2019innovation, un des piliers de la croissance<\/h2><div class='special-heading-border'><div class='special-heading-inner-border'><\/div><\/div><\/div><br \/>\n\n<style type=\"text\/css\" data-created_by=\"avia_inline_auto\" id=\"style-css-av-sejkx-5c9b9a9f60771f0f5180b9033736b224\">\n#top .hr.av-sejkx-5c9b9a9f60771f0f5180b9033736b224{\nmargin-top:30px;\nmargin-bottom:30px;\n}\n.hr.av-sejkx-5c9b9a9f60771f0f5180b9033736b224 .hr-inner{\nwidth:50px;\n}\n<\/style>\n<div  class='hr av-sejkx-5c9b9a9f60771f0f5180b9033736b224 hr-custom  avia-builder-el-13  el_after_av_heading  el_before_av_textblock  hr-left hr-icon-no '><span class='hr-inner inner-border-av-border-fat'><span class=\"hr-inner-style\"><\/span><\/span><\/div><br \/>\n<section class=\"av_textblock_section \"  itemscope=\"itemscope\" itemtype=\"https:\/\/schema.org\/CreativeWork\" ><div class='avia_textblock  '   itemprop=\"text\" ><p>Depuis toujours, nous nous sommes attach\u00e9s \u00e0 innover et \u00e0 faire r\u00e9guli\u00e8rement \u00e9voluer nos produits.<\/p>\n<p>La Recherche &amp; D\u00e9veloppement mobilise d&rsquo;importantes ressources humaines (6% de l&rsquo;effectif) et financi\u00e8res (4% du chiffre d&rsquo;affaires). Pilier de la culture du Groupe, elle est un des moteurs de notre croissance et de notre r\u00e9ussite.<\/p>\n<p>Etant souvent des pr\u00e9curseurs, il n&rsquo;est d&rsquo;ailleurs pas rare qu&rsquo;un produit \u00e9labor\u00e9 par nos \u00e9quipes devienne progressivement un standard du m\u00e9tier.<\/p>\n<\/div><\/section><\/p>\n<\/div><\/div>\n<\/div>\n\n<style type=\"text\/css\" data-created_by=\"avia_inline_auto\" id=\"style-css-av-dv4zl-f5cd1977208a4285c66e194a3078e20f\">\n.avia-section.av-dv4zl-f5cd1977208a4285c66e194a3078e20f .av-parallax .av-parallax-inner{\nbackground-repeat:no-repeat;\nbackground-image:url(https:\/\/www.berthoud.fr\/wp-content\/uploads\/sites\/2\/2017\/02\/ble.jpg);\nbackground-position:50% 0%;\nbackground-attachment:scroll;\n}\n.avia-section.av-dv4zl-f5cd1977208a4285c66e194a3078e20f .av-section-color-overlay{\nopacity:0.4;\nbackground-color:#619714;\n}\n<\/style>\n<div id='sign-up'  class='avia-section av-dv4zl-f5cd1977208a4285c66e194a3078e20f main_color avia-section-default avia-no-shadow  avia-builder-el-15  el_after_av_layout_row  avia-builder-el-last  avia-full-stretch av-parallax-section avia-bg-style-parallax av-section-color-overlay-active  container_wrap fullsize'  data-section-bg-repeat='stretch'><div class='av-parallax' data-avia-parallax-ratio='0.3' ><div class='av-parallax-inner main_color avia-full-stretch'><\/div><\/div><div class='av-section-color-overlay-wrap'><div class=\"av-section-color-overlay\"><\/div><div class='container av-section-cont-open' ><div class='template-page content  av-content-full alpha units'><div class='post-entry post-entry-type-page post-entry-809'><div class='entry-content-wrapper clearfix'>\n\n<style type=\"text\/css\" data-created_by=\"avia_inline_auto\" id=\"style-css-av-9io9t-21625ccf0afc28459701c791e283fbd8\">\n#top .av-special-heading.av-9io9t-21625ccf0afc28459701c791e283fbd8{\npadding-bottom:10px;\ncolor:#ffffff;\nfont-size:30px;\n}\n.av-special-heading.av-9io9t-21625ccf0afc28459701c791e283fbd8 .special-heading-inner-border{\nborder-color:#ffffff;\n}\n<\/style>\n<div  class='av-special-heading av-9io9t-21625ccf0afc28459701c791e283fbd8 av-special-heading-h3 custom-color-heading blockquote modern-quote modern-centered  avia-builder-el-16  avia-builder-el-no-sibling  av-inherit-size '><h3 class='av-special-heading-tag '  itemprop=\"headline\"  >Fabricant de pulv\u00e9risateurs depuis 1895<\/h3><div class='special-heading-border'><div class='special-heading-inner-border'><\/div><\/div><\/div>\n\n","protected":false},"excerpt":{"rendered":"","protected":false},"author":4,"featured_media":0,"parent":0,"menu_order":0,"comment_status":"closed","ping_status":"closed","template":"","meta":{"_acf_changed":false,"footnotes":""},"class_list":["post-809","page","type-page","status-publish","hentry"],"acf":[],"yoast_head":"<!-- This site is optimized with the Yoast SEO plugin v27.5 - https:\/\/yoast.com\/product\/yoast-seo-wordpress\/ -->\n<title>Le groupe - Berthoud<\/title>\n<meta name=\"robots\" content=\"index, follow, max-snippet:-1, max-image-preview:large, max-video-preview:-1\" \/>\n<link rel=\"canonical\" href=\"https:\/\/www.berthoud.fr\/fr\/le-groupe\/\" \/>\n<meta property=\"og:locale\" content=\"fr_FR\" \/>\n<meta property=\"og:type\" content=\"article\" \/>\n<meta property=\"og:title\" content=\"Le groupe - Berthoud\" \/>\n<meta property=\"og:url\" content=\"https:\/\/www.berthoud.fr\/fr\/le-groupe\/\" \/>\n<meta property=\"og:site_name\" content=\"Berthoud\" \/>\n<meta property=\"article:modified_time\" content=\"2022-07-08T09:37:01+00:00\" \/>\n<meta name=\"twitter:card\" content=\"summary_large_image\" \/>\n<meta name=\"twitter:label1\" content=\"Dur\u00e9e de lecture estim\u00e9e\" \/>\n\t<meta name=\"twitter:data1\" content=\"2 minutes\" \/>\n<script type=\"application\/ld+json\" class=\"yoast-schema-graph\">{\"@context\":\"https:\\\/\\\/schema.org\",\"@graph\":[{\"@type\":\"WebPage\",\"@id\":\"https:\\\/\\\/www.berthoud.fr\\\/fr\\\/le-groupe\\\/\",\"url\":\"https:\\\/\\\/www.berthoud.fr\\\/fr\\\/le-groupe\\\/\",\"name\":\"Le groupe - Berthoud\",\"isPartOf\":{\"@id\":\"https:\\\/\\\/www.berthoud.fr\\\/fr\\\/#website\"},\"datePublished\":\"2016-12-22T16:45:04+00:00\",\"dateModified\":\"2022-07-08T09:37:01+00:00\",\"breadcrumb\":{\"@id\":\"https:\\\/\\\/www.berthoud.fr\\\/fr\\\/le-groupe\\\/#breadcrumb\"},\"inLanguage\":\"fr-FR\",\"potentialAction\":[{\"@type\":\"ReadAction\",\"target\":[\"https:\\\/\\\/www.berthoud.fr\\\/fr\\\/le-groupe\\\/\"]}]},{\"@type\":\"BreadcrumbList\",\"@id\":\"https:\\\/\\\/www.berthoud.fr\\\/fr\\\/le-groupe\\\/#breadcrumb\",\"itemListElement\":[{\"@type\":\"ListItem\",\"position\":1,\"name\":\"Accueil\",\"item\":\"https:\\\/\\\/www.berthoud.fr\\\/fr\\\/accueil-2\\\/\"},{\"@type\":\"ListItem\",\"position\":2,\"name\":\"Le groupe\"}]},{\"@type\":\"WebSite\",\"@id\":\"https:\\\/\\\/www.berthoud.fr\\\/fr\\\/#website\",\"url\":\"https:\\\/\\\/www.berthoud.fr\\\/fr\\\/\",\"name\":\"Berthoud\",\"description\":\"Pulv\u00e9risateur et pompe de jardin\",\"potentialAction\":[{\"@type\":\"SearchAction\",\"target\":{\"@type\":\"EntryPoint\",\"urlTemplate\":\"https:\\\/\\\/www.berthoud.fr\\\/fr\\\/?s={search_term_string}\"},\"query-input\":{\"@type\":\"PropertyValueSpecification\",\"valueRequired\":true,\"valueName\":\"search_term_string\"}}],\"inLanguage\":\"fr-FR\"}]}<\/script>\n<!-- \/ Yoast SEO plugin. -->","yoast_head_json":{"title":"Le groupe - Berthoud","robots":{"index":"index","follow":"follow","max-snippet":"max-snippet:-1","max-image-preview":"max-image-preview:large","max-video-preview":"max-video-preview:-1"},"canonical":"https:\/\/www.berthoud.fr\/fr\/le-groupe\/","og_locale":"fr_FR","og_type":"article","og_title":"Le groupe - Berthoud","og_url":"https:\/\/www.berthoud.fr\/fr\/le-groupe\/","og_site_name":"Berthoud","article_modified_time":"2022-07-08T09:37:01+00:00","twitter_card":"summary_large_image","twitter_misc":{"Dur\u00e9e de lecture estim\u00e9e":"2 minutes"},"schema":{"@context":"https:\/\/schema.org","@graph":[{"@type":"WebPage","@id":"https:\/\/www.berthoud.fr\/fr\/le-groupe\/","url":"https:\/\/www.berthoud.fr\/fr\/le-groupe\/","name":"Le groupe - Berthoud","isPartOf":{"@id":"https:\/\/www.berthoud.fr\/fr\/#website"},"datePublished":"2016-12-22T16:45:04+00:00","dateModified":"2022-07-08T09:37:01+00:00","breadcrumb":{"@id":"https:\/\/www.berthoud.fr\/fr\/le-groupe\/#breadcrumb"},"inLanguage":"fr-FR","potentialAction":[{"@type":"ReadAction","target":["https:\/\/www.berthoud.fr\/fr\/le-groupe\/"]}]},{"@type":"BreadcrumbList","@id":"https:\/\/www.berthoud.fr\/fr\/le-groupe\/#breadcrumb","itemListElement":[{"@type":"ListItem","position":1,"name":"Accueil","item":"https:\/\/www.berthoud.fr\/fr\/accueil-2\/"},{"@type":"ListItem","position":2,"name":"Le groupe"}]},{"@type":"WebSite","@id":"https:\/\/www.berthoud.fr\/fr\/#website","url":"https:\/\/www.berthoud.fr\/fr\/","name":"Berthoud","description":"Pulv\u00e9risateur et pompe de jardin","potentialAction":[{"@type":"SearchAction","target":{"@type":"EntryPoint","urlTemplate":"https:\/\/www.berthoud.fr\/fr\/?s={search_term_string}"},"query-input":{"@type":"PropertyValueSpecification","valueRequired":true,"valueName":"search_term_string"}}],"inLanguage":"fr-FR"}]}},"_links":{"self":[{"href":"https:\/\/www.berthoud.fr\/fr\/wp-json\/wp\/v2\/pages\/809","targetHints":{"allow":["GET"]}}],"collection":[{"href":"https:\/\/www.berthoud.fr\/fr\/wp-json\/wp\/v2\/pages"}],"about":[{"href":"https:\/\/www.berthoud.fr\/fr\/wp-json\/wp\/v2\/types\/page"}],"author":[{"embeddable":true,"href":"https:\/\/www.berthoud.fr\/fr\/wp-json\/wp\/v2\/users\/4"}],"replies":[{"embeddable":true,"href":"https:\/\/www.berthoud.fr\/fr\/wp-json\/wp\/v2\/comments?post=809"}],"version-history":[{"count":26,"href":"https:\/\/www.berthoud.fr\/fr\/wp-json\/wp\/v2\/pages\/809\/revisions"}],"predecessor-version":[{"id":5278,"href":"https:\/\/www.berthoud.fr\/fr\/wp-json\/wp\/v2\/pages\/809\/revisions\/5278"}],"wp:attachment":[{"href":"https:\/\/www.berthoud.fr\/fr\/wp-json\/wp\/v2\/media?parent=809"}],"curies":[{"name":"wp","href":"https:\/\/api.w.org\/{rel}","templated":true}]}}