{"id":609,"date":"2015-03-03T02:10:42","date_gmt":"2015-03-03T02:10:42","guid":{"rendered":"http:\/\/wp\/enfold-shop\/?page_id=76"},"modified":"2019-03-01T16:43:41","modified_gmt":"2019-03-01T15:43:41","slug":"contact","status":"publish","type":"page","link":"https:\/\/www.berthoud.fr\/fr\/contact\/","title":{"rendered":"Contact"},"content":{"rendered":"\n<style type=\"text\/css\" data-created_by=\"avia_inline_auto\" id=\"style-css-av-av_section-a3a8a3f07b4e8a2710850c887c0aab14\">\n.avia-section.av-av_section-a3a8a3f07b4e8a2710850c887c0aab14 .av-parallax .av-parallax-inner{\nbackground-repeat:no-repeat;\nbackground-image:url(https:\/\/www.berthoud.fr\/wp-content\/uploads\/sites\/2\/2016\/12\/sav.jpg);\nbackground-position:50% 100%;\nbackground-attachment:scroll;\n}\n.avia-section.av-av_section-a3a8a3f07b4e8a2710850c887c0aab14 .av-section-color-overlay{\nopacity:0.2;\nbackground-color:#b9ca00;\n}\n<\/style>\n<div id='av_section_1'  class='avia-section av-av_section-a3a8a3f07b4e8a2710850c887c0aab14 main_color avia-section-huge avia-no-border-styling  avia-builder-el-0  el_before_av_layout_row  avia-builder-el-first  avia-full-stretch av-parallax-section avia-bg-style-parallax av-section-color-overlay-active  av-minimum-height av-minimum-height-25  container_wrap fullsize'  data-section-bg-repeat='stretch' data-av_minimum_height_pc='25'><div class='av-parallax' data-avia-parallax-ratio='0.3' ><div class='av-parallax-inner main_color avia-full-stretch'><\/div><\/div><div class='av-section-color-overlay-wrap'><div class=\"av-section-color-overlay\"><\/div><div class='container av-section-cont-open' ><main  role=\"main\" itemprop=\"mainContentOfPage\"  class='template-page content  av-content-full alpha units'><div class='post-entry post-entry-type-page post-entry-609'><div class='entry-content-wrapper clearfix'>\n\n<style type=\"text\/css\" data-created_by=\"avia_inline_auto\" id=\"style-css-av-av_heading-b897cf6ae624db78b09c0a182cf34334\">\n#top .av-special-heading.av-av_heading-b897cf6ae624db78b09c0a182cf34334{\npadding-bottom:10px;\ncolor:#ffffff;\n}\n.av-special-heading.av-av_heading-b897cf6ae624db78b09c0a182cf34334 .special-heading-inner-border{\nborder-color:#ffffff;\n}\n<\/style>\n<div  class='av-special-heading av-av_heading-b897cf6ae624db78b09c0a182cf34334 av-special-heading-h1 custom-color-heading blockquote modern-quote modern-centered  avia-builder-el-1  avia-builder-el-no-sibling  '><h1 class='av-special-heading-tag '  itemprop=\"headline\"  >CONTACTEZ-NOUS<\/h1><div class='special-heading-border'><div class='special-heading-inner-border'><\/div><\/div><\/div>\n\n<\/div><\/div><\/main><!-- close content main element --><\/div><\/div><\/div><div id='av-layout-grid-1'  class='av-layout-grid-container entry-content-wrapper alternate_color av-flex-cells     avia-builder-el-2  el_after_av_section  el_before_av_layout_row  submenu-not-first container_wrap fullsize'  >\n<div class=\"flex_cell no_margin av_one_half  avia-builder-el-3  el_before_av_cell_one_half  avia-builder-el-first   \"  style='height:500px; min-height:500px;vertical-align:middle; padding:4%; ' ><div class='flex_cell_inner' ><p>\n<style type=\"text\/css\" data-created_by=\"avia_inline_auto\" id=\"style-css-av-av_heading-0872fe082f142be392103ce96861a3e3\">\n#top .av-special-heading.av-av_heading-0872fe082f142be392103ce96861a3e3{\npadding-bottom:10px;\nfont-size:30px;\n}\n<\/style>\n<div  class='av-special-heading av-av_heading-0872fe082f142be392103ce96861a3e3 av-special-heading-h2 blockquote modern-quote  avia-builder-el-4  el_before_av_hr  avia-builder-el-first  av-inherit-size '><h2 class='av-special-heading-tag '  itemprop=\"headline\"  >Acc\u00e8s Professionnels<br \/>\nMagasins<\/h2><div class='special-heading-border'><div class='special-heading-inner-border'><\/div><\/div><\/div><br \/>\n\n<style type=\"text\/css\" data-created_by=\"avia_inline_auto\" id=\"style-css-av-av_hr-125677adc5a412197e704257ba4b8296\">\n#top .hr.av-av_hr-125677adc5a412197e704257ba4b8296{\nmargin-top:30px;\nmargin-bottom:30px;\n}\n.hr.av-av_hr-125677adc5a412197e704257ba4b8296 .hr-inner{\nwidth:50px;\n}\n<\/style>\n<div  class='hr av-av_hr-125677adc5a412197e704257ba4b8296 hr-custom  avia-builder-el-5  el_after_av_heading  el_before_av_textblock  hr-left hr-icon-no '><span class='hr-inner inner-border-av-border-fat'><span class=\"hr-inner-style\"><\/span><\/span><\/div><br \/>\n<section class=\"av_textblock_section \"  itemscope=\"itemscope\" itemtype=\"https:\/\/schema.org\/CreativeWork\" ><div class='avia_textblock  '   itemprop=\"text\" ><p style=\"text-align: left\">Vous \u00eates un professionnel et souhaitez rentrer en contact avec votre Service apr\u00e8s-vente<br \/>\nou tout simplement nous envoyer un message ?<\/p>\n<\/div><\/section><br \/>\n<div  class='avia-button-wrap avia-button-left  avia-builder-el-7  el_after_av_textblock  el_before_av_button ' ><a href='https:\/\/www.berthoud.fr\/fr\/contact\/contact-professionnel\/'  class='avia-button av-av_button-0fcf6337d0f20b36de61c35b45ea858e avia-icon_select-no avia-size-large avia-position-left avia-color-dark ' ><span class='avia_iconbox_title' >Nous contacter<\/span><\/a><\/div><br \/>\n<div  class='avia-button-wrap avia-button-left  avia-builder-el-8  el_after_av_button  avia-builder-el-last ' ><a href='https:\/\/www.berthoud.fr\/fr\/services\/sav-professionnels\/'  class='avia-button av-av_button-4c03a757bf1eb4ed59172dda088bad57 avia-icon_select-no avia-size-large avia-position-left avia-color-dark ' ><span class='avia_iconbox_title' >Contacter le SAV<\/span><\/a><\/div><\/p>\n<\/div><\/div><div class=\"flex_cell no_margin av_one_half  avia-builder-el-9  el_after_av_cell_one_half  avia-builder-el-last   avia-full-stretch \"  style='height:500px; min-height:500px;background:url(https:\/\/www.berthoud.fr\/wp-content\/uploads\/sites\/2\/2015\/03\/flowers-garden-1030x686.jpg) center center no-repeat scroll; vertical-align:top; padding:50px; ' ><div class='flex_cell_inner' ><\/div><\/div>\n<\/div>\n<div id='av-layout-grid-2'  class='av-layout-grid-container entry-content-wrapper main_color av-flex-cells     avia-builder-el-10  el_after_av_layout_row  el_before_av_section  submenu-not-first container_wrap fullsize'  >\n<div class=\"flex_cell no_margin av_one_half  avia-builder-el-11  el_before_av_cell_one_half  avia-builder-el-first   avia-full-stretch \"  style='height:500px; min-height:500px;background:url(https:\/\/www.berthoud.fr\/wp-content\/uploads\/sites\/2\/2015\/03\/watering-1030x773.jpg) center left no-repeat scroll; vertical-align:middle; padding:50px; ' ><div class='flex_cell_inner' ><\/div><\/div><div class=\"flex_cell no_margin av_one_half  avia-builder-el-12  el_after_av_cell_one_half  avia-builder-el-last   \"  style='height:500px; min-height:500px;vertical-align:middle; padding:4%; ' ><div class='flex_cell_inner' ><p>\n<style type=\"text\/css\" data-created_by=\"avia_inline_auto\" id=\"style-css-av-av_heading-16f13087555daed54f8c4952d6d58ab0\">\n#top .av-special-heading.av-av_heading-16f13087555daed54f8c4952d6d58ab0{\npadding-bottom:10px;\nfont-size:30px;\n}\n<\/style>\n<div  class='av-special-heading av-av_heading-16f13087555daed54f8c4952d6d58ab0 av-special-heading-h2 blockquote modern-quote  avia-builder-el-13  el_before_av_hr  avia-builder-el-first  av-inherit-size '><h2 class='av-special-heading-tag '  itemprop=\"headline\"  >Acc\u00e8s Particuliers<br \/>\nJournalistes<\/h2><div class='special-heading-border'><div class='special-heading-inner-border'><\/div><\/div><\/div><br \/>\n\n<style type=\"text\/css\" data-created_by=\"avia_inline_auto\" id=\"style-css-av-av_hr-125677adc5a412197e704257ba4b8296\">\n#top .hr.av-av_hr-125677adc5a412197e704257ba4b8296{\nmargin-top:30px;\nmargin-bottom:30px;\n}\n.hr.av-av_hr-125677adc5a412197e704257ba4b8296 .hr-inner{\nwidth:50px;\n}\n<\/style>\n<div  class='hr av-av_hr-125677adc5a412197e704257ba4b8296 hr-custom  avia-builder-el-14  el_after_av_heading  el_before_av_textblock  hr-left hr-icon-no '><span class='hr-inner inner-border-av-border-fat'><span class=\"hr-inner-style\"><\/span><\/span><\/div><br \/>\n<section class=\"av_textblock_section \"  itemscope=\"itemscope\" itemtype=\"https:\/\/schema.org\/CreativeWork\" ><div class='avia_textblock  '   itemprop=\"text\" ><section class=\"av_textblock_section\">\n<div class=\"avia_textblock \">\n<p>NOUS CONTACTER<\/p>\n<section class=\"av_textblock_section\">\n<div class=\"avia_textblock \">\n<p>Cliquez sur \u00ab\u00a0Nous contacter\u00a0\u00bb pour poser votre question, et nous reviendrons vers vous dans les meilleurs d\u00e9lais.<\/p>\n<p>SERVICE APR\u00c8S VENTE<\/p>\n<p>Nous ne vendons pas de produits ni de pi\u00e8ces d\u00e9tach\u00e9es en direct.<\/p>\n<p>Vous pouvez vous adresser directement \u00e0 nos distributeurs et revendeurs pour toute demande de ce type si votre produit est sous garantie.<\/p>\n<p>Voici la liste de nos principaux distributeurs :<\/p>\n<p><a href=\"https:\/\/www.berthoud.fr\/fr\/services\/points-de-vente\/\">https:\/\/www.berthoud.fr\/fr\/services\/points-de-vente\/<\/a><\/p>\n<p>Si votre produit n\u2018est plus sous garantie et que vous souhaitez acheter des pi\u00e8ces d\u00e9tach\u00e9es, vous pouvez<\/p>\n<p>soit vous adresser \u00e0 nos distributeurs et revendeurs<\/p>\n<p>soit contacter notre partenaire CTD <a href=\"http:\/\/www.ctd-pulverisation.com\/\">http:\/\/www.ctd-pulverisation.com\/<\/a> qui commercialise en direct nos pi\u00e8ces d\u00e9tach\u00e9es sur son site web\u00a0<a href=\"https:\/\/www.jardinmarket.com\">https:\/\/www.jardinmarket.com<\/a><\/p>\n<\/div>\n<\/section>\n<\/div>\n<\/section>\n<\/div><\/section><br \/>\n<div  class='avia-button-wrap avia-button-left  avia-builder-el-16  el_after_av_textblock  el_before_av_button ' ><a href='https:\/\/www.berthoud.fr\/fr\/contact\/contact-je-suis-un-particulier\/'  class='avia-button av-av_button-9cb6fb6a19bfdee5e16bfcbfcecde9c6 avia-icon_select-no avia-size-large avia-position-left avia-color-dark ' ><span class='avia_iconbox_title' >Nous contacter<\/span><\/a><\/div><br \/>\n<div  class='avia-button-wrap avia-button-left  avia-builder-el-17  el_after_av_button  avia-builder-el-last ' ><a href='https:\/\/www.berthoud.fr\/fr\/services\/points-de-vente\/'  class='avia-button av-av_button-5b33df5dbd432ef7811a61bbff1582e1 avia-icon_select-no avia-size-large avia-position-left avia-color-dark ' ><span class='avia_iconbox_title' >Distributeurs<\/span><\/a><\/div><\/p>\n<\/div><\/div><\/div>\n<style type=\"text\/css\" data-created_by=\"avia_inline_auto\" id=\"style-css-av-av_section-fd4b64e6a9dd6443c4249792ba08dac9\">\n.avia-section.av-av_section-fd4b64e6a9dd6443c4249792ba08dac9 .av-parallax .av-parallax-inner{\nbackground-repeat:no-repeat;\nbackground-image:url(https:\/\/www.berthoud.fr\/wp-content\/uploads\/sites\/2\/2017\/02\/ble.jpg);\nbackground-position:50% 0%;\nbackground-attachment:scroll;\n}\n.avia-section.av-av_section-fd4b64e6a9dd6443c4249792ba08dac9 .av-section-color-overlay{\nopacity:0.4;\nbackground-color:#619714;\n}\n<\/style>\n<div id='sign-up'  class='avia-section av-av_section-fd4b64e6a9dd6443c4249792ba08dac9 main_color avia-section-default avia-no-shadow  avia-builder-el-18  el_after_av_layout_row  avia-builder-el-last  avia-full-stretch av-parallax-section avia-bg-style-parallax av-section-color-overlay-active  container_wrap fullsize'  data-section-bg-repeat='stretch'><div class='av-parallax' data-avia-parallax-ratio='0.3' ><div class='av-parallax-inner main_color avia-full-stretch'><\/div><\/div><div class='av-section-color-overlay-wrap'><div class=\"av-section-color-overlay\"><\/div><div class='container av-section-cont-open' ><div class='template-page content  av-content-full alpha units'><div class='post-entry post-entry-type-page post-entry-609'><div class='entry-content-wrapper clearfix'>\n\n<style type=\"text\/css\" data-created_by=\"avia_inline_auto\" id=\"style-css-av-av_heading-b842a2839c57ed5f9a0729092a1a234d\">\n#top .av-special-heading.av-av_heading-b842a2839c57ed5f9a0729092a1a234d{\npadding-bottom:10px;\ncolor:#ffffff;\nfont-size:30px;\n}\n.av-special-heading.av-av_heading-b842a2839c57ed5f9a0729092a1a234d .special-heading-inner-border{\nborder-color:#ffffff;\n}\n<\/style>\n<div  class='av-special-heading av-av_heading-b842a2839c57ed5f9a0729092a1a234d av-special-heading-h3 custom-color-heading blockquote modern-quote modern-centered  avia-builder-el-19  avia-builder-el-no-sibling  av-inherit-size '><h3 class='av-special-heading-tag '  itemprop=\"headline\"  >Fabricant de pulv\u00e9risateurs depuis 1895<\/h3><div class='special-heading-border'><div class='special-heading-inner-border'><\/div><\/div><\/div>\n<\/p>\n","protected":false},"excerpt":{"rendered":"","protected":false},"author":4,"featured_media":0,"parent":0,"menu_order":0,"comment_status":"closed","ping_status":"open","template":"","meta":{"_acf_changed":false,"footnotes":""},"class_list":["post-609","page","type-page","status-publish","hentry"],"acf":[],"yoast_head":"<!-- This site is optimized with the Yoast SEO plugin v27.5 - https:\/\/yoast.com\/product\/yoast-seo-wordpress\/ -->\n<title>Contact - Berthoud<\/title>\n<meta name=\"robots\" content=\"index, follow, max-snippet:-1, max-image-preview:large, max-video-preview:-1\" \/>\n<link rel=\"canonical\" href=\"https:\/\/www.berthoud.fr\/fr\/contact\/\" \/>\n<meta property=\"og:locale\" content=\"fr_FR\" \/>\n<meta property=\"og:type\" content=\"article\" \/>\n<meta property=\"og:title\" content=\"Contact - Berthoud\" \/>\n<meta property=\"og:url\" content=\"https:\/\/www.berthoud.fr\/fr\/contact\/\" \/>\n<meta property=\"og:site_name\" content=\"Berthoud\" \/>\n<meta property=\"article:modified_time\" content=\"2019-03-01T15:43:41+00:00\" \/>\n<meta name=\"twitter:card\" content=\"summary_large_image\" \/>\n<meta name=\"twitter:label1\" content=\"Dur\u00e9e de lecture estim\u00e9e\" \/>\n\t<meta name=\"twitter:data1\" content=\"5 minutes\" \/>\n<script type=\"application\/ld+json\" class=\"yoast-schema-graph\">{\"@context\":\"https:\\\/\\\/schema.org\",\"@graph\":[{\"@type\":\"WebPage\",\"@id\":\"https:\\\/\\\/www.berthoud.fr\\\/fr\\\/contact\\\/\",\"url\":\"https:\\\/\\\/www.berthoud.fr\\\/fr\\\/contact\\\/\",\"name\":\"Contact - Berthoud\",\"isPartOf\":{\"@id\":\"https:\\\/\\\/www.berthoud.fr\\\/fr\\\/#website\"},\"datePublished\":\"2015-03-03T02:10:42+00:00\",\"dateModified\":\"2019-03-01T15:43:41+00:00\",\"breadcrumb\":{\"@id\":\"https:\\\/\\\/www.berthoud.fr\\\/fr\\\/contact\\\/#breadcrumb\"},\"inLanguage\":\"fr-FR\",\"potentialAction\":[{\"@type\":\"ReadAction\",\"target\":[\"https:\\\/\\\/www.berthoud.fr\\\/fr\\\/contact\\\/\"]}]},{\"@type\":\"BreadcrumbList\",\"@id\":\"https:\\\/\\\/www.berthoud.fr\\\/fr\\\/contact\\\/#breadcrumb\",\"itemListElement\":[{\"@type\":\"ListItem\",\"position\":1,\"name\":\"Accueil\",\"item\":\"https:\\\/\\\/www.berthoud.fr\\\/fr\\\/accueil-2\\\/\"},{\"@type\":\"ListItem\",\"position\":2,\"name\":\"Contact\"}]},{\"@type\":\"WebSite\",\"@id\":\"https:\\\/\\\/www.berthoud.fr\\\/fr\\\/#website\",\"url\":\"https:\\\/\\\/www.berthoud.fr\\\/fr\\\/\",\"name\":\"Berthoud\",\"description\":\"Pulv\u00e9risateur et pompe de jardin\",\"potentialAction\":[{\"@type\":\"SearchAction\",\"target\":{\"@type\":\"EntryPoint\",\"urlTemplate\":\"https:\\\/\\\/www.berthoud.fr\\\/fr\\\/?s={search_term_string}\"},\"query-input\":{\"@type\":\"PropertyValueSpecification\",\"valueRequired\":true,\"valueName\":\"search_term_string\"}}],\"inLanguage\":\"fr-FR\"}]}<\/script>\n<!-- \/ Yoast SEO plugin. -->","yoast_head_json":{"title":"Contact - Berthoud","robots":{"index":"index","follow":"follow","max-snippet":"max-snippet:-1","max-image-preview":"max-image-preview:large","max-video-preview":"max-video-preview:-1"},"canonical":"https:\/\/www.berthoud.fr\/fr\/contact\/","og_locale":"fr_FR","og_type":"article","og_title":"Contact - Berthoud","og_url":"https:\/\/www.berthoud.fr\/fr\/contact\/","og_site_name":"Berthoud","article_modified_time":"2019-03-01T15:43:41+00:00","twitter_card":"summary_large_image","twitter_misc":{"Dur\u00e9e de lecture estim\u00e9e":"5 minutes"},"schema":{"@context":"https:\/\/schema.org","@graph":[{"@type":"WebPage","@id":"https:\/\/www.berthoud.fr\/fr\/contact\/","url":"https:\/\/www.berthoud.fr\/fr\/contact\/","name":"Contact - Berthoud","isPartOf":{"@id":"https:\/\/www.berthoud.fr\/fr\/#website"},"datePublished":"2015-03-03T02:10:42+00:00","dateModified":"2019-03-01T15:43:41+00:00","breadcrumb":{"@id":"https:\/\/www.berthoud.fr\/fr\/contact\/#breadcrumb"},"inLanguage":"fr-FR","potentialAction":[{"@type":"ReadAction","target":["https:\/\/www.berthoud.fr\/fr\/contact\/"]}]},{"@type":"BreadcrumbList","@id":"https:\/\/www.berthoud.fr\/fr\/contact\/#breadcrumb","itemListElement":[{"@type":"ListItem","position":1,"name":"Accueil","item":"https:\/\/www.berthoud.fr\/fr\/accueil-2\/"},{"@type":"ListItem","position":2,"name":"Contact"}]},{"@type":"WebSite","@id":"https:\/\/www.berthoud.fr\/fr\/#website","url":"https:\/\/www.berthoud.fr\/fr\/","name":"Berthoud","description":"Pulv\u00e9risateur et pompe de jardin","potentialAction":[{"@type":"SearchAction","target":{"@type":"EntryPoint","urlTemplate":"https:\/\/www.berthoud.fr\/fr\/?s={search_term_string}"},"query-input":{"@type":"PropertyValueSpecification","valueRequired":true,"valueName":"search_term_string"}}],"inLanguage":"fr-FR"}]}},"_links":{"self":[{"href":"https:\/\/www.berthoud.fr\/fr\/wp-json\/wp\/v2\/pages\/609","targetHints":{"allow":["GET"]}}],"collection":[{"href":"https:\/\/www.berthoud.fr\/fr\/wp-json\/wp\/v2\/pages"}],"about":[{"href":"https:\/\/www.berthoud.fr\/fr\/wp-json\/wp\/v2\/types\/page"}],"author":[{"embeddable":true,"href":"https:\/\/www.berthoud.fr\/fr\/wp-json\/wp\/v2\/users\/4"}],"replies":[{"embeddable":true,"href":"https:\/\/www.berthoud.fr\/fr\/wp-json\/wp\/v2\/comments?post=609"}],"version-history":[{"count":55,"href":"https:\/\/www.berthoud.fr\/fr\/wp-json\/wp\/v2\/pages\/609\/revisions"}],"predecessor-version":[{"id":4130,"href":"https:\/\/www.berthoud.fr\/fr\/wp-json\/wp\/v2\/pages\/609\/revisions\/4130"}],"wp:attachment":[{"href":"https:\/\/www.berthoud.fr\/fr\/wp-json\/wp\/v2\/media?parent=609"}],"curies":[{"name":"wp","href":"https:\/\/api.w.org\/{rel}","templated":true}]}}