{"id":4558,"date":"2020-03-29T14:10:25","date_gmt":"2020-03-29T13:10:25","guid":{"rendered":"https:\/\/www.berthoud.fr\/?page_id=4558\/"},"modified":"2020-03-29T14:17:38","modified_gmt":"2020-03-29T13:17:38","slug":"pulverisateurs-eau-de-javel","status":"publish","type":"page","link":"https:\/\/www.berthoud.fr\/fr\/pulverisateurs-eau-de-javel\/","title":{"rendered":"Pulv\u00e9risateurs eau de javel"},"content":{"rendered":"<p><strong><u>Pulv\u00e9risateurs Berthoud compatibles avec l\u2019eau de Javel<\/u><\/strong><\/p>\n<p>La pulv\u00e9risation d\u2019eau de javel ou de produits d\u00e9sinfectants peut se faire avec les pulv\u00e9risateurs Berthoud suivants\u00a0:<\/p>\n<ul>\n<li><a href=\"https:\/\/www.berthoud.fr\/fr\/produits\/pulverisateurs-jardin-bricolage\/f1-jardbrico\/\">G\u00e2chette F1 Brico<\/a> \u2013 cette g\u00e2chette est adapt\u00e9e pour la pulv\u00e9risation de produits chimiques agressifs pour les applications localis\u00e9es<\/li>\n<li><a href=\"https:\/\/www.berthoud.fr\/fr\/produits\/pulverisateurs-hygiene-elevage\/elyte-8-lance-inox-hygiene\/\">Pulv\u00e9risateur ELYTE 8 + lance inox<\/a> \u2013 ce pulv\u00e9risateur est \u00e9quip\u00e9 de joints EPDM, d\u2019une tige de pompe et d\u2019un tube de lance en inox ainsi que d\u2019une tuyauterie arm\u00e9e pour supporter les produits chimiques les plus agressifs possibles. Il est parfait pour les campagnes de traitement ou de d\u00e9sinfection de grande ampleur<\/li>\n<\/ul>\n<p>Ces pulv\u00e9risateurs s\u2019av\u00e8rent tr\u00e8s performants pour les op\u00e9rations et campagnes de d\u00e9sinfection, pour endiguer la progression des \u00e9pid\u00e9mies, etc&#8230;<\/p>\n<p><strong>Dilution au 1\/50e \u00e0 partir d&rsquo;eau de javel en solution \u00e0 2,6% de chlore actif (soit 2% d&rsquo;eau de javel pour 98% d&rsquo;eau), temps de contact minimum de 15 minutes.<\/strong><\/p>\n<p>Le port des \u00e9quipements de protection individuelle (comme les combinaisons et sur-combinaisons, lunettes, gants, masques, etc) est obligatoire durant la manipulation des pulv\u00e9risateurs Berthoud et de produits chimiques agressifs.<\/p>\n<p><strong>QUELQUES INFORMATIONS SUR L&rsquo;EAU DE JAVEL<\/strong><\/p>\n<p><strong>L&rsquo;eau de Javel se pr\u00e9sente sous forme liquide (en bouteilles ou en berlingots) ou solide (en pastilles). Sous forme liquide dilu\u00e9e (bouteilles), elle se conserve trois ans. Sous forme concentr\u00e9e (berlingots), elle ne se conserve pas plus de trois mois<\/strong>. C&rsquo;est pourquoi les berlingots doivent \u00eatre dilu\u00e9s rapidement (\u00e0 l&rsquo;eau froide). Si ces d\u00e9lais sont d\u00e9pass\u00e9s, le produit ne d\u00e9sinfecte plus. L&rsquo;eau de Javel doit par ailleurs \u00eatre conserv\u00e9e \u00e0 l&rsquo;abri de la lumi\u00e8re et de la chaleur.<\/p>\n<p>Pour \u00e9viter les accidents, l&rsquo;eau de Javel et les effluents en contenant sont stock\u00e9s dans des emballages en mati\u00e8re plastique. L&rsquo;INRS pr\u00e9cise que le verre peut \u00eatre utilis\u00e9, mais dans des bonbonnes prot\u00e9g\u00e9es par une enveloppe m\u00e9tallique convenablement ajust\u00e9e.<\/p>\n<p><strong>L&rsquo;eau de Javel est commercialis\u00e9e sous plusieurs niveaux de dilution<\/strong>. <strong>La quantit\u00e9 de chlore est exprim\u00e9e en pourcentage de chlore actif (c.a.). Ce pourcentage repr\u00e9sente la masse de dichlore form\u00e9e \u00e0 partir de 100 g d&rsquo;eau de Javel. On trouve par exemple des bouteilles d&rsquo;eau de Javel \u00e0 2,6 % de chlore actif et des berlingots d&rsquo;eau de Javel concentr\u00e9e \u00e0 4.8% % de chlore actif.<\/strong><\/p>\n<p><strong>Le produit commercial change de nom en fonction de la dilution :<\/strong><\/p>\n<p><strong>\u00a0\u00a0\u00a0 extrait de Javel : produit contenant 9,6 % de chlore actif ;<\/strong><\/p>\n<p><strong>\u00a0\u00a0\u00a0 eau de Javel : produit contenant 2,6 % de chlore actif ;<\/strong><\/p>\n<p><strong>\u00a0\u00a0\u00a0 eau de Labarraque : eau de javel dilu\u00e9e.<\/strong><\/p>\n<p>Les pastilles d&rsquo;eau de Javel sont en fait des pastilles de dichloroisocyanurate de sodium. Lorsqu&rsquo;elles sont dissoutes dans l&rsquo;eau, le dichloroisocyanurate de sodium r\u00e9agit avec l&rsquo;eau pour donner de l&rsquo;hypochlorite de sodium et de l&rsquo;acide cyanurique.<\/p>\n<p>Aujourd&rsquo;hui, l&rsquo;eau de Javel est parfois incorpor\u00e9e dans des d\u00e9tergents pour proposer des produits \u00ab 2 en 1 \u00bb qui nettoient et d\u00e9sinfectent.<\/p>\n<p><strong>DESINFECTION A L\u2019AIDE D\u2019EAU DE JAVEL <\/strong><\/p>\n<p><strong>Avant d\u2019utiliser un produit, il est obligatoire de tester son efficacit\u00e9 sur le mat\u00e9riel \u00e0 d\u00e9truire.<\/strong><\/p>\n<p>Le chlore d\u00e9truit tr\u00e8s rapidement les bact\u00e9ries, virus ou champignons. En fonction de la concentration et du temps de contact, l\u2019eau de Javel peut avoir une action diff\u00e9rente: bact\u00e9ricide, virucide, sporicide, fongicide.<\/p>\n<p>La dilution adapt\u00e9e sera \u00e9tablie au cas par cas.<\/p>\n<p>L\u2019eau de Javel est commercialis\u00e9e sous diff\u00e9rentes formes:<\/p>\n<ul>\n<li>solution stabilis\u00e9e en bouteilles titrant 9 degr\u00e9s chlorom\u00e9triques ou 2,6% de chlore actif, conservation environ six mois;<\/li>\n<li>solution concentr\u00e9e titrant 36 degr\u00e9s chlorom\u00e9triques ou 9,6% de chlore actif \u00e0 diluer;<\/li>\n<li>comprim\u00e9s de dichloroisocyanurate de sodium, d\u2019utilisation facile, mais d\u2019activit\u00e9 d\u00e9sinfectante moindre.<\/li>\n<\/ul>\n<p>\u00c0 partir de la solution m\u00e8re \u00e0 9 degr\u00e9s chlorom\u00e9triques, diff\u00e9rentes dilutions sont r\u00e9alis\u00e9es extemporan\u00e9ment avec de l\u2019eau froide ou ti\u00e8de.<\/p>\n<p>Pr\u00e9cautions \u00e0 prendre<\/p>\n<p>L\u2019eau de Javel doit toujours \u00eatre utilis\u00e9e seule. Elle est incompatible avec les acides forts, les d\u00e9tergents cationiques et le formald\u00e9hyde en solution concentr\u00e9e. Elle ne doit pas \u00eatre employ\u00e9e sur des appareils ou des mat\u00e9riels oxydables (aluminium, cuivre&#8230;). Son activit\u00e9 est partiellement inhib\u00e9e par les prot\u00e9ines et l\u2019eau calcaire. L\u2019eau de Javel se d\u00e9grade rapidement. Il faut donc la conserver \u00e0 l\u2019abri de la lumi\u00e8re, de la chaleur et v\u00e9rifier sa date de p\u00e9remption. Les solutions \u00e0 base d\u2019eau de javel ne doivent donc pas \u00eatre stock\u00e9es trop longtemps. Elle est irritante pour la peau, les yeux et les voies respiratoires .Il est pr\u00e9conis\u00e9 de porter des gants et des lunettes pour manipuler ce produit.<\/p>\n<p>Exemples d\u2019utilisation<\/p>\n<ul>\n<li>Mat\u00e9riel souill\u00e9: dilution au 1\/10e \u00e0 partir de la solution \u00e0 2,6% de chlore actif, temps de contact minimum de 15 minutes (<strong>pour l&rsquo;utilisation dans un pulv\u00e9risateur \u00e0 pression pr\u00e9alable, nous pr\u00e9conisons une dilution de 1\/50\u00b0 soit 2%)<\/strong><\/li>\n<li>Surnageant de culture, sang: dilution au \u00bc \u00e0 partir de la solution \u00e0 2,6% de chlore actif, temps de contact minimum de 30 minutes \u00e0 cause des prot\u00e9ines.<\/li>\n<li>D\u00e9chets liquides (m\u00e9thode pr\u00e9conis\u00e9e par le HCB): dilution extemporan\u00e9e \u00e0 2\u00b0 chlorom\u00e9trique final, temps de contact de 12heures<\/li>\n<\/ul>\n","protected":false},"excerpt":{"rendered":"<p>Pulv\u00e9risateurs Berthoud compatibles avec l\u2019eau de Javel La pulv\u00e9risation d\u2019eau de javel ou de produits d\u00e9sinfectants peut se faire avec les pulv\u00e9risateurs Berthoud suivants\u00a0: G\u00e2chette F1 Brico \u2013 cette g\u00e2chette est adapt\u00e9e pour la pulv\u00e9risation de produits chimiques agressifs pour les applications localis\u00e9es Pulv\u00e9risateur ELYTE 8 + lance inox \u2013 ce pulv\u00e9risateur est \u00e9quip\u00e9 de [&hellip;]<\/p>\n","protected":false},"author":8,"featured_media":0,"parent":0,"menu_order":0,"comment_status":"closed","ping_status":"closed","template":"","meta":{"_acf_changed":false,"footnotes":""},"class_list":["post-4558","page","type-page","status-publish","hentry"],"acf":[],"yoast_head":"<!-- This site is optimized with the Yoast SEO plugin v27.5 - https:\/\/yoast.com\/product\/yoast-seo-wordpress\/ -->\n<title>Pulv\u00e9risateurs eau de javel - Berthoud<\/title>\n<meta name=\"robots\" content=\"index, follow, max-snippet:-1, max-image-preview:large, max-video-preview:-1\" \/>\n<link rel=\"canonical\" href=\"https:\/\/www.berthoud.fr\/fr\/pulverisateurs-eau-de-javel\/\" \/>\n<meta property=\"og:locale\" content=\"fr_FR\" \/>\n<meta property=\"og:type\" content=\"article\" \/>\n<meta property=\"og:title\" content=\"Pulv\u00e9risateurs eau de javel - Berthoud\" \/>\n<meta property=\"og:description\" content=\"Pulv\u00e9risateurs Berthoud compatibles avec l\u2019eau de Javel La pulv\u00e9risation d\u2019eau de javel ou de produits d\u00e9sinfectants peut se faire avec les pulv\u00e9risateurs Berthoud suivants\u00a0: G\u00e2chette F1 Brico \u2013 cette g\u00e2chette est adapt\u00e9e pour la pulv\u00e9risation de produits chimiques agressifs pour les applications localis\u00e9es Pulv\u00e9risateur ELYTE 8 + lance inox \u2013 ce pulv\u00e9risateur est \u00e9quip\u00e9 de [&hellip;]\" \/>\n<meta property=\"og:url\" content=\"https:\/\/www.berthoud.fr\/fr\/pulverisateurs-eau-de-javel\/\" \/>\n<meta property=\"og:site_name\" content=\"Berthoud\" \/>\n<meta property=\"article:modified_time\" content=\"2020-03-29T13:17:38+00:00\" \/>\n<meta name=\"twitter:card\" content=\"summary_large_image\" \/>\n<meta name=\"twitter:label1\" content=\"Dur\u00e9e de lecture estim\u00e9e\" \/>\n\t<meta name=\"twitter:data1\" content=\"4 minutes\" \/>\n<script type=\"application\/ld+json\" class=\"yoast-schema-graph\">{\"@context\":\"https:\\\/\\\/schema.org\",\"@graph\":[{\"@type\":\"WebPage\",\"@id\":\"https:\\\/\\\/www.berthoud.fr\\\/fr\\\/pulverisateurs-eau-de-javel\\\/\",\"url\":\"https:\\\/\\\/www.berthoud.fr\\\/fr\\\/pulverisateurs-eau-de-javel\\\/\",\"name\":\"Pulv\u00e9risateurs eau de javel - Berthoud\",\"isPartOf\":{\"@id\":\"https:\\\/\\\/www.berthoud.fr\\\/fr\\\/#website\"},\"datePublished\":\"2020-03-29T13:10:25+00:00\",\"dateModified\":\"2020-03-29T13:17:38+00:00\",\"breadcrumb\":{\"@id\":\"https:\\\/\\\/www.berthoud.fr\\\/fr\\\/pulverisateurs-eau-de-javel\\\/#breadcrumb\"},\"inLanguage\":\"fr-FR\",\"potentialAction\":[{\"@type\":\"ReadAction\",\"target\":[\"https:\\\/\\\/www.berthoud.fr\\\/fr\\\/pulverisateurs-eau-de-javel\\\/\"]}]},{\"@type\":\"BreadcrumbList\",\"@id\":\"https:\\\/\\\/www.berthoud.fr\\\/fr\\\/pulverisateurs-eau-de-javel\\\/#breadcrumb\",\"itemListElement\":[{\"@type\":\"ListItem\",\"position\":1,\"name\":\"Accueil\",\"item\":\"https:\\\/\\\/www.berthoud.fr\\\/fr\\\/accueil-2\\\/\"},{\"@type\":\"ListItem\",\"position\":2,\"name\":\"Pulv\u00e9risateurs eau de javel\"}]},{\"@type\":\"WebSite\",\"@id\":\"https:\\\/\\\/www.berthoud.fr\\\/fr\\\/#website\",\"url\":\"https:\\\/\\\/www.berthoud.fr\\\/fr\\\/\",\"name\":\"Berthoud\",\"description\":\"Pulv\u00e9risateur et pompe de jardin\",\"potentialAction\":[{\"@type\":\"SearchAction\",\"target\":{\"@type\":\"EntryPoint\",\"urlTemplate\":\"https:\\\/\\\/www.berthoud.fr\\\/fr\\\/?s={search_term_string}\"},\"query-input\":{\"@type\":\"PropertyValueSpecification\",\"valueRequired\":true,\"valueName\":\"search_term_string\"}}],\"inLanguage\":\"fr-FR\"}]}<\/script>\n<!-- \/ Yoast SEO plugin. -->","yoast_head_json":{"title":"Pulv\u00e9risateurs eau de javel - Berthoud","robots":{"index":"index","follow":"follow","max-snippet":"max-snippet:-1","max-image-preview":"max-image-preview:large","max-video-preview":"max-video-preview:-1"},"canonical":"https:\/\/www.berthoud.fr\/fr\/pulverisateurs-eau-de-javel\/","og_locale":"fr_FR","og_type":"article","og_title":"Pulv\u00e9risateurs eau de javel - Berthoud","og_description":"Pulv\u00e9risateurs Berthoud compatibles avec l\u2019eau de Javel La pulv\u00e9risation d\u2019eau de javel ou de produits d\u00e9sinfectants peut se faire avec les pulv\u00e9risateurs Berthoud suivants\u00a0: G\u00e2chette F1 Brico \u2013 cette g\u00e2chette est adapt\u00e9e pour la pulv\u00e9risation de produits chimiques agressifs pour les applications localis\u00e9es Pulv\u00e9risateur ELYTE 8 + lance inox \u2013 ce pulv\u00e9risateur est \u00e9quip\u00e9 de [&hellip;]","og_url":"https:\/\/www.berthoud.fr\/fr\/pulverisateurs-eau-de-javel\/","og_site_name":"Berthoud","article_modified_time":"2020-03-29T13:17:38+00:00","twitter_card":"summary_large_image","twitter_misc":{"Dur\u00e9e de lecture estim\u00e9e":"4 minutes"},"schema":{"@context":"https:\/\/schema.org","@graph":[{"@type":"WebPage","@id":"https:\/\/www.berthoud.fr\/fr\/pulverisateurs-eau-de-javel\/","url":"https:\/\/www.berthoud.fr\/fr\/pulverisateurs-eau-de-javel\/","name":"Pulv\u00e9risateurs eau de javel - Berthoud","isPartOf":{"@id":"https:\/\/www.berthoud.fr\/fr\/#website"},"datePublished":"2020-03-29T13:10:25+00:00","dateModified":"2020-03-29T13:17:38+00:00","breadcrumb":{"@id":"https:\/\/www.berthoud.fr\/fr\/pulverisateurs-eau-de-javel\/#breadcrumb"},"inLanguage":"fr-FR","potentialAction":[{"@type":"ReadAction","target":["https:\/\/www.berthoud.fr\/fr\/pulverisateurs-eau-de-javel\/"]}]},{"@type":"BreadcrumbList","@id":"https:\/\/www.berthoud.fr\/fr\/pulverisateurs-eau-de-javel\/#breadcrumb","itemListElement":[{"@type":"ListItem","position":1,"name":"Accueil","item":"https:\/\/www.berthoud.fr\/fr\/accueil-2\/"},{"@type":"ListItem","position":2,"name":"Pulv\u00e9risateurs eau de javel"}]},{"@type":"WebSite","@id":"https:\/\/www.berthoud.fr\/fr\/#website","url":"https:\/\/www.berthoud.fr\/fr\/","name":"Berthoud","description":"Pulv\u00e9risateur et pompe de jardin","potentialAction":[{"@type":"SearchAction","target":{"@type":"EntryPoint","urlTemplate":"https:\/\/www.berthoud.fr\/fr\/?s={search_term_string}"},"query-input":{"@type":"PropertyValueSpecification","valueRequired":true,"valueName":"search_term_string"}}],"inLanguage":"fr-FR"}]}},"_links":{"self":[{"href":"https:\/\/www.berthoud.fr\/fr\/wp-json\/wp\/v2\/pages\/4558","targetHints":{"allow":["GET"]}}],"collection":[{"href":"https:\/\/www.berthoud.fr\/fr\/wp-json\/wp\/v2\/pages"}],"about":[{"href":"https:\/\/www.berthoud.fr\/fr\/wp-json\/wp\/v2\/types\/page"}],"author":[{"embeddable":true,"href":"https:\/\/www.berthoud.fr\/fr\/wp-json\/wp\/v2\/users\/8"}],"replies":[{"embeddable":true,"href":"https:\/\/www.berthoud.fr\/fr\/wp-json\/wp\/v2\/comments?post=4558"}],"version-history":[{"count":4,"href":"https:\/\/www.berthoud.fr\/fr\/wp-json\/wp\/v2\/pages\/4558\/revisions"}],"predecessor-version":[{"id":5494,"href":"https:\/\/www.berthoud.fr\/fr\/wp-json\/wp\/v2\/pages\/4558\/revisions\/5494"}],"wp:attachment":[{"href":"https:\/\/www.berthoud.fr\/fr\/wp-json\/wp\/v2\/media?parent=4558"}],"curies":[{"name":"wp","href":"https:\/\/api.w.org\/{rel}","templated":true}]}}