{"id":4349,"date":"2020-02-11T15:30:37","date_gmt":"2020-02-11T14:30:37","guid":{"rendered":"https:\/\/www.berthoud.fr\/?page_id=4349\/"},"modified":"2023-03-15T08:55:13","modified_gmt":"2023-03-15T07:55:13","slug":"promotions","status":"publish","type":"page","link":"https:\/\/www.berthoud.fr\/fr\/promotions\/","title":{"rendered":"Promotions"},"content":{"rendered":"<section class=\"av_textblock_section \"  itemscope=\"itemscope\" itemtype=\"https:\/\/schema.org\/CreativeWork\" ><div class='avia_textblock  '   itemprop=\"text\" ><h2>\u00a0<\/h2>\n<h2 style=\"text-align: center\">Notre catalogue d&rsquo;offres promotionnelles<\/h2>\n<\/div><\/section>\n<section class=\"av_textblock_section \"  itemscope=\"itemscope\" itemtype=\"https:\/\/schema.org\/CreativeWork\" ><div class='avia_textblock  '   itemprop=\"text\" ><h2>\u00a0<\/h2>\n<h4 style=\"text-align: center\">Retrouvez nos op\u00e9rations promotionnelles en 2023<\/h4>\n<\/div><\/section>\n<div class='flex_column av-6bjjbx-7889f5f12aa320959631530ad90f8195 av_one_fifth  avia-builder-el-2  el_after_av_textblock  el_before_av_three_fifth  first flex_column_div column-top-margin'   ><\/div>\n<div class='flex_column av-49pklp-f95dbe44c5601b473a9a988e2e88733a av_three_fifth  avia-builder-el-3  el_after_av_one_fifth  el_before_av_one_fifth  flex_column_div column-top-margin'   ><style type=\"text\/css\" data-created_by=\"avia_inline_auto\" id=\"style-css-av-l0qhofcw-2f8ce2ae753667edee9756b24e873a75\">\n.avia-image-container.av-l0qhofcw-2f8ce2ae753667edee9756b24e873a75 .av-caption-image-overlay-bg{\nopacity:0.8;\nbackground-color:#000000;\n}\n.avia-image-container.av-l0qhofcw-2f8ce2ae753667edee9756b24e873a75 .av-image-caption-overlay-center{\ncolor:#ffffff;\nfont-size:24px;\n}\n<\/style>\n<div  class='avia-image-container av-l0qhofcw-2f8ce2ae753667edee9756b24e873a75 av-styling- av-hover-grow avia_animated_image avia_animate_when_almost_visible pop-up avia-align-center  avia-builder-el-4  avia-builder-el-no-sibling  noHover av-overlay-on-hover '  itemprop=\"image\" itemscope=\"itemscope\" itemtype=\"https:\/\/schema.org\/ImageObject\" ><div class=\"avia-image-container-inner\"><div class=\"avia-image-overlay-wrap\"><a href=\"https:\/\/www.berthoud.fr\/fr\/operation-appareil-a-dos-berthoud\/\" class='avia_image' ><div class='av-image-caption-overlay'><div class='av-caption-image-overlay-bg'><\/div><div class='av-image-caption-overlay-position'><div class='av-image-caption-overlay-center'><p>Du 15\/03\/2023 au 31\/07\/2023<\/p>\n<p>Votre accessoire de pulv\u00e9risation Berthoud offert pour l&rsquo;achat d&rsquo;un pulv\u00e9risateur \u00e0 dos<\/p>\n<\/div><\/div><\/div><img decoding=\"async\" width=\"495\" height=\"400\" class='wp-image-5083 avia-img-lazy-loading-not-5083 avia_image' src=\"https:\/\/www.berthoud.fr\/wp-content\/uploads\/sites\/2\/2023\/03\/900-100-179_BERTHOUD-PROMO-Stop-rayon-BD-495x400.png\" alt='' title='900-100-179_BERTHOUD - PROMO - Stop rayon-BD'  itemprop=\"thumbnailUrl\" srcset=\"https:\/\/www.berthoud.fr\/wp-content\/uploads\/sites\/2\/2023\/03\/900-100-179_BERTHOUD-PROMO-Stop-rayon-BD-495x400.png 495w, https:\/\/www.berthoud.fr\/wp-content\/uploads\/sites\/2\/2023\/03\/900-100-179_BERTHOUD-PROMO-Stop-rayon-BD-845x684.png 845w\" sizes=\"(max-width: 495px) 100vw, 495px\" \/><\/a><\/div><\/div><\/div><\/div><div class='flex_column av-2slhq5-8f373f8909fc95db0f638b85162cfd07 av_one_fifth  avia-builder-el-5  el_after_av_three_fifth  avia-builder-el-last  flex_column_div column-top-margin'   ><\/div><\/p>\n","protected":false},"excerpt":{"rendered":"","protected":false},"author":8,"featured_media":0,"parent":0,"menu_order":0,"comment_status":"closed","ping_status":"closed","template":"","meta":{"_acf_changed":false,"footnotes":""},"class_list":["post-4349","page","type-page","status-publish","hentry"],"acf":[],"yoast_head":"<!-- This site is optimized with the Yoast SEO plugin v27.3 - https:\/\/yoast.com\/product\/yoast-seo-wordpress\/ -->\n<title>Promotions - Berthoud<\/title>\n<meta name=\"robots\" content=\"index, follow, max-snippet:-1, max-image-preview:large, max-video-preview:-1\" \/>\n<link rel=\"canonical\" href=\"https:\/\/www.berthoud.fr\/fr\/promotions\/\" \/>\n<meta property=\"og:locale\" content=\"fr_FR\" \/>\n<meta property=\"og:type\" content=\"article\" \/>\n<meta property=\"og:title\" content=\"Promotions - Berthoud\" \/>\n<meta property=\"og:url\" content=\"https:\/\/www.berthoud.fr\/fr\/promotions\/\" \/>\n<meta property=\"og:site_name\" content=\"Berthoud\" \/>\n<meta property=\"article:modified_time\" content=\"2023-03-15T07:55:13+00:00\" \/>\n<meta name=\"twitter:card\" content=\"summary_large_image\" \/>\n<meta name=\"twitter:label1\" content=\"Dur\u00e9e de lecture estim\u00e9e\" \/>\n\t<meta name=\"twitter:data1\" content=\"2 minutes\" \/>\n<script type=\"application\/ld+json\" class=\"yoast-schema-graph\">{\"@context\":\"https:\\\/\\\/schema.org\",\"@graph\":[{\"@type\":\"WebPage\",\"@id\":\"https:\\\/\\\/www.berthoud.fr\\\/fr\\\/promotions\\\/\",\"url\":\"https:\\\/\\\/www.berthoud.fr\\\/fr\\\/promotions\\\/\",\"name\":\"Promotions - Berthoud\",\"isPartOf\":{\"@id\":\"https:\\\/\\\/www.berthoud.fr\\\/fr\\\/#website\"},\"datePublished\":\"2020-02-11T14:30:37+00:00\",\"dateModified\":\"2023-03-15T07:55:13+00:00\",\"breadcrumb\":{\"@id\":\"https:\\\/\\\/www.berthoud.fr\\\/fr\\\/promotions\\\/#breadcrumb\"},\"inLanguage\":\"fr-FR\",\"potentialAction\":[{\"@type\":\"ReadAction\",\"target\":[\"https:\\\/\\\/www.berthoud.fr\\\/fr\\\/promotions\\\/\"]}]},{\"@type\":\"BreadcrumbList\",\"@id\":\"https:\\\/\\\/www.berthoud.fr\\\/fr\\\/promotions\\\/#breadcrumb\",\"itemListElement\":[{\"@type\":\"ListItem\",\"position\":1,\"name\":\"Accueil\",\"item\":\"https:\\\/\\\/www.berthoud.fr\\\/fr\\\/accueil-2\\\/\"},{\"@type\":\"ListItem\",\"position\":2,\"name\":\"Promotions\"}]},{\"@type\":\"WebSite\",\"@id\":\"https:\\\/\\\/www.berthoud.fr\\\/fr\\\/#website\",\"url\":\"https:\\\/\\\/www.berthoud.fr\\\/fr\\\/\",\"name\":\"Berthoud\",\"description\":\"Pulv\u00e9risateur et pompe de jardin\",\"potentialAction\":[{\"@type\":\"SearchAction\",\"target\":{\"@type\":\"EntryPoint\",\"urlTemplate\":\"https:\\\/\\\/www.berthoud.fr\\\/fr\\\/?s={search_term_string}\"},\"query-input\":{\"@type\":\"PropertyValueSpecification\",\"valueRequired\":true,\"valueName\":\"search_term_string\"}}],\"inLanguage\":\"fr-FR\"}]}<\/script>\n<!-- \/ Yoast SEO plugin. -->","yoast_head_json":{"title":"Promotions - Berthoud","robots":{"index":"index","follow":"follow","max-snippet":"max-snippet:-1","max-image-preview":"max-image-preview:large","max-video-preview":"max-video-preview:-1"},"canonical":"https:\/\/www.berthoud.fr\/fr\/promotions\/","og_locale":"fr_FR","og_type":"article","og_title":"Promotions - Berthoud","og_url":"https:\/\/www.berthoud.fr\/fr\/promotions\/","og_site_name":"Berthoud","article_modified_time":"2023-03-15T07:55:13+00:00","twitter_card":"summary_large_image","twitter_misc":{"Dur\u00e9e de lecture estim\u00e9e":"2 minutes"},"schema":{"@context":"https:\/\/schema.org","@graph":[{"@type":"WebPage","@id":"https:\/\/www.berthoud.fr\/fr\/promotions\/","url":"https:\/\/www.berthoud.fr\/fr\/promotions\/","name":"Promotions - Berthoud","isPartOf":{"@id":"https:\/\/www.berthoud.fr\/fr\/#website"},"datePublished":"2020-02-11T14:30:37+00:00","dateModified":"2023-03-15T07:55:13+00:00","breadcrumb":{"@id":"https:\/\/www.berthoud.fr\/fr\/promotions\/#breadcrumb"},"inLanguage":"fr-FR","potentialAction":[{"@type":"ReadAction","target":["https:\/\/www.berthoud.fr\/fr\/promotions\/"]}]},{"@type":"BreadcrumbList","@id":"https:\/\/www.berthoud.fr\/fr\/promotions\/#breadcrumb","itemListElement":[{"@type":"ListItem","position":1,"name":"Accueil","item":"https:\/\/www.berthoud.fr\/fr\/accueil-2\/"},{"@type":"ListItem","position":2,"name":"Promotions"}]},{"@type":"WebSite","@id":"https:\/\/www.berthoud.fr\/fr\/#website","url":"https:\/\/www.berthoud.fr\/fr\/","name":"Berthoud","description":"Pulv\u00e9risateur et pompe de jardin","potentialAction":[{"@type":"SearchAction","target":{"@type":"EntryPoint","urlTemplate":"https:\/\/www.berthoud.fr\/fr\/?s={search_term_string}"},"query-input":{"@type":"PropertyValueSpecification","valueRequired":true,"valueName":"search_term_string"}}],"inLanguage":"fr-FR"}]}},"_links":{"self":[{"href":"https:\/\/www.berthoud.fr\/fr\/wp-json\/wp\/v2\/pages\/4349","targetHints":{"allow":["GET"]}}],"collection":[{"href":"https:\/\/www.berthoud.fr\/fr\/wp-json\/wp\/v2\/pages"}],"about":[{"href":"https:\/\/www.berthoud.fr\/fr\/wp-json\/wp\/v2\/types\/page"}],"author":[{"embeddable":true,"href":"https:\/\/www.berthoud.fr\/fr\/wp-json\/wp\/v2\/users\/8"}],"replies":[{"embeddable":true,"href":"https:\/\/www.berthoud.fr\/fr\/wp-json\/wp\/v2\/comments?post=4349"}],"version-history":[{"count":39,"href":"https:\/\/www.berthoud.fr\/fr\/wp-json\/wp\/v2\/pages\/4349\/revisions"}],"predecessor-version":[{"id":5282,"href":"https:\/\/www.berthoud.fr\/fr\/wp-json\/wp\/v2\/pages\/4349\/revisions\/5282"}],"wp:attachment":[{"href":"https:\/\/www.berthoud.fr\/fr\/wp-json\/wp\/v2\/media?parent=4349"}],"curies":[{"name":"wp","href":"https:\/\/api.w.org\/{rel}","templated":true}]}}