{"id":4080,"date":"2018-11-22T11:29:29","date_gmt":"2018-11-22T10:29:29","guid":{"rendered":"https:\/\/www.berthoud.fr\/?page_id=4080\/"},"modified":"2018-11-22T11:29:29","modified_gmt":"2018-11-22T10:29:29","slug":"bruleur-de-mauvaises-herbes","status":"publish","type":"page","link":"https:\/\/www.berthoud.fr\/fr\/bruleur-de-mauvaises-herbes\/","title":{"rendered":"Le br\u00fbleur de mauvaises herbes : une solution \u00e9cologique de d\u00e9sherbage"},"content":{"rendered":"<h1>Le br\u00fbleur de mauvaises herbes : une solution \u00e9cologique de d\u00e9sherbage<\/h1>\n<p>Pour se d\u00e9barrasser sans effort des adventices du jardin de mani\u00e8re naturelle, le d\u00e9sherbeur thermique repr\u00e9sente un excellent outil. Qu&rsquo;il fonctionne \u00e0 la vapeur ou \u00e0 l&rsquo;eau chaude, au gaz ou \u00e0 l&rsquo;\u00e9lectricit\u00e9, ce br\u00fbleur de mauvaises herbes ou br\u00fbleur d&rsquo;herbe propose une action cibl\u00e9e performante sans aucun produit chimique.<\/p>\n<h2>Principe de fonctionnement des br\u00fbleurs de mauvaises herbes ou d\u00e9sherbeurs thermiques<\/h2>\n<p>Si vous souhaitez trouver une m\u00e9thode \u00e9cologique efficace pour combattre les mauvaises herbes, les br\u00fbleurs de mauvaises herbes, l\u00e9gers et maniables, permettent un d\u00e9sherbage performant et pr\u00e9cis. Ergonomiques et s\u00fbrs, ils projettent une chaleur intense sur les adventices du jardin, sans risque pour les plantes alentours. Ce choc thermique d&rsquo;une puissance de 600\u00b0C \u00e0 plus de 1000\u00b0C est g\u00e9n\u00e9ralement fatal aux v\u00e9g\u00e9taux apr\u00e8s 1 ou 2 applications. Pour les vivaces plus coriaces aux racines profondes (chiendent, liseron, pissenlit&#8230;), plusieurs passages seront peut-\u00eatre n\u00e9cessaires.<\/p>\n<p>Le fonctionnement de ces br\u00fbleurs de mauvaises herbes est simple ; leur rapide et intense mont\u00e9e en temp\u00e9rature provoque l&rsquo;\u00e9clatement des cellules v\u00e9g\u00e9tales des adventices qui, en quelques jours, fl\u00e9trissent et meurent.<\/p>\n<p>Les d\u00e9sherbeurs \u00e0 gaz avec cartouche ou bouteille ne doivent pas \u00eatre utilis\u00e9s dans les zones inflammables.<\/p>\n<h2>Innovation technologue : le d\u00e9sherbeur \u00e9lectrique Green Power<\/h2>\n<p>Ne pr\u00e9sentant aucun risque d&rsquo;inflammation ni de fuite de gaz \u00e0 l&rsquo;utilisation, le d\u00e9sherbeur \u00e9lectrique brevet\u00e9 &lsquo;Green Power&rsquo; est une solution de d\u00e9sherbage \u00e9cologique, performante et s\u00fbre. Tr\u00e8s l\u00e9ger (1,1 kg), ce br\u00fbleur de mauvaises herbes nouvelle g\u00e9n\u00e9ration est en outre plus \u00e9conomique que les mod\u00e8les \u00e0 gaz (10 fois moins cher !).<\/p>\n<p>Ne n\u00e9cessitant aucun entretien ni mise en charge pr\u00e9alable, ce d\u00e9sherbeur thermique constitue une solution de d\u00e9sherbage alternatif tr\u00e8s fiable et s\u00e9curisante pour les massifs, les terrasses dall\u00e9es, le potager, les bas de murs, les endroits difficiles d&rsquo;acc\u00e8s, etc.<\/p>\n","protected":false},"excerpt":{"rendered":"<p>Le br\u00fbleur de mauvaises herbes : une solution \u00e9cologique de d\u00e9sherbage Pour se d\u00e9barrasser sans effort des adventices du jardin de mani\u00e8re naturelle, le d\u00e9sherbeur thermique repr\u00e9sente un excellent outil. Qu&rsquo;il fonctionne \u00e0 la vapeur ou \u00e0 l&rsquo;eau chaude, au gaz ou \u00e0 l&rsquo;\u00e9lectricit\u00e9, ce br\u00fbleur de mauvaises herbes ou br\u00fbleur d&rsquo;herbe propose une action [&hellip;]<\/p>\n","protected":false},"author":9,"featured_media":0,"parent":0,"menu_order":0,"comment_status":"closed","ping_status":"closed","template":"","meta":{"_acf_changed":false,"footnotes":""},"class_list":["post-4080","page","type-page","status-publish","hentry"],"acf":[],"yoast_head":"<!-- This site is optimized with the Yoast SEO plugin v27.5 - https:\/\/yoast.com\/product\/yoast-seo-wordpress\/ -->\n<title>Bruleur mauvaises herbes : d\u00e9sherbage \u00e9cologique Berthoud<\/title>\n<meta name=\"description\" content=\"Le Br\u00fbleur de mauvaises herbes est une solution \u00e9cologique pour d\u00e9sherber votre jardin. Retrouvez les d\u00e9sherbeurs thermiques Berthoud pour entretenir son jardin naturellement sans polluer les sols\" \/>\n<meta name=\"robots\" content=\"index, follow, max-snippet:-1, max-image-preview:large, max-video-preview:-1\" \/>\n<link rel=\"canonical\" href=\"https:\/\/www.berthoud.fr\/fr\/bruleur-de-mauvaises-herbes\/\" \/>\n<meta property=\"og:locale\" content=\"fr_FR\" \/>\n<meta property=\"og:type\" content=\"article\" \/>\n<meta property=\"og:title\" content=\"Bruleur mauvaises herbes : d\u00e9sherbage \u00e9cologique Berthoud\" \/>\n<meta property=\"og:description\" content=\"Le Br\u00fbleur de mauvaises herbes est une solution \u00e9cologique pour d\u00e9sherber votre jardin. Retrouvez les d\u00e9sherbeurs thermiques Berthoud pour entretenir son jardin naturellement sans polluer les sols\" \/>\n<meta property=\"og:url\" content=\"https:\/\/www.berthoud.fr\/fr\/bruleur-de-mauvaises-herbes\/\" \/>\n<meta property=\"og:site_name\" content=\"Berthoud\" \/>\n<meta name=\"twitter:card\" content=\"summary_large_image\" \/>\n<meta name=\"twitter:label1\" content=\"Dur\u00e9e de lecture estim\u00e9e\" \/>\n\t<meta name=\"twitter:data1\" content=\"2 minutes\" \/>\n<script type=\"application\/ld+json\" class=\"yoast-schema-graph\">{\"@context\":\"https:\\\/\\\/schema.org\",\"@graph\":[{\"@type\":\"WebPage\",\"@id\":\"https:\\\/\\\/www.berthoud.fr\\\/fr\\\/bruleur-de-mauvaises-herbes\\\/\",\"url\":\"https:\\\/\\\/www.berthoud.fr\\\/fr\\\/bruleur-de-mauvaises-herbes\\\/\",\"name\":\"Bruleur mauvaises herbes : d\u00e9sherbage \u00e9cologique Berthoud\",\"isPartOf\":{\"@id\":\"https:\\\/\\\/www.berthoud.fr\\\/fr\\\/#website\"},\"datePublished\":\"2018-11-22T10:29:29+00:00\",\"description\":\"Le Br\u00fbleur de mauvaises herbes est une solution \u00e9cologique pour d\u00e9sherber votre jardin. Retrouvez les d\u00e9sherbeurs thermiques Berthoud pour entretenir son jardin naturellement sans polluer les sols\",\"breadcrumb\":{\"@id\":\"https:\\\/\\\/www.berthoud.fr\\\/fr\\\/bruleur-de-mauvaises-herbes\\\/#breadcrumb\"},\"inLanguage\":\"fr-FR\",\"potentialAction\":[{\"@type\":\"ReadAction\",\"target\":[\"https:\\\/\\\/www.berthoud.fr\\\/fr\\\/bruleur-de-mauvaises-herbes\\\/\"]}]},{\"@type\":\"BreadcrumbList\",\"@id\":\"https:\\\/\\\/www.berthoud.fr\\\/fr\\\/bruleur-de-mauvaises-herbes\\\/#breadcrumb\",\"itemListElement\":[{\"@type\":\"ListItem\",\"position\":1,\"name\":\"Accueil\",\"item\":\"https:\\\/\\\/www.berthoud.fr\\\/fr\\\/accueil-2\\\/\"},{\"@type\":\"ListItem\",\"position\":2,\"name\":\"Le br\u00fbleur de mauvaises herbes : une solution \u00e9cologique de d\u00e9sherbage\"}]},{\"@type\":\"WebSite\",\"@id\":\"https:\\\/\\\/www.berthoud.fr\\\/fr\\\/#website\",\"url\":\"https:\\\/\\\/www.berthoud.fr\\\/fr\\\/\",\"name\":\"Berthoud\",\"description\":\"Pulv\u00e9risateur et pompe de jardin\",\"potentialAction\":[{\"@type\":\"SearchAction\",\"target\":{\"@type\":\"EntryPoint\",\"urlTemplate\":\"https:\\\/\\\/www.berthoud.fr\\\/fr\\\/?s={search_term_string}\"},\"query-input\":{\"@type\":\"PropertyValueSpecification\",\"valueRequired\":true,\"valueName\":\"search_term_string\"}}],\"inLanguage\":\"fr-FR\"}]}<\/script>\n<!-- \/ Yoast SEO plugin. -->","yoast_head_json":{"title":"Bruleur mauvaises herbes : d\u00e9sherbage \u00e9cologique Berthoud","description":"Le Br\u00fbleur de mauvaises herbes est une solution \u00e9cologique pour d\u00e9sherber votre jardin. Retrouvez les d\u00e9sherbeurs thermiques Berthoud pour entretenir son jardin naturellement sans polluer les sols","robots":{"index":"index","follow":"follow","max-snippet":"max-snippet:-1","max-image-preview":"max-image-preview:large","max-video-preview":"max-video-preview:-1"},"canonical":"https:\/\/www.berthoud.fr\/fr\/bruleur-de-mauvaises-herbes\/","og_locale":"fr_FR","og_type":"article","og_title":"Bruleur mauvaises herbes : d\u00e9sherbage \u00e9cologique Berthoud","og_description":"Le Br\u00fbleur de mauvaises herbes est une solution \u00e9cologique pour d\u00e9sherber votre jardin. Retrouvez les d\u00e9sherbeurs thermiques Berthoud pour entretenir son jardin naturellement sans polluer les sols","og_url":"https:\/\/www.berthoud.fr\/fr\/bruleur-de-mauvaises-herbes\/","og_site_name":"Berthoud","twitter_card":"summary_large_image","twitter_misc":{"Dur\u00e9e de lecture estim\u00e9e":"2 minutes"},"schema":{"@context":"https:\/\/schema.org","@graph":[{"@type":"WebPage","@id":"https:\/\/www.berthoud.fr\/fr\/bruleur-de-mauvaises-herbes\/","url":"https:\/\/www.berthoud.fr\/fr\/bruleur-de-mauvaises-herbes\/","name":"Bruleur mauvaises herbes : d\u00e9sherbage \u00e9cologique Berthoud","isPartOf":{"@id":"https:\/\/www.berthoud.fr\/fr\/#website"},"datePublished":"2018-11-22T10:29:29+00:00","description":"Le Br\u00fbleur de mauvaises herbes est une solution \u00e9cologique pour d\u00e9sherber votre jardin. Retrouvez les d\u00e9sherbeurs thermiques Berthoud pour entretenir son jardin naturellement sans polluer les sols","breadcrumb":{"@id":"https:\/\/www.berthoud.fr\/fr\/bruleur-de-mauvaises-herbes\/#breadcrumb"},"inLanguage":"fr-FR","potentialAction":[{"@type":"ReadAction","target":["https:\/\/www.berthoud.fr\/fr\/bruleur-de-mauvaises-herbes\/"]}]},{"@type":"BreadcrumbList","@id":"https:\/\/www.berthoud.fr\/fr\/bruleur-de-mauvaises-herbes\/#breadcrumb","itemListElement":[{"@type":"ListItem","position":1,"name":"Accueil","item":"https:\/\/www.berthoud.fr\/fr\/accueil-2\/"},{"@type":"ListItem","position":2,"name":"Le br\u00fbleur de mauvaises herbes : une solution \u00e9cologique de d\u00e9sherbage"}]},{"@type":"WebSite","@id":"https:\/\/www.berthoud.fr\/fr\/#website","url":"https:\/\/www.berthoud.fr\/fr\/","name":"Berthoud","description":"Pulv\u00e9risateur et pompe de jardin","potentialAction":[{"@type":"SearchAction","target":{"@type":"EntryPoint","urlTemplate":"https:\/\/www.berthoud.fr\/fr\/?s={search_term_string}"},"query-input":{"@type":"PropertyValueSpecification","valueRequired":true,"valueName":"search_term_string"}}],"inLanguage":"fr-FR"}]}},"_links":{"self":[{"href":"https:\/\/www.berthoud.fr\/fr\/wp-json\/wp\/v2\/pages\/4080","targetHints":{"allow":["GET"]}}],"collection":[{"href":"https:\/\/www.berthoud.fr\/fr\/wp-json\/wp\/v2\/pages"}],"about":[{"href":"https:\/\/www.berthoud.fr\/fr\/wp-json\/wp\/v2\/types\/page"}],"author":[{"embeddable":true,"href":"https:\/\/www.berthoud.fr\/fr\/wp-json\/wp\/v2\/users\/9"}],"replies":[{"embeddable":true,"href":"https:\/\/www.berthoud.fr\/fr\/wp-json\/wp\/v2\/comments?post=4080"}],"version-history":[{"count":2,"href":"https:\/\/www.berthoud.fr\/fr\/wp-json\/wp\/v2\/pages\/4080\/revisions"}],"predecessor-version":[{"id":5277,"href":"https:\/\/www.berthoud.fr\/fr\/wp-json\/wp\/v2\/pages\/4080\/revisions\/5277"}],"wp:attachment":[{"href":"https:\/\/www.berthoud.fr\/fr\/wp-json\/wp\/v2\/media?parent=4080"}],"curies":[{"name":"wp","href":"https:\/\/api.w.org\/{rel}","templated":true}]}}