{"id":4076,"date":"2018-11-22T11:30:51","date_gmt":"2018-11-22T10:30:51","guid":{"rendered":"https:\/\/www.berthoud.fr\/?page_id=4076\/"},"modified":"2019-06-11T09:16:19","modified_gmt":"2019-06-11T08:16:19","slug":"desherbeur-thermique","status":"publish","type":"page","link":"https:\/\/www.berthoud.fr\/fr\/desherbeur-thermique\/","title":{"rendered":"Le d\u00e9sherbeur thermique, une solution efficace de d\u00e9sherbage \u00e9cologique"},"content":{"rendered":"<p>&nbsp;<\/p>\n<h1>Le d\u00e9sherbeur thermique, une solution efficace de d\u00e9sherbage \u00e9cologique<\/h1>\n<p>Tr\u00e8s performant au jardin pour se d\u00e9barrasser d\u00e9finitivement des plantes ind\u00e9sirables, le <a href=\"https:\/\/www.berthoud.fr\/fr\/produit\/alternative-produits-chimiques\/desherbeur-a-gaz\/\">d\u00e9sherbeur thermique<\/a> est de plus en plus utilis\u00e9 chez les jardiniers amateurs. Les derniers mod\u00e8les \u00e9lectriques ou \u00e0 gaz permettent, lorsqu&rsquo;ils sont correctement utilis\u00e9s, un d\u00e9sherbage cibl\u00e9 sans risque pour les plantes alentours.<\/p>\n<h2>Se d\u00e9barrasser des mauvaises herbes sans polluer et sans effort avec le d\u00e9sherbage thermique<\/h2>\n<p>Pouvant se pratiquer toute l&rsquo;ann\u00e9e ind\u00e9pendamment des conditions climatiques, le d\u00e9sherbage thermique est une technique r\u00e9cente, efficace et respectueuse de l&rsquo;environnement. Elle permet de chauffer \u00e0 haute temp\u00e9rature les adventices ind\u00e9sirables. Ce choc thermique, qui peut d\u00e9passer les 1000\u00b0C pour les mod\u00e8les \u00e0 gaz, est fatal aux v\u00e9g\u00e9taux qui, en 2 ou 3 jours, se dess\u00e8chent puis meurent.<\/p>\n<p>L&rsquo;utilisation d&rsquo;un d\u00e9sherbeur thermique est tr\u00e8s pratique pour les lieux difficiles d&rsquo;acc\u00e8s comme les entre-dalles d&rsquo;une terrasse, les bords de murets, les hauts de murs, etc.<\/p>\n<p>Selon la robustesse des mauvaises herbes (plantes annuelles ou vivaces) et la profondeur de leurs racines, plusieurs passages sont parfois n\u00e9cessaires pour une extermination d\u00e9finitive (chiendent, pissenlits, etc.).<\/p>\n<h2>Quel d\u00e9sherbeur thermique choisir ?<\/h2>\n<p>Si les d\u00e9sherbeurs thermiques sont tous performants jusqu&rsquo;\u00e0 une profondeur de racines de 10 cm environ, les <a href=\"https:\/\/www.berthoud.fr\/fr\/produit\/alternative-produits-chimiques\/desherbeur-electrique\/\">mod\u00e8les \u00e9lectriques<\/a> sont les plus \u00e9cologiques. Ils ne rejettent pas de CO2 et n&rsquo;utilisent aucun consommable, contrairement aux mod\u00e8les \u00e0 gaz, \u00e0 eau chaude ou vapeur.<\/p>\n<p>Les d\u00e9sherbeurs \u00e9lectriques sont aussi plus \u00e9conomiques puisque leur utilisation est environ 10 fois moins ch\u00e8re que celle des <a href=\"https:\/\/www.berthoud.fr\/fr\/produit\/alternative-produits-chimiques\/desherbeur-a-gaz\/\">mod\u00e8les \u00e0 gaz.<\/a> Ils sont \u00e9galement plus s\u00e9curisants : absence de flamme, pas de risque de fuite, phase de refroidissement&#8230; Il convient toutefois de ne pas les utiliser lorsqu&rsquo;il pleut.<\/p>\n<p>Tr\u00e8s l\u00e9ger (1,1 kg) et ergonomique, le d\u00e9sherbeur \u00e9lectrique brevet\u00e9 Green Power de Berthoud est sp\u00e9cialement con\u00e7u pour r\u00e9pondre aux besoins des adeptes du d\u00e9sherbage alternatif les plus exigeants.<\/p>\n","protected":false},"excerpt":{"rendered":"<p>&nbsp; Le d\u00e9sherbeur thermique, une solution efficace de d\u00e9sherbage \u00e9cologique Tr\u00e8s performant au jardin pour se d\u00e9barrasser d\u00e9finitivement des plantes ind\u00e9sirables, le d\u00e9sherbeur thermique est de plus en plus utilis\u00e9 chez les jardiniers amateurs. Les derniers mod\u00e8les \u00e9lectriques ou \u00e0 gaz permettent, lorsqu&rsquo;ils sont correctement utilis\u00e9s, un d\u00e9sherbage cibl\u00e9 sans risque pour les plantes alentours. [&hellip;]<\/p>\n","protected":false},"author":9,"featured_media":0,"parent":0,"menu_order":0,"comment_status":"closed","ping_status":"closed","template":"","meta":{"_acf_changed":false,"footnotes":""},"class_list":["post-4076","page","type-page","status-publish","hentry"],"acf":[],"yoast_head":"<!-- This site is optimized with the Yoast SEO plugin v27.4 - https:\/\/yoast.com\/product\/yoast-seo-wordpress\/ -->\n<title>D\u00e9sherbeur thermique Berthoud : d\u00e9sherbant \u00e9cologique<\/title>\n<meta name=\"description\" content=\"Vous souhaiter trouver une solution efficace de d\u00e9sherbage \u00e9cologique : les d\u00e9sherbeurs thermiques Berthoud. Pour se d\u00e9barrasser des mauvaises herbes sans polluer et entretenir son jardin naturellement\" \/>\n<meta name=\"robots\" content=\"index, follow, max-snippet:-1, max-image-preview:large, max-video-preview:-1\" \/>\n<link rel=\"canonical\" href=\"https:\/\/www.berthoud.fr\/fr\/desherbeur-thermique\/\" \/>\n<meta property=\"og:locale\" content=\"fr_FR\" \/>\n<meta property=\"og:type\" content=\"article\" \/>\n<meta property=\"og:title\" content=\"D\u00e9sherbeur thermique Berthoud : d\u00e9sherbant \u00e9cologique\" \/>\n<meta property=\"og:description\" content=\"Vous souhaiter trouver une solution efficace de d\u00e9sherbage \u00e9cologique : les d\u00e9sherbeurs thermiques Berthoud. Pour se d\u00e9barrasser des mauvaises herbes sans polluer et entretenir son jardin naturellement\" \/>\n<meta property=\"og:url\" content=\"https:\/\/www.berthoud.fr\/fr\/desherbeur-thermique\/\" \/>\n<meta property=\"og:site_name\" content=\"Berthoud\" \/>\n<meta property=\"article:modified_time\" content=\"2019-06-11T08:16:19+00:00\" \/>\n<meta name=\"twitter:card\" content=\"summary_large_image\" \/>\n<meta name=\"twitter:label1\" content=\"Dur\u00e9e de lecture estim\u00e9e\" \/>\n\t<meta name=\"twitter:data1\" content=\"2 minutes\" \/>\n<script type=\"application\/ld+json\" class=\"yoast-schema-graph\">{\"@context\":\"https:\\\/\\\/schema.org\",\"@graph\":[{\"@type\":\"WebPage\",\"@id\":\"https:\\\/\\\/www.berthoud.fr\\\/fr\\\/desherbeur-thermique\\\/\",\"url\":\"https:\\\/\\\/www.berthoud.fr\\\/fr\\\/desherbeur-thermique\\\/\",\"name\":\"D\u00e9sherbeur thermique Berthoud : d\u00e9sherbant \u00e9cologique\",\"isPartOf\":{\"@id\":\"https:\\\/\\\/www.berthoud.fr\\\/fr\\\/#website\"},\"datePublished\":\"2018-11-22T10:30:51+00:00\",\"dateModified\":\"2019-06-11T08:16:19+00:00\",\"description\":\"Vous souhaiter trouver une solution efficace de d\u00e9sherbage \u00e9cologique : les d\u00e9sherbeurs thermiques Berthoud. Pour se d\u00e9barrasser des mauvaises herbes sans polluer et entretenir son jardin naturellement\",\"breadcrumb\":{\"@id\":\"https:\\\/\\\/www.berthoud.fr\\\/fr\\\/desherbeur-thermique\\\/#breadcrumb\"},\"inLanguage\":\"fr-FR\",\"potentialAction\":[{\"@type\":\"ReadAction\",\"target\":[\"https:\\\/\\\/www.berthoud.fr\\\/fr\\\/desherbeur-thermique\\\/\"]}]},{\"@type\":\"BreadcrumbList\",\"@id\":\"https:\\\/\\\/www.berthoud.fr\\\/fr\\\/desherbeur-thermique\\\/#breadcrumb\",\"itemListElement\":[{\"@type\":\"ListItem\",\"position\":1,\"name\":\"Accueil\",\"item\":\"https:\\\/\\\/www.berthoud.fr\\\/fr\\\/accueil-2\\\/\"},{\"@type\":\"ListItem\",\"position\":2,\"name\":\"Le d\u00e9sherbeur thermique, une solution efficace de d\u00e9sherbage \u00e9cologique\"}]},{\"@type\":\"WebSite\",\"@id\":\"https:\\\/\\\/www.berthoud.fr\\\/fr\\\/#website\",\"url\":\"https:\\\/\\\/www.berthoud.fr\\\/fr\\\/\",\"name\":\"Berthoud\",\"description\":\"Pulv\u00e9risateur et pompe de jardin\",\"potentialAction\":[{\"@type\":\"SearchAction\",\"target\":{\"@type\":\"EntryPoint\",\"urlTemplate\":\"https:\\\/\\\/www.berthoud.fr\\\/fr\\\/?s={search_term_string}\"},\"query-input\":{\"@type\":\"PropertyValueSpecification\",\"valueRequired\":true,\"valueName\":\"search_term_string\"}}],\"inLanguage\":\"fr-FR\"}]}<\/script>\n<!-- \/ Yoast SEO plugin. -->","yoast_head_json":{"title":"D\u00e9sherbeur thermique Berthoud : d\u00e9sherbant \u00e9cologique","description":"Vous souhaiter trouver une solution efficace de d\u00e9sherbage \u00e9cologique : les d\u00e9sherbeurs thermiques Berthoud. Pour se d\u00e9barrasser des mauvaises herbes sans polluer et entretenir son jardin naturellement","robots":{"index":"index","follow":"follow","max-snippet":"max-snippet:-1","max-image-preview":"max-image-preview:large","max-video-preview":"max-video-preview:-1"},"canonical":"https:\/\/www.berthoud.fr\/fr\/desherbeur-thermique\/","og_locale":"fr_FR","og_type":"article","og_title":"D\u00e9sherbeur thermique Berthoud : d\u00e9sherbant \u00e9cologique","og_description":"Vous souhaiter trouver une solution efficace de d\u00e9sherbage \u00e9cologique : les d\u00e9sherbeurs thermiques Berthoud. Pour se d\u00e9barrasser des mauvaises herbes sans polluer et entretenir son jardin naturellement","og_url":"https:\/\/www.berthoud.fr\/fr\/desherbeur-thermique\/","og_site_name":"Berthoud","article_modified_time":"2019-06-11T08:16:19+00:00","twitter_card":"summary_large_image","twitter_misc":{"Dur\u00e9e de lecture estim\u00e9e":"2 minutes"},"schema":{"@context":"https:\/\/schema.org","@graph":[{"@type":"WebPage","@id":"https:\/\/www.berthoud.fr\/fr\/desherbeur-thermique\/","url":"https:\/\/www.berthoud.fr\/fr\/desherbeur-thermique\/","name":"D\u00e9sherbeur thermique Berthoud : d\u00e9sherbant \u00e9cologique","isPartOf":{"@id":"https:\/\/www.berthoud.fr\/fr\/#website"},"datePublished":"2018-11-22T10:30:51+00:00","dateModified":"2019-06-11T08:16:19+00:00","description":"Vous souhaiter trouver une solution efficace de d\u00e9sherbage \u00e9cologique : les d\u00e9sherbeurs thermiques Berthoud. Pour se d\u00e9barrasser des mauvaises herbes sans polluer et entretenir son jardin naturellement","breadcrumb":{"@id":"https:\/\/www.berthoud.fr\/fr\/desherbeur-thermique\/#breadcrumb"},"inLanguage":"fr-FR","potentialAction":[{"@type":"ReadAction","target":["https:\/\/www.berthoud.fr\/fr\/desherbeur-thermique\/"]}]},{"@type":"BreadcrumbList","@id":"https:\/\/www.berthoud.fr\/fr\/desherbeur-thermique\/#breadcrumb","itemListElement":[{"@type":"ListItem","position":1,"name":"Accueil","item":"https:\/\/www.berthoud.fr\/fr\/accueil-2\/"},{"@type":"ListItem","position":2,"name":"Le d\u00e9sherbeur thermique, une solution efficace de d\u00e9sherbage \u00e9cologique"}]},{"@type":"WebSite","@id":"https:\/\/www.berthoud.fr\/fr\/#website","url":"https:\/\/www.berthoud.fr\/fr\/","name":"Berthoud","description":"Pulv\u00e9risateur et pompe de jardin","potentialAction":[{"@type":"SearchAction","target":{"@type":"EntryPoint","urlTemplate":"https:\/\/www.berthoud.fr\/fr\/?s={search_term_string}"},"query-input":{"@type":"PropertyValueSpecification","valueRequired":true,"valueName":"search_term_string"}}],"inLanguage":"fr-FR"}]}},"_links":{"self":[{"href":"https:\/\/www.berthoud.fr\/fr\/wp-json\/wp\/v2\/pages\/4076","targetHints":{"allow":["GET"]}}],"collection":[{"href":"https:\/\/www.berthoud.fr\/fr\/wp-json\/wp\/v2\/pages"}],"about":[{"href":"https:\/\/www.berthoud.fr\/fr\/wp-json\/wp\/v2\/types\/page"}],"author":[{"embeddable":true,"href":"https:\/\/www.berthoud.fr\/fr\/wp-json\/wp\/v2\/users\/9"}],"replies":[{"embeddable":true,"href":"https:\/\/www.berthoud.fr\/fr\/wp-json\/wp\/v2\/comments?post=4076"}],"version-history":[{"count":3,"href":"https:\/\/www.berthoud.fr\/fr\/wp-json\/wp\/v2\/pages\/4076\/revisions"}],"predecessor-version":[{"id":4147,"href":"https:\/\/www.berthoud.fr\/fr\/wp-json\/wp\/v2\/pages\/4076\/revisions\/4147"}],"wp:attachment":[{"href":"https:\/\/www.berthoud.fr\/fr\/wp-json\/wp\/v2\/media?parent=4076"}],"curies":[{"name":"wp","href":"https:\/\/api.w.org\/{rel}","templated":true}]}}