{"id":4072,"date":"2018-11-22T11:33:11","date_gmt":"2018-11-22T10:33:11","guid":{"rendered":"https:\/\/www.berthoud.fr\/?page_id=4072\/"},"modified":"2018-11-22T11:33:11","modified_gmt":"2018-11-22T10:33:11","slug":"desherbeur-bio","status":"publish","type":"page","link":"https:\/\/www.berthoud.fr\/fr\/desherbeur-bio\/","title":{"rendered":"D\u00e9sherbeur bio et solutions naturelles"},"content":{"rendered":"<h1>D\u00e9sherbeur bio et solutions naturelles<\/h1>\n<p>Pour se d\u00e9barrasser naturellement des mauvaises herbes annuelles et adventices plus coriaces du jardin, rien de mieux que le d\u00e9sherbeur bio. Quant au d\u00e9sherbant maison bio, contrairement aux id\u00e9es re\u00e7ues, il est tr\u00e8s performant. Quelle que soit la solution choisie, elle est \u00e9conomique mais aussi \u00e9cologique.<\/p>\n<h2>Le d\u00e9sherbeur bio \u00e9lectrique ou \u00e0 gaz, l&rsquo;alli\u00e9 du jardin naturel<\/h2>\n<p>Inoffensif pour la sant\u00e9 et l&rsquo;environnement, le d\u00e9sherbeur bio est une solution efficace. Quelques jours seulement apr\u00e8s application, les mauvaises herbes se dess\u00e8chent et meurent, lib\u00e9rant vos all\u00e9es et terrasses pav\u00e9es des adventices disgracieuses.<\/p>\n<p>\u00c9lectriques ou \u00e0 gaz, les d\u00e9sherbeurs derni\u00e8re g\u00e9n\u00e9ration sont l\u00e9gers et ergonomiques. Efficaces tant pour les mauvaises herbes annuelles qui se ress\u00e8ment au printemps que pour les adventices vivaces, ils repr\u00e9sentent une v\u00e9ritable alternative \u00e9cologique aux pesticides de synth\u00e8se. Qu&rsquo;ils soient \u00e0 flamme directe ou \u00e9lectriques, ils cr\u00e9ent un puissant choc thermique (de 600 \u00e0 1000\u00b0C) fatal pour les plantes intrusives.<\/p>\n<p>Plus s\u00e9curisants pour les amateurs, les d\u00e9sherbeurs \u00e9lectriques permettent d&rsquo;entretenir tr\u00e8s facilement le potager comme le jardin d&rsquo;agr\u00e9ment.<\/p>\n<p>Pour les utiliser :<\/p>\n<ul>\n<li>Brancher l&rsquo;appareil.<\/li>\n<li>Mettre l&rsquo;interrupteur sur la position &lsquo;Chauffe&rsquo; quelques secondes.<\/li>\n<li>Appliquer 3 \u00e0 5 secondes seulement sur les plantes \u00e0 \u00e9radiquer \u00e0 l&rsquo;aide du cache pr\u00e9vu.<\/li>\n<li>Mettre l&rsquo;interrupteur sur la position &lsquo;Ventilation&rsquo; puis appuyer sur le bouton &lsquo;Off&rsquo;.<\/li>\n<\/ul>\n<h2>Solutions naturelles pour d\u00e9sherber et limiter les mauvaises herbes au jardin<\/h2>\n<p>Pour pr\u00e9venir l&rsquo;apparition des mauvaises herbes au jardin, voici quelques r\u00e8gles simples \u00e0 appliquer :<\/p>\n<ul>\n<li>Pailler les all\u00e9es ;<\/li>\n<li>Couvrir les massifs de tontes de gazon, \u00e9corces de pin, paille, etc. ;<\/li>\n<li>Couper les plantes ind\u00e9sirables avant qu&rsquo;elles ne montent en graines ;<\/li>\n<li>Planter des engrais verts qui nourrissent le sol et emp\u00eachent la lev\u00e9e des adventices, etc.<\/li>\n<\/ul>\n<p>Certaines pr\u00e9parations maison \u00e0 pulv\u00e9riser sont efficaces contre les mauvaises herbes : purin d&rsquo;ortie et vinaigre blanc purs, eaux de cuisson (riz, p\u00e2tes, pommes de terre), eau bouillante sal\u00e9e, huiles essentielles de basilic ou citrus, bicarbonate de soude, etc.<\/p>\n<p>Quelle que soit la solution naturelle choisie, il ne faut pas abuser des d\u00e9sherbants, m\u00eame \u00e9cologiques, afin de ne pas nuire \u00e0 la micro-biodiversit\u00e9 du sol.<\/p>\n<p>Savez-vous aussi que certaines plantes, consid\u00e9r\u00e9es comme mauvaises herbes, sont excellentes \u00e0 la consommation ? Crues ou cuites, les jeunes pousses qui se r\u00e9coltent surtout au printemps, fournissent un repas original et \u00e9conomique : ail des ours, \u00e9gopodes, marguerites, orties, pissenlits, plantain, etc.<\/p>\n<p>IMPORTANT : Ces recettes maison sont utilis\u00e9es par des centres type Terre Vivante, mais ne sont pas des produits \u00e0 l\u2019efficacit\u00e9 test\u00e9e en laboratoire, ni soumis \u00e0 des autorisations de mise sur le march\u00e9. Elles sont donc \u00e0 utiliser en compl\u00e9ment ou en pr\u00e9vention, mais ne remplacent pas des traitements homologu\u00e9s.<\/p>\n","protected":false},"excerpt":{"rendered":"<p>D\u00e9sherbeur bio et solutions naturelles Pour se d\u00e9barrasser naturellement des mauvaises herbes annuelles et adventices plus coriaces du jardin, rien de mieux que le d\u00e9sherbeur bio. Quant au d\u00e9sherbant maison bio, contrairement aux id\u00e9es re\u00e7ues, il est tr\u00e8s performant. Quelle que soit la solution choisie, elle est \u00e9conomique mais aussi \u00e9cologique. Le d\u00e9sherbeur bio \u00e9lectrique [&hellip;]<\/p>\n","protected":false},"author":9,"featured_media":0,"parent":0,"menu_order":0,"comment_status":"closed","ping_status":"closed","template":"","meta":{"_acf_changed":false,"footnotes":""},"class_list":["post-4072","page","type-page","status-publish","hentry"],"acf":[],"yoast_head":"<!-- This site is optimized with the Yoast SEO plugin v27.6 - https:\/\/yoast.com\/product\/yoast-seo-wordpress\/ -->\n<title>D\u00e9sherbeur bio Berthoud : solution naturelle pour d\u00e9sherber<\/title>\n<meta name=\"description\" content=\"Pour d\u00e9sherber votre jardin au naturel, retrouvez les d\u00e9sherbeurs bio Berthoud. \u00c9lectriques ou \u00e0 gaz, les d\u00e9sherbeurs derni\u00e8re g\u00e9n\u00e9ration sont l\u00e9gers et ergonomiques. Efficaces contre les mauvaises herbes et les adventices vivaces\" \/>\n<meta name=\"robots\" content=\"index, follow, max-snippet:-1, max-image-preview:large, max-video-preview:-1\" \/>\n<link rel=\"canonical\" href=\"https:\/\/www.berthoud.fr\/fr\/desherbeur-bio\/\" \/>\n<meta property=\"og:locale\" content=\"fr_FR\" \/>\n<meta property=\"og:type\" content=\"article\" \/>\n<meta property=\"og:title\" content=\"D\u00e9sherbeur bio Berthoud : solution naturelle pour d\u00e9sherber\" \/>\n<meta property=\"og:description\" content=\"Pour d\u00e9sherber votre jardin au naturel, retrouvez les d\u00e9sherbeurs bio Berthoud. \u00c9lectriques ou \u00e0 gaz, les d\u00e9sherbeurs derni\u00e8re g\u00e9n\u00e9ration sont l\u00e9gers et ergonomiques. Efficaces contre les mauvaises herbes et les adventices vivaces\" \/>\n<meta property=\"og:url\" content=\"https:\/\/www.berthoud.fr\/fr\/desherbeur-bio\/\" \/>\n<meta property=\"og:site_name\" content=\"Berthoud\" \/>\n<meta name=\"twitter:card\" content=\"summary_large_image\" \/>\n<meta name=\"twitter:label1\" content=\"Dur\u00e9e de lecture estim\u00e9e\" \/>\n\t<meta name=\"twitter:data1\" content=\"2 minutes\" \/>\n<script type=\"application\/ld+json\" class=\"yoast-schema-graph\">{\"@context\":\"https:\\\/\\\/schema.org\",\"@graph\":[{\"@type\":\"WebPage\",\"@id\":\"https:\\\/\\\/www.berthoud.fr\\\/fr\\\/desherbeur-bio\\\/\",\"url\":\"https:\\\/\\\/www.berthoud.fr\\\/fr\\\/desherbeur-bio\\\/\",\"name\":\"D\u00e9sherbeur bio Berthoud : solution naturelle pour d\u00e9sherber\",\"isPartOf\":{\"@id\":\"https:\\\/\\\/www.berthoud.fr\\\/fr\\\/#website\"},\"datePublished\":\"2018-11-22T10:33:11+00:00\",\"description\":\"Pour d\u00e9sherber votre jardin au naturel, retrouvez les d\u00e9sherbeurs bio Berthoud. \u00c9lectriques ou \u00e0 gaz, les d\u00e9sherbeurs derni\u00e8re g\u00e9n\u00e9ration sont l\u00e9gers et ergonomiques. Efficaces contre les mauvaises herbes et les adventices vivaces\",\"breadcrumb\":{\"@id\":\"https:\\\/\\\/www.berthoud.fr\\\/fr\\\/desherbeur-bio\\\/#breadcrumb\"},\"inLanguage\":\"fr-FR\",\"potentialAction\":[{\"@type\":\"ReadAction\",\"target\":[\"https:\\\/\\\/www.berthoud.fr\\\/fr\\\/desherbeur-bio\\\/\"]}]},{\"@type\":\"BreadcrumbList\",\"@id\":\"https:\\\/\\\/www.berthoud.fr\\\/fr\\\/desherbeur-bio\\\/#breadcrumb\",\"itemListElement\":[{\"@type\":\"ListItem\",\"position\":1,\"name\":\"Accueil\",\"item\":\"https:\\\/\\\/www.berthoud.fr\\\/fr\\\/accueil-2\\\/\"},{\"@type\":\"ListItem\",\"position\":2,\"name\":\"D\u00e9sherbeur bio et solutions naturelles\"}]},{\"@type\":\"WebSite\",\"@id\":\"https:\\\/\\\/www.berthoud.fr\\\/fr\\\/#website\",\"url\":\"https:\\\/\\\/www.berthoud.fr\\\/fr\\\/\",\"name\":\"Berthoud\",\"description\":\"Pulv\u00e9risateur et pompe de jardin\",\"potentialAction\":[{\"@type\":\"SearchAction\",\"target\":{\"@type\":\"EntryPoint\",\"urlTemplate\":\"https:\\\/\\\/www.berthoud.fr\\\/fr\\\/?s={search_term_string}\"},\"query-input\":{\"@type\":\"PropertyValueSpecification\",\"valueRequired\":true,\"valueName\":\"search_term_string\"}}],\"inLanguage\":\"fr-FR\"}]}<\/script>\n<!-- \/ Yoast SEO plugin. -->","yoast_head_json":{"title":"D\u00e9sherbeur bio Berthoud : solution naturelle pour d\u00e9sherber","description":"Pour d\u00e9sherber votre jardin au naturel, retrouvez les d\u00e9sherbeurs bio Berthoud. \u00c9lectriques ou \u00e0 gaz, les d\u00e9sherbeurs derni\u00e8re g\u00e9n\u00e9ration sont l\u00e9gers et ergonomiques. Efficaces contre les mauvaises herbes et les adventices vivaces","robots":{"index":"index","follow":"follow","max-snippet":"max-snippet:-1","max-image-preview":"max-image-preview:large","max-video-preview":"max-video-preview:-1"},"canonical":"https:\/\/www.berthoud.fr\/fr\/desherbeur-bio\/","og_locale":"fr_FR","og_type":"article","og_title":"D\u00e9sherbeur bio Berthoud : solution naturelle pour d\u00e9sherber","og_description":"Pour d\u00e9sherber votre jardin au naturel, retrouvez les d\u00e9sherbeurs bio Berthoud. \u00c9lectriques ou \u00e0 gaz, les d\u00e9sherbeurs derni\u00e8re g\u00e9n\u00e9ration sont l\u00e9gers et ergonomiques. Efficaces contre les mauvaises herbes et les adventices vivaces","og_url":"https:\/\/www.berthoud.fr\/fr\/desherbeur-bio\/","og_site_name":"Berthoud","twitter_card":"summary_large_image","twitter_misc":{"Dur\u00e9e de lecture estim\u00e9e":"2 minutes"},"schema":{"@context":"https:\/\/schema.org","@graph":[{"@type":"WebPage","@id":"https:\/\/www.berthoud.fr\/fr\/desherbeur-bio\/","url":"https:\/\/www.berthoud.fr\/fr\/desherbeur-bio\/","name":"D\u00e9sherbeur bio Berthoud : solution naturelle pour d\u00e9sherber","isPartOf":{"@id":"https:\/\/www.berthoud.fr\/fr\/#website"},"datePublished":"2018-11-22T10:33:11+00:00","description":"Pour d\u00e9sherber votre jardin au naturel, retrouvez les d\u00e9sherbeurs bio Berthoud. \u00c9lectriques ou \u00e0 gaz, les d\u00e9sherbeurs derni\u00e8re g\u00e9n\u00e9ration sont l\u00e9gers et ergonomiques. Efficaces contre les mauvaises herbes et les adventices vivaces","breadcrumb":{"@id":"https:\/\/www.berthoud.fr\/fr\/desherbeur-bio\/#breadcrumb"},"inLanguage":"fr-FR","potentialAction":[{"@type":"ReadAction","target":["https:\/\/www.berthoud.fr\/fr\/desherbeur-bio\/"]}]},{"@type":"BreadcrumbList","@id":"https:\/\/www.berthoud.fr\/fr\/desherbeur-bio\/#breadcrumb","itemListElement":[{"@type":"ListItem","position":1,"name":"Accueil","item":"https:\/\/www.berthoud.fr\/fr\/accueil-2\/"},{"@type":"ListItem","position":2,"name":"D\u00e9sherbeur bio et solutions naturelles"}]},{"@type":"WebSite","@id":"https:\/\/www.berthoud.fr\/fr\/#website","url":"https:\/\/www.berthoud.fr\/fr\/","name":"Berthoud","description":"Pulv\u00e9risateur et pompe de jardin","potentialAction":[{"@type":"SearchAction","target":{"@type":"EntryPoint","urlTemplate":"https:\/\/www.berthoud.fr\/fr\/?s={search_term_string}"},"query-input":{"@type":"PropertyValueSpecification","valueRequired":true,"valueName":"search_term_string"}}],"inLanguage":"fr-FR"}]}},"_links":{"self":[{"href":"https:\/\/www.berthoud.fr\/fr\/wp-json\/wp\/v2\/pages\/4072","targetHints":{"allow":["GET"]}}],"collection":[{"href":"https:\/\/www.berthoud.fr\/fr\/wp-json\/wp\/v2\/pages"}],"about":[{"href":"https:\/\/www.berthoud.fr\/fr\/wp-json\/wp\/v2\/types\/page"}],"author":[{"embeddable":true,"href":"https:\/\/www.berthoud.fr\/fr\/wp-json\/wp\/v2\/users\/9"}],"replies":[{"embeddable":true,"href":"https:\/\/www.berthoud.fr\/fr\/wp-json\/wp\/v2\/comments?post=4072"}],"version-history":[{"count":2,"href":"https:\/\/www.berthoud.fr\/fr\/wp-json\/wp\/v2\/pages\/4072\/revisions"}],"predecessor-version":[{"id":4101,"href":"https:\/\/www.berthoud.fr\/fr\/wp-json\/wp\/v2\/pages\/4072\/revisions\/4101"}],"wp:attachment":[{"href":"https:\/\/www.berthoud.fr\/fr\/wp-json\/wp\/v2\/media?parent=4072"}],"curies":[{"name":"wp","href":"https:\/\/api.w.org\/{rel}","templated":true}]}}