{"id":4070,"date":"2018-11-22T11:33:33","date_gmt":"2018-11-22T10:33:33","guid":{"rendered":"https:\/\/www.berthoud.fr\/?page_id=4070\/"},"modified":"2018-11-22T11:33:33","modified_gmt":"2018-11-22T10:33:33","slug":"pulverisateur-desherbant-naturel","status":"publish","type":"page","link":"https:\/\/www.berthoud.fr\/fr\/pulverisateur-desherbant-naturel\/","title":{"rendered":"Pulv\u00e9risateur d\u00e9sherbant naturel : la solution bio de d\u00e9sherbage"},"content":{"rendered":"<h1>Pulv\u00e9risateur d\u00e9sherbant naturel : la solution bio de d\u00e9sherbage<\/h1>\n<p>Pour se d\u00e9barrasser d\u00e9finitivement des mauvaises herbes sans polluer, plusieurs solutions \u00e9cologiques sont offertes aux jardiniers responsables : le pulv\u00e9risateur d\u00e9sherbant naturel et le d\u00e9sherbeur. Efficaces mais aussi inoffensives pour la sant\u00e9 et l&rsquo;environnement, ces m\u00e9thodes repr\u00e9sentent une excellente alternative aux produits chimiques de synth\u00e8se.<\/p>\n<h2>Recettes maison pour pulv\u00e9risateur d\u00e9sherbant naturel<\/h2>\n<p>Les d\u00e9sherbants chimiques ne sont heureusement pas les seuls \u00e0 \u00e9radiquer les mauvaises herbes annuelles et les adventices plus r\u00e9sistants. Les &lsquo;potions&rsquo; maison permettent aussi de se d\u00e9barrasser facilement et sans nuisance de ces intruses dans le jardin potager ou d&rsquo;ornement mais aussi dans les vergers, les vignes&#8230;<\/p>\n<p>En application unique ou r\u00e9p\u00e9t\u00e9e (\u00e0 quelques jours d&rsquo;intervalle), le d\u00e9sherbant naturel pour pulv\u00e9risateur est tr\u00e8s simple \u00e0 pr\u00e9parer. Il est \u00e9galement tr\u00e8s \u00e9conomique. Plusieurs recettes sont efficaces.<\/p>\n<ul>\n<li>Le purin d&rsquo;ortie : utilis\u00e9 pur sans dilution, il constitue un d\u00e9sherbant naturel \u00e0 pulv\u00e9riser tr\u00e8s puissant ; r\u00e9servez-le pour les terrasses, les all\u00e9es, les bords de murets afin de ne pas perturber l&rsquo;\u00e9cosyst\u00e8me du lieu ;<\/li>\n<li>Pr\u00e9paration \u00e0 base d&rsquo;eau de pluie (5 l), 200 ml de vinaigre blanc et 1 kg de sel iod\u00e9 ;<\/li>\n<li>Huiles essentielles de basilic et citrus (en dilution avec de l&rsquo;eau et du savon liquide) ;<\/li>\n<li>Eaux de cuisson du riz, des pommes de terre et des p\u00e2tes (additionn\u00e9es de savon liquide) ;<\/li>\n<li>Eau tr\u00e8s chaude (chauff\u00e9e au solaire bien s\u00fbr).<\/li>\n<\/ul>\n<p>Tous ces d\u00e9sherbants \u00e9cologiques peuvent \u00eatre pulv\u00e9ris\u00e9s, en pr\u00e9vention des futures pousses (au printemps) ou directement sur les mauvaises herbes (pr\u00e9alablement coup\u00e9es).<\/p>\n<p>IMPORTANT : Ces recettes maison sont utilis\u00e9es par des centres type Terre Vivante, mais ne sont pas des produits \u00e0 l\u2019efficacit\u00e9 test\u00e9e en laboratoire, ni soumis \u00e0 des autorisations de mise sur le march\u00e9. Elles sont donc \u00e0 utiliser en compl\u00e9ment ou en pr\u00e9vention, mais ne remplacent pas des traitements homologu\u00e9s.<\/p>\n<h2>Choisir un d\u00e9sherbeur thermique \u00e0 gaz ou \u00e9lectrique ?<\/h2>\n<p>Tout comme le pulv\u00e9risateur d\u00e9sherbant naturel, le d\u00e9sherbeur thermique repr\u00e9sente \u00e9galement une solution \u00e9cologique performante pour faire dispara\u00eetre les mauvaises herbes r\u00e9calcitrantes. A flamme directe (cartouche de gaz ou br\u00fbleur) ou \u00e9lectriques, les d\u00e9sherbeurs permettent de d\u00e9truire les mauvaises herbes en 2-3 jours gr\u00e2ce \u00e0 un tr\u00e8s grand choc thermique : environ 600\u00b0C pour les d\u00e9sherbeurs \u00e9lectriques et autour de 1000\u00b0C pour les mod\u00e8les \u00e0 gaz. Ils sont particuli\u00e8rement recommand\u00e9s pour les all\u00e9es, les bordures et les terrasses pav\u00e9es.<\/p>\n<p>Il est important de choisir un mod\u00e8le de d\u00e9sherbeur thermique l\u00e9ger et ergonomique pour limiter les probl\u00e8mes de dos. Si vous d\u00e9butez dans la pratique du d\u00e9sherbage thermique, pr\u00e9f\u00e9rez un mod\u00e8le \u00e9lectrique, plus maniable et s\u00e9curisant.<\/p>\n<p>&nbsp;<\/p>\n","protected":false},"excerpt":{"rendered":"<p>Pulv\u00e9risateur d\u00e9sherbant naturel : la solution bio de d\u00e9sherbage Pour se d\u00e9barrasser d\u00e9finitivement des mauvaises herbes sans polluer, plusieurs solutions \u00e9cologiques sont offertes aux jardiniers responsables : le pulv\u00e9risateur d\u00e9sherbant naturel et le d\u00e9sherbeur. Efficaces mais aussi inoffensives pour la sant\u00e9 et l&rsquo;environnement, ces m\u00e9thodes repr\u00e9sentent une excellente alternative aux produits chimiques de synth\u00e8se. Recettes [&hellip;]<\/p>\n","protected":false},"author":9,"featured_media":0,"parent":0,"menu_order":0,"comment_status":"closed","ping_status":"closed","template":"","meta":{"_acf_changed":false,"footnotes":""},"class_list":["post-4070","page","type-page","status-publish","hentry"],"acf":[],"yoast_head":"<!-- This site is optimized with the Yoast SEO plugin v27.3 - https:\/\/yoast.com\/product\/yoast-seo-wordpress\/ -->\n<title>Pulv\u00e9risateur d\u00e9sherbant naturel Berthoud : solution bio de d\u00e9sherbage<\/title>\n<meta name=\"description\" content=\"Vous souhaitez vous d\u00e9barrasser des mauvaises herbes sans polluer? Retrouvez les pulv\u00e9risateurs d\u00e9sherbants bio Berthoud et les recettes maisons de d\u00e9sherbant naturel pour entretenir votre jardin \u00e9cologiquement\" \/>\n<meta name=\"robots\" content=\"index, follow, max-snippet:-1, max-image-preview:large, max-video-preview:-1\" \/>\n<link rel=\"canonical\" href=\"https:\/\/www.berthoud.fr\/fr\/pulverisateur-desherbant-naturel\/\" \/>\n<meta property=\"og:locale\" content=\"fr_FR\" \/>\n<meta property=\"og:type\" content=\"article\" \/>\n<meta property=\"og:title\" content=\"Pulv\u00e9risateur d\u00e9sherbant naturel Berthoud : solution bio de d\u00e9sherbage\" \/>\n<meta property=\"og:description\" content=\"Vous souhaitez vous d\u00e9barrasser des mauvaises herbes sans polluer? Retrouvez les pulv\u00e9risateurs d\u00e9sherbants bio Berthoud et les recettes maisons de d\u00e9sherbant naturel pour entretenir votre jardin \u00e9cologiquement\" \/>\n<meta property=\"og:url\" content=\"https:\/\/www.berthoud.fr\/fr\/pulverisateur-desherbant-naturel\/\" \/>\n<meta property=\"og:site_name\" content=\"Berthoud\" \/>\n<meta name=\"twitter:card\" content=\"summary_large_image\" \/>\n<meta name=\"twitter:label1\" content=\"Dur\u00e9e de lecture estim\u00e9e\" \/>\n\t<meta name=\"twitter:data1\" content=\"2 minutes\" \/>\n<script type=\"application\/ld+json\" class=\"yoast-schema-graph\">{\"@context\":\"https:\\\/\\\/schema.org\",\"@graph\":[{\"@type\":\"WebPage\",\"@id\":\"https:\\\/\\\/www.berthoud.fr\\\/fr\\\/pulverisateur-desherbant-naturel\\\/\",\"url\":\"https:\\\/\\\/www.berthoud.fr\\\/fr\\\/pulverisateur-desherbant-naturel\\\/\",\"name\":\"Pulv\u00e9risateur d\u00e9sherbant naturel Berthoud : solution bio de d\u00e9sherbage\",\"isPartOf\":{\"@id\":\"https:\\\/\\\/www.berthoud.fr\\\/fr\\\/#website\"},\"datePublished\":\"2018-11-22T10:33:33+00:00\",\"description\":\"Vous souhaitez vous d\u00e9barrasser des mauvaises herbes sans polluer? Retrouvez les pulv\u00e9risateurs d\u00e9sherbants bio Berthoud et les recettes maisons de d\u00e9sherbant naturel pour entretenir votre jardin \u00e9cologiquement\",\"breadcrumb\":{\"@id\":\"https:\\\/\\\/www.berthoud.fr\\\/fr\\\/pulverisateur-desherbant-naturel\\\/#breadcrumb\"},\"inLanguage\":\"fr-FR\",\"potentialAction\":[{\"@type\":\"ReadAction\",\"target\":[\"https:\\\/\\\/www.berthoud.fr\\\/fr\\\/pulverisateur-desherbant-naturel\\\/\"]}]},{\"@type\":\"BreadcrumbList\",\"@id\":\"https:\\\/\\\/www.berthoud.fr\\\/fr\\\/pulverisateur-desherbant-naturel\\\/#breadcrumb\",\"itemListElement\":[{\"@type\":\"ListItem\",\"position\":1,\"name\":\"Accueil\",\"item\":\"https:\\\/\\\/www.berthoud.fr\\\/fr\\\/accueil-2\\\/\"},{\"@type\":\"ListItem\",\"position\":2,\"name\":\"Pulv\u00e9risateur d\u00e9sherbant naturel : la solution bio de d\u00e9sherbage\"}]},{\"@type\":\"WebSite\",\"@id\":\"https:\\\/\\\/www.berthoud.fr\\\/fr\\\/#website\",\"url\":\"https:\\\/\\\/www.berthoud.fr\\\/fr\\\/\",\"name\":\"Berthoud\",\"description\":\"Pulv\u00e9risateur et pompe de jardin\",\"potentialAction\":[{\"@type\":\"SearchAction\",\"target\":{\"@type\":\"EntryPoint\",\"urlTemplate\":\"https:\\\/\\\/www.berthoud.fr\\\/fr\\\/?s={search_term_string}\"},\"query-input\":{\"@type\":\"PropertyValueSpecification\",\"valueRequired\":true,\"valueName\":\"search_term_string\"}}],\"inLanguage\":\"fr-FR\"}]}<\/script>\n<!-- \/ Yoast SEO plugin. -->","yoast_head_json":{"title":"Pulv\u00e9risateur d\u00e9sherbant naturel Berthoud : solution bio de d\u00e9sherbage","description":"Vous souhaitez vous d\u00e9barrasser des mauvaises herbes sans polluer? Retrouvez les pulv\u00e9risateurs d\u00e9sherbants bio Berthoud et les recettes maisons de d\u00e9sherbant naturel pour entretenir votre jardin \u00e9cologiquement","robots":{"index":"index","follow":"follow","max-snippet":"max-snippet:-1","max-image-preview":"max-image-preview:large","max-video-preview":"max-video-preview:-1"},"canonical":"https:\/\/www.berthoud.fr\/fr\/pulverisateur-desherbant-naturel\/","og_locale":"fr_FR","og_type":"article","og_title":"Pulv\u00e9risateur d\u00e9sherbant naturel Berthoud : solution bio de d\u00e9sherbage","og_description":"Vous souhaitez vous d\u00e9barrasser des mauvaises herbes sans polluer? Retrouvez les pulv\u00e9risateurs d\u00e9sherbants bio Berthoud et les recettes maisons de d\u00e9sherbant naturel pour entretenir votre jardin \u00e9cologiquement","og_url":"https:\/\/www.berthoud.fr\/fr\/pulverisateur-desherbant-naturel\/","og_site_name":"Berthoud","twitter_card":"summary_large_image","twitter_misc":{"Dur\u00e9e de lecture estim\u00e9e":"2 minutes"},"schema":{"@context":"https:\/\/schema.org","@graph":[{"@type":"WebPage","@id":"https:\/\/www.berthoud.fr\/fr\/pulverisateur-desherbant-naturel\/","url":"https:\/\/www.berthoud.fr\/fr\/pulverisateur-desherbant-naturel\/","name":"Pulv\u00e9risateur d\u00e9sherbant naturel Berthoud : solution bio de d\u00e9sherbage","isPartOf":{"@id":"https:\/\/www.berthoud.fr\/fr\/#website"},"datePublished":"2018-11-22T10:33:33+00:00","description":"Vous souhaitez vous d\u00e9barrasser des mauvaises herbes sans polluer? Retrouvez les pulv\u00e9risateurs d\u00e9sherbants bio Berthoud et les recettes maisons de d\u00e9sherbant naturel pour entretenir votre jardin \u00e9cologiquement","breadcrumb":{"@id":"https:\/\/www.berthoud.fr\/fr\/pulverisateur-desherbant-naturel\/#breadcrumb"},"inLanguage":"fr-FR","potentialAction":[{"@type":"ReadAction","target":["https:\/\/www.berthoud.fr\/fr\/pulverisateur-desherbant-naturel\/"]}]},{"@type":"BreadcrumbList","@id":"https:\/\/www.berthoud.fr\/fr\/pulverisateur-desherbant-naturel\/#breadcrumb","itemListElement":[{"@type":"ListItem","position":1,"name":"Accueil","item":"https:\/\/www.berthoud.fr\/fr\/accueil-2\/"},{"@type":"ListItem","position":2,"name":"Pulv\u00e9risateur d\u00e9sherbant naturel : la solution bio de d\u00e9sherbage"}]},{"@type":"WebSite","@id":"https:\/\/www.berthoud.fr\/fr\/#website","url":"https:\/\/www.berthoud.fr\/fr\/","name":"Berthoud","description":"Pulv\u00e9risateur et pompe de jardin","potentialAction":[{"@type":"SearchAction","target":{"@type":"EntryPoint","urlTemplate":"https:\/\/www.berthoud.fr\/fr\/?s={search_term_string}"},"query-input":{"@type":"PropertyValueSpecification","valueRequired":true,"valueName":"search_term_string"}}],"inLanguage":"fr-FR"}]}},"_links":{"self":[{"href":"https:\/\/www.berthoud.fr\/fr\/wp-json\/wp\/v2\/pages\/4070","targetHints":{"allow":["GET"]}}],"collection":[{"href":"https:\/\/www.berthoud.fr\/fr\/wp-json\/wp\/v2\/pages"}],"about":[{"href":"https:\/\/www.berthoud.fr\/fr\/wp-json\/wp\/v2\/types\/page"}],"author":[{"embeddable":true,"href":"https:\/\/www.berthoud.fr\/fr\/wp-json\/wp\/v2\/users\/9"}],"replies":[{"embeddable":true,"href":"https:\/\/www.berthoud.fr\/fr\/wp-json\/wp\/v2\/comments?post=4070"}],"version-history":[{"count":2,"href":"https:\/\/www.berthoud.fr\/fr\/wp-json\/wp\/v2\/pages\/4070\/revisions"}],"predecessor-version":[{"id":4102,"href":"https:\/\/www.berthoud.fr\/fr\/wp-json\/wp\/v2\/pages\/4070\/revisions\/4102"}],"wp:attachment":[{"href":"https:\/\/www.berthoud.fr\/fr\/wp-json\/wp\/v2\/media?parent=4070"}],"curies":[{"name":"wp","href":"https:\/\/api.w.org\/{rel}","templated":true}]}}