{"id":16,"date":"2014-06-13T11:28:51","date_gmt":"2014-06-13T10:28:51","guid":{"rendered":"https:\/\/www.berthoud.fr\/?page_id=16"},"modified":"2019-01-04T16:34:36","modified_gmt":"2019-01-04T15:34:36","slug":"utilisation-des-cookies","status":"publish","type":"page","link":"https:\/\/www.berthoud.fr\/fr\/utilisation-des-cookies\/","title":{"rendered":"Utilisation des cookies"},"content":{"rendered":"<h2>Contexte \u2013 Qu\u2019est-ce qu\u2019un cookie ?<\/h2>\n<p>Un cookie est un fichier texte contenant une petite quantit\u00e9 d\u2019informations qui est install\u00e9 sur votre ordinateur ou votre p\u00e9riph\u00e9rique mobile lors de votre premi\u00e8re visite sur un site Internet. Nous utilisons des cookies afin d\u2019am\u00e9liorer le fonctionnement de notre site pour nos utilisateurs. Les cookies remplissent un certain nombre de fonctions : ils vous permettent, par exemple, de naviguer de mani\u00e8re fluide entre les pages, retiennent vos pr\u00e9f\u00e9rences, et permettent en g\u00e9n\u00e9ral d\u2019am\u00e9liorer l\u2019exp\u00e9rience de l\u2019utilisateur. Vous trouverez davantage d\u2019informations sur les cookies en consultant les sites suivants :<\/p>\n<ul>\n<li><a href=\"http:\/\/www.allaboutcookies.org\" target=\"_blank\" rel=\"noopener\">www.allaboutcookies.org<\/a><\/li>\n<li><a href=\"http:\/\/www.aboutcookies.org\" target=\"_blank\" rel=\"noopener\">www.aboutcookies.org<\/a><\/li>\n<li><a href=\"http:\/\/www.youronlinechoices.org\" target=\"_blank\" rel=\"noopener\">www.youronlinechoices.eu<\/a><\/li>\n<\/ul>\n<p>En utilisant notre site Internet, vous nous autorisez \u00e0 installer des cookies sur votre p\u00e9riph\u00e9rique. Cette politique est con\u00e7ue pour vous expliquer \u00e0 quoi nous servent ces cookies et ce qu\u2019ils font.<\/p>\n<h2>Cookies strictement n\u00e9cessaires<\/h2>\n<p>Ces cookies sont n\u00e9cessaires au bon fonctionnement de notre site Internet. Nous les utilisons pour le panier.<\/p>\n<h2>Cookies de suivi<\/h2>\n<p>Ces cookies recueillent des informations sur l\u2019utilisation du site Internet par les visiteurs, les pages les plus visit\u00e9es et les messages d\u2019erreur re\u00e7us. Les informations recueillies sont anonymes et nous aident \u00e0 am\u00e9liorer le fonctionnement de notre site. Elles ne permettent pas d\u2019identifier les personnes concern\u00e9es.<\/p>\n<p>Nous utilisons des cookies fournis par Google Analytics afin d\u2019\u00e9valuer l\u2019efficacit\u00e9 de nos publicit\u00e9s et de comprendre la mani\u00e8re dont les visiteurs utilisent notre site. Ces informations nous permettent de savoir quelle sont les pages les plus populaires, les produits qui int\u00e9ressent le plus nos clients et le type d\u2019offres qu\u2019ils pr\u00e9f\u00e8rent. Bien que ce soit Google Analytics qui enregistre pour nous les informations fournies par le site, nous contr\u00f4lons l\u2019utilisation des donn\u00e9es. Si vous ne souhaitez pas participer \u00e0 l\u2019am\u00e9lioration de notre site Internet, de nos produits, de nos offres et de notre strat\u00e9gie marketing, vous pouvez d\u00e9sactiver cet outil d&rsquo;analyse de sites Internet en cliquant sur le lien suivant : http:\/\/www.tools.google.com\/dlpage\/gaoptout.<\/p>\n<h2>Cookies de fonctionnalit\u00e9<\/h2>\n<p>Ces cookies nous permettent de m\u00e9moriser les choix que vous avez fait (par exemple : votre nom d\u2019utilisateur, votre langue) et de vous proposer de meilleures fonctionnalit\u00e9s qui seront personnalis\u00e9es. Les informations collect\u00e9es par ces cookies ne permettent pas de suivre votre activit\u00e9 sur les autres sites visit\u00e9s.<\/p>\n<h2>Les informations sont-elles \u00e0 jour ?<\/h2>\n<p>Notre site Internet est actualis\u00e9 r\u00e9guli\u00e8rement. Cette politique sera mise \u00e0 jour en cas de mise en place de nouveaux cookies ou de modification des param\u00e8tres.<\/p>\n<h2>Sites Internet tiers<\/h2>\n<p>Notre site Internet contient des liens renvoyant vers d\u2019autres sites, et nous ne savons pas quels sont les cookies utilis\u00e9s par ces derniers. Pour en savoir plus, veuillez consulter les informations fournies par ces sites tiers sur leurs propres cookies.<\/p>\n","protected":false},"excerpt":{"rendered":"<p>Contexte \u2013 Qu\u2019est-ce qu\u2019un cookie ? Un cookie est un fichier texte contenant une petite quantit\u00e9 d\u2019informations qui est install\u00e9 sur votre ordinateur ou votre p\u00e9riph\u00e9rique mobile lors de votre premi\u00e8re visite sur un site Internet. Nous utilisons des cookies afin d\u2019am\u00e9liorer le fonctionnement de notre site pour nos utilisateurs. Les cookies remplissent un certain [&hellip;]<\/p>\n","protected":false},"author":4,"featured_media":0,"parent":0,"menu_order":0,"comment_status":"closed","ping_status":"closed","template":"","meta":{"_acf_changed":false,"footnotes":""},"class_list":["post-16","page","type-page","status-publish","hentry"],"acf":[],"yoast_head":"<!-- This site is optimized with the Yoast SEO plugin v27.4 - https:\/\/yoast.com\/product\/yoast-seo-wordpress\/ -->\n<title>Utilisation des cookies - Berthoud<\/title>\n<meta name=\"robots\" content=\"index, follow, max-snippet:-1, max-image-preview:large, max-video-preview:-1\" \/>\n<link rel=\"canonical\" href=\"https:\/\/www.berthoud.fr\/fr\/utilisation-des-cookies\/\" \/>\n<meta property=\"og:locale\" content=\"fr_FR\" \/>\n<meta property=\"og:type\" content=\"article\" \/>\n<meta property=\"og:title\" content=\"Utilisation des cookies - Berthoud\" \/>\n<meta property=\"og:description\" content=\"Contexte \u2013 Qu\u2019est-ce qu\u2019un cookie ? Un cookie est un fichier texte contenant une petite quantit\u00e9 d\u2019informations qui est install\u00e9 sur votre ordinateur ou votre p\u00e9riph\u00e9rique mobile lors de votre premi\u00e8re visite sur un site Internet. Nous utilisons des cookies afin d\u2019am\u00e9liorer le fonctionnement de notre site pour nos utilisateurs. Les cookies remplissent un certain [&hellip;]\" \/>\n<meta property=\"og:url\" content=\"https:\/\/www.berthoud.fr\/fr\/utilisation-des-cookies\/\" \/>\n<meta property=\"og:site_name\" content=\"Berthoud\" \/>\n<meta property=\"article:modified_time\" content=\"2019-01-04T15:34:36+00:00\" \/>\n<meta name=\"twitter:card\" content=\"summary_large_image\" \/>\n<meta name=\"twitter:label1\" content=\"Dur\u00e9e de lecture estim\u00e9e\" \/>\n\t<meta name=\"twitter:data1\" content=\"2 minutes\" \/>\n<script type=\"application\/ld+json\" class=\"yoast-schema-graph\">{\"@context\":\"https:\\\/\\\/schema.org\",\"@graph\":[{\"@type\":\"WebPage\",\"@id\":\"https:\\\/\\\/www.berthoud.fr\\\/fr\\\/utilisation-des-cookies\\\/\",\"url\":\"https:\\\/\\\/www.berthoud.fr\\\/fr\\\/utilisation-des-cookies\\\/\",\"name\":\"Utilisation des cookies - Berthoud\",\"isPartOf\":{\"@id\":\"https:\\\/\\\/www.berthoud.fr\\\/fr\\\/#website\"},\"datePublished\":\"2014-06-13T10:28:51+00:00\",\"dateModified\":\"2019-01-04T15:34:36+00:00\",\"breadcrumb\":{\"@id\":\"https:\\\/\\\/www.berthoud.fr\\\/fr\\\/utilisation-des-cookies\\\/#breadcrumb\"},\"inLanguage\":\"fr-FR\",\"potentialAction\":[{\"@type\":\"ReadAction\",\"target\":[\"https:\\\/\\\/www.berthoud.fr\\\/fr\\\/utilisation-des-cookies\\\/\"]}]},{\"@type\":\"BreadcrumbList\",\"@id\":\"https:\\\/\\\/www.berthoud.fr\\\/fr\\\/utilisation-des-cookies\\\/#breadcrumb\",\"itemListElement\":[{\"@type\":\"ListItem\",\"position\":1,\"name\":\"Accueil\",\"item\":\"https:\\\/\\\/www.berthoud.fr\\\/fr\\\/accueil-2\\\/\"},{\"@type\":\"ListItem\",\"position\":2,\"name\":\"Utilisation des cookies\"}]},{\"@type\":\"WebSite\",\"@id\":\"https:\\\/\\\/www.berthoud.fr\\\/fr\\\/#website\",\"url\":\"https:\\\/\\\/www.berthoud.fr\\\/fr\\\/\",\"name\":\"Berthoud\",\"description\":\"Pulv\u00e9risateur et pompe de jardin\",\"potentialAction\":[{\"@type\":\"SearchAction\",\"target\":{\"@type\":\"EntryPoint\",\"urlTemplate\":\"https:\\\/\\\/www.berthoud.fr\\\/fr\\\/?s={search_term_string}\"},\"query-input\":{\"@type\":\"PropertyValueSpecification\",\"valueRequired\":true,\"valueName\":\"search_term_string\"}}],\"inLanguage\":\"fr-FR\"}]}<\/script>\n<!-- \/ Yoast SEO plugin. -->","yoast_head_json":{"title":"Utilisation des cookies - Berthoud","robots":{"index":"index","follow":"follow","max-snippet":"max-snippet:-1","max-image-preview":"max-image-preview:large","max-video-preview":"max-video-preview:-1"},"canonical":"https:\/\/www.berthoud.fr\/fr\/utilisation-des-cookies\/","og_locale":"fr_FR","og_type":"article","og_title":"Utilisation des cookies - Berthoud","og_description":"Contexte \u2013 Qu\u2019est-ce qu\u2019un cookie ? Un cookie est un fichier texte contenant une petite quantit\u00e9 d\u2019informations qui est install\u00e9 sur votre ordinateur ou votre p\u00e9riph\u00e9rique mobile lors de votre premi\u00e8re visite sur un site Internet. Nous utilisons des cookies afin d\u2019am\u00e9liorer le fonctionnement de notre site pour nos utilisateurs. Les cookies remplissent un certain [&hellip;]","og_url":"https:\/\/www.berthoud.fr\/fr\/utilisation-des-cookies\/","og_site_name":"Berthoud","article_modified_time":"2019-01-04T15:34:36+00:00","twitter_card":"summary_large_image","twitter_misc":{"Dur\u00e9e de lecture estim\u00e9e":"2 minutes"},"schema":{"@context":"https:\/\/schema.org","@graph":[{"@type":"WebPage","@id":"https:\/\/www.berthoud.fr\/fr\/utilisation-des-cookies\/","url":"https:\/\/www.berthoud.fr\/fr\/utilisation-des-cookies\/","name":"Utilisation des cookies - Berthoud","isPartOf":{"@id":"https:\/\/www.berthoud.fr\/fr\/#website"},"datePublished":"2014-06-13T10:28:51+00:00","dateModified":"2019-01-04T15:34:36+00:00","breadcrumb":{"@id":"https:\/\/www.berthoud.fr\/fr\/utilisation-des-cookies\/#breadcrumb"},"inLanguage":"fr-FR","potentialAction":[{"@type":"ReadAction","target":["https:\/\/www.berthoud.fr\/fr\/utilisation-des-cookies\/"]}]},{"@type":"BreadcrumbList","@id":"https:\/\/www.berthoud.fr\/fr\/utilisation-des-cookies\/#breadcrumb","itemListElement":[{"@type":"ListItem","position":1,"name":"Accueil","item":"https:\/\/www.berthoud.fr\/fr\/accueil-2\/"},{"@type":"ListItem","position":2,"name":"Utilisation des cookies"}]},{"@type":"WebSite","@id":"https:\/\/www.berthoud.fr\/fr\/#website","url":"https:\/\/www.berthoud.fr\/fr\/","name":"Berthoud","description":"Pulv\u00e9risateur et pompe de jardin","potentialAction":[{"@type":"SearchAction","target":{"@type":"EntryPoint","urlTemplate":"https:\/\/www.berthoud.fr\/fr\/?s={search_term_string}"},"query-input":{"@type":"PropertyValueSpecification","valueRequired":true,"valueName":"search_term_string"}}],"inLanguage":"fr-FR"}]}},"_links":{"self":[{"href":"https:\/\/www.berthoud.fr\/fr\/wp-json\/wp\/v2\/pages\/16","targetHints":{"allow":["GET"]}}],"collection":[{"href":"https:\/\/www.berthoud.fr\/fr\/wp-json\/wp\/v2\/pages"}],"about":[{"href":"https:\/\/www.berthoud.fr\/fr\/wp-json\/wp\/v2\/types\/page"}],"author":[{"embeddable":true,"href":"https:\/\/www.berthoud.fr\/fr\/wp-json\/wp\/v2\/users\/4"}],"replies":[{"embeddable":true,"href":"https:\/\/www.berthoud.fr\/fr\/wp-json\/wp\/v2\/comments?post=16"}],"version-history":[{"count":4,"href":"https:\/\/www.berthoud.fr\/fr\/wp-json\/wp\/v2\/pages\/16\/revisions"}],"predecessor-version":[{"id":5707,"href":"https:\/\/www.berthoud.fr\/fr\/wp-json\/wp\/v2\/pages\/16\/revisions\/5707"}],"wp:attachment":[{"href":"https:\/\/www.berthoud.fr\/fr\/wp-json\/wp\/v2\/media?parent=16"}],"curies":[{"name":"wp","href":"https:\/\/api.w.org\/{rel}","templated":true}]}}