{"id":1234,"date":"2017-01-26T11:49:27","date_gmt":"2017-01-26T10:49:27","guid":{"rendered":"https:\/\/www.berthoud.fr\/?page_id=1234"},"modified":"2026-04-13T14:18:10","modified_gmt":"2026-04-13T13:18:10","slug":"telecharger-les-catalogues","status":"publish","type":"page","link":"https:\/\/www.berthoud.fr\/fr\/telecharger-les-catalogues\/","title":{"rendered":"T\u00e9l\u00e9charger les catalogues"},"content":{"rendered":"\n<style type=\"text\/css\" data-created_by=\"avia_inline_auto\" id=\"style-css-av-j9vg7m-1c96295822b9aba4d3d2171fd7c78e4c\">\n.avia-section.av-j9vg7m-1c96295822b9aba4d3d2171fd7c78e4c .av-parallax .av-parallax-inner{\nbackground-repeat:no-repeat;\nbackground-image:url(https:\/\/www.berthoud.fr\/wp-content\/uploads\/sites\/2\/2017\/01\/services-telecharger-catalogue.jpg);\nbackground-position:0% 50%;\nbackground-attachment:scroll;\n}\n<\/style>\n<div id='av_section_1'  class='avia-section av-j9vg7m-1c96295822b9aba4d3d2171fd7c78e4c main_color avia-section-huge avia-no-border-styling  avia-builder-el-0  el_before_av_one_half  avia-builder-el-first  avia-full-stretch av-parallax-section avia-bg-style-parallax  av-minimum-height av-minimum-height-25  container_wrap fullsize'  data-section-bg-repeat='stretch' data-av_minimum_height_pc='25'><div class='av-parallax' data-avia-parallax-ratio='0.3' ><div class='av-parallax-inner main_color avia-full-stretch'><\/div><\/div><div class='av-section-color-overlay-wrap'><a href='#next-section' title='' class='scroll-down-link ' aria-hidden='true' data-av_icon='\ue877' data-av_iconfont='entypo-fontello'><\/a><div class='container av-section-cont-open' ><main  role=\"main\" itemprop=\"mainContentOfPage\"  class='template-page content  av-content-full alpha units'><div class='post-entry post-entry-type-page post-entry-1234'><div class='entry-content-wrapper clearfix'>\n\n<style type=\"text\/css\" data-created_by=\"avia_inline_auto\" id=\"style-css-av-hp9rqa-d5b961a76d900cc69df21568387e7121\">\n#top .av-special-heading.av-hp9rqa-d5b961a76d900cc69df21568387e7121{\npadding-bottom:10px;\ncolor:#ffffff;\n}\n.av-special-heading.av-hp9rqa-d5b961a76d900cc69df21568387e7121 .special-heading-inner-border{\nborder-color:#ffffff;\n}\n<\/style>\n<div  class='av-special-heading av-hp9rqa-d5b961a76d900cc69df21568387e7121 av-special-heading-h1 custom-color-heading blockquote modern-quote modern-centered  avia-builder-el-1  avia-builder-el-no-sibling  '><h1 class='av-special-heading-tag '  itemprop=\"headline\"  >T\u00e9l\u00e9charger le catalogue<\/h1><div class='special-heading-border'><div class='special-heading-inner-border'><\/div><\/div><\/div>\n<\/div><\/div><\/main><!-- close content main element --><\/div><\/div><\/div><div id='after_section_1'  class='main_color av_default_container_wrap container_wrap fullsize'  ><div class='container av-section-cont-open' ><div class='template-page content  av-content-full alpha units'><div class='post-entry post-entry-type-page post-entry-1234'><div class='entry-content-wrapper clearfix'>\n<div class='flex_column_table av-aywf2q-f0ac44d9ac4ff1ff16180adcd10c4ece sc-av_one_half av-equal-height-column-flextable'>\n<style type=\"text\/css\" data-created_by=\"avia_inline_auto\" id=\"style-css-av-aywf2q-f0ac44d9ac4ff1ff16180adcd10c4ece\">\n.flex_column.av-aywf2q-f0ac44d9ac4ff1ff16180adcd10c4ece{\nborder-width:1px;\nborder-color:#e1e1e1;\nborder-style:solid;\nborder-radius:0px 0px 0px 0px;\n-webkit-border-radius:0px 0px 0px 0px;\n-moz-border-radius:0px 0px 0px 0px;\npadding:20px 20px 20px 20px;\n}\n<\/style>\n<div class='flex_column av-aywf2q-f0ac44d9ac4ff1ff16180adcd10c4ece av_one_half  avia-builder-el-2  el_after_av_section  el_before_av_one_half  avia-builder-el-first  first flex_column_table_cell av-equal-height-column av-align-middle  av-animated-generic top-to-bottom '   ><p>\n<style type=\"text\/css\" data-created_by=\"avia_inline_auto\" id=\"style-css-av-9gi1j6-4f91114a67089fd80f385e7abc040eba\">\n.avia-image-container.av-9gi1j6-4f91114a67089fd80f385e7abc040eba .av-image-caption-overlay-center{\ncolor:#ffffff;\n}\n<\/style>\n<div  class='avia-image-container av-9gi1j6-4f91114a67089fd80f385e7abc040eba av-styling- avia-align-center  avia-builder-el-3  el_before_av_heading  avia-builder-el-first  '  itemprop=\"image\" itemscope=\"itemscope\" itemtype=\"https:\/\/schema.org\/ImageObject\" ><div class=\"avia-image-container-inner\"><div class=\"avia-image-overlay-wrap\"><img decoding=\"async\" class='wp-image-5642 avia-img-lazy-loading-not-5642 avia_image' src=\"https:\/\/www.berthoud.fr\/wp-content\/uploads\/sites\/2\/2025\/10\/Capture-decran-2025-10-09-091516-214x300.jpg\" alt='' title='Catalogue Berthoud France 2025'  height=\"300\" width=\"214\"  itemprop=\"thumbnailUrl\" srcset=\"https:\/\/www.berthoud.fr\/wp-content\/uploads\/sites\/2\/2025\/10\/Capture-decran-2025-10-09-091516-214x300.jpg 214w, https:\/\/www.berthoud.fr\/wp-content\/uploads\/sites\/2\/2025\/10\/Capture-decran-2025-10-09-091516-57x80.jpg 57w, https:\/\/www.berthoud.fr\/wp-content\/uploads\/sites\/2\/2025\/10\/Capture-decran-2025-10-09-091516-502x705.jpg 502w, https:\/\/www.berthoud.fr\/wp-content\/uploads\/sites\/2\/2025\/10\/Capture-decran-2025-10-09-091516-450x632.jpg 450w, https:\/\/www.berthoud.fr\/wp-content\/uploads\/sites\/2\/2025\/10\/Capture-decran-2025-10-09-091516.jpg 558w\" sizes=\"(max-width: 214px) 100vw, 214px\" \/><\/div><\/div><\/div><br \/>\n\n<style type=\"text\/css\" data-created_by=\"avia_inline_auto\" id=\"style-css-av-7p9dnm-ace593b7eda16cf3cb66a27739a2c422\">\n#top .av-special-heading.av-7p9dnm-ace593b7eda16cf3cb66a27739a2c422{\npadding-bottom:10px;\n}\n<\/style>\n<div  class='av-special-heading av-7p9dnm-ace593b7eda16cf3cb66a27739a2c422 av-special-heading-h2 blockquote modern-quote modern-centered  avia-builder-el-4  el_after_av_image  el_before_av_button  '><h2 class='av-special-heading-tag '  itemprop=\"headline\"  >Catalogue produits 2026<\/h2><div class='special-heading-border'><div class='special-heading-inner-border'><\/div><\/div><\/div><br \/>\n<div  class='avia-button-wrap avia-button-center  avia-builder-el-5  el_after_av_heading  avia-builder-el-last ' ><a href='https:\/\/www.berthoud.fr\/wp-content\/uploads\/sites\/2\/2025\/10\/900-100-624_BERTHOUD-Catalogue-2026-UK_BD-1.pdf' class='avia-button av-5gwpuq-1bee2d3bfa16b0ac55566cfd7faaf664 avia-icon_select-yes-left-icon avia-size-large avia-position-center avia-color-dark ' target=\"_blank\" rel=\"noopener noreferrer\"><span class='avia_button_icon avia_button_icon_left' aria-hidden='true' data-av_icon='\ue82d' data-av_iconfont='entypo-fontello'><\/span><span class='avia_iconbox_title' >Tel\u00e9charger le catalogue<\/span><\/a><\/div><\/p><\/div>\n<div class='av-flex-placeholder'><\/div><div class='flex_column av-4ndtyq-a215a65c1090bddebe0706de320d1f41 av_one_half  avia-builder-el-6  el_after_av_one_half  el_before_av_section  avia-builder-el-last  flex_column_table_cell av-equal-height-column av-align-middle '   ><p>\n<style type=\"text\/css\" data-created_by=\"avia_inline_auto\" id=\"style-css-av-mb6c0i9a-ab4f0d738a3a0276117c3aad39501b2c\">\n.avia-image-container.av-mb6c0i9a-ab4f0d738a3a0276117c3aad39501b2c .av-image-caption-overlay-center{\ncolor:#ffffff;\n}\n<\/style>\n<div  class='avia-image-container av-mb6c0i9a-ab4f0d738a3a0276117c3aad39501b2c av-styling- avia-align-center  avia-builder-el-7  el_before_av_heading  avia-builder-el-first  '  itemprop=\"image\" itemscope=\"itemscope\" itemtype=\"https:\/\/schema.org\/ImageObject\" ><div class=\"avia-image-container-inner\"><div class=\"avia-image-overlay-wrap\"><img decoding=\"async\" class='wp-image-6306 avia-img-lazy-loading-not-6306 avia_image' src=\"https:\/\/www.berthoud.fr\/wp-content\/uploads\/sites\/2\/2026\/03\/Capture-decran-2026-03-30-151427-212x300.png\" alt='' title='Capture d&#039;\u00e9cran 2026-03-30 151427'  height=\"300\" width=\"212\"  itemprop=\"thumbnailUrl\" srcset=\"https:\/\/www.berthoud.fr\/wp-content\/uploads\/sites\/2\/2026\/03\/Capture-decran-2026-03-30-151427-212x300.png 212w, https:\/\/www.berthoud.fr\/wp-content\/uploads\/sites\/2\/2026\/03\/Capture-decran-2026-03-30-151427-57x80.png 57w, https:\/\/www.berthoud.fr\/wp-content\/uploads\/sites\/2\/2026\/03\/Capture-decran-2026-03-30-151427-499x705.png 499w, https:\/\/www.berthoud.fr\/wp-content\/uploads\/sites\/2\/2026\/03\/Capture-decran-2026-03-30-151427-450x636.png 450w, https:\/\/www.berthoud.fr\/wp-content\/uploads\/sites\/2\/2026\/03\/Capture-decran-2026-03-30-151427.png 594w\" sizes=\"(max-width: 212px) 100vw, 212px\" \/><\/div><\/div><\/div><br \/>\n\n<style type=\"text\/css\" data-created_by=\"avia_inline_auto\" id=\"style-css-av-mb6bzhzg-2a37d63a8edff5c8763539bdccc2f60d\">\n#top .av-special-heading.av-mb6bzhzg-2a37d63a8edff5c8763539bdccc2f60d{\npadding-bottom:10px;\n}\n<\/style>\n<div  class='av-special-heading av-mb6bzhzg-2a37d63a8edff5c8763539bdccc2f60d av-special-heading-h2 blockquote modern-quote modern-centered  avia-builder-el-8  el_after_av_image  el_before_av_button  '><h2 class='av-special-heading-tag '  itemprop=\"headline\"  >Catalogue pi\u00e8ces d\u00e9tach\u00e9es<\/h2><div class='special-heading-border'><div class='special-heading-inner-border'><\/div><\/div><\/div><br \/>\n<div  class='avia-button-wrap avia-button-center  avia-builder-el-9  el_after_av_heading  avia-builder-el-last ' ><a href='https:\/\/www.berthoud.fr\/wp-content\/uploads\/sites\/2\/2026\/04\/BERTHOUD-CataloguePiecesDetache_2026-2.pdf' class='avia-button av-mb6c16wq-ab9b1176d4bd822cbe7f42a2c255d15e avia-icon_select-yes-left-icon avia-size-large avia-position-center avia-color-dark ' target=\"_blank\" rel=\"noopener noreferrer\"><span class='avia_button_icon avia_button_icon_left' aria-hidden='true' data-av_icon='\ue82d' data-av_iconfont='entypo-fontello'><\/span><span class='avia_iconbox_title' >T\u00e9l\u00e9charger le catalogue<\/span><\/a><\/div><\/p><\/div><\/div><!--close column table wrapper. Autoclose: 1 --><\/div><\/div><\/div><!-- close content main div --><\/div><\/div>\n<style type=\"text\/css\" data-created_by=\"avia_inline_auto\" id=\"style-css-av-4fm4iq-3c93ce1faa990b79cf7470c92d3b0fd0\">\n.avia-section.av-4fm4iq-3c93ce1faa990b79cf7470c92d3b0fd0 .av-parallax .av-parallax-inner{\nbackground-repeat:no-repeat;\nbackground-image:url(https:\/\/www.berthoud.fr\/wp-content\/uploads\/sites\/2\/2017\/02\/ble.jpg);\nbackground-position:50% 0%;\nbackground-attachment:scroll;\n}\n.avia-section.av-4fm4iq-3c93ce1faa990b79cf7470c92d3b0fd0 .av-section-color-overlay{\nopacity:0.4;\nbackground-color:#619714;\n}\n<\/style>\n<div id='sign-up'  class='avia-section av-4fm4iq-3c93ce1faa990b79cf7470c92d3b0fd0 main_color avia-section-default avia-no-shadow  avia-builder-el-10  el_after_av_one_half  avia-builder-el-last  avia-full-stretch av-parallax-section avia-bg-style-parallax av-section-color-overlay-active  container_wrap fullsize'  data-section-bg-repeat='stretch'><div class='av-parallax' data-avia-parallax-ratio='0.3' ><div class='av-parallax-inner main_color avia-full-stretch'><\/div><\/div><div class='av-section-color-overlay-wrap'><div class=\"av-section-color-overlay\"><\/div><div class='container av-section-cont-open' ><div class='template-page content  av-content-full alpha units'><div class='post-entry post-entry-type-page post-entry-1234'><div class='entry-content-wrapper clearfix'>\n\n<style type=\"text\/css\" data-created_by=\"avia_inline_auto\" id=\"style-css-av-70igi-7257e51f28d06ab3c8cb24dd52438edf\">\n#top .av-special-heading.av-70igi-7257e51f28d06ab3c8cb24dd52438edf{\npadding-bottom:10px;\ncolor:#ffffff;\nfont-size:30px;\n}\n.av-special-heading.av-70igi-7257e51f28d06ab3c8cb24dd52438edf .special-heading-inner-border{\nborder-color:#ffffff;\n}\n<\/style>\n<div  class='av-special-heading av-70igi-7257e51f28d06ab3c8cb24dd52438edf av-special-heading-h3 custom-color-heading blockquote modern-quote modern-centered  avia-builder-el-11  avia-builder-el-no-sibling  av-inherit-size '><h3 class='av-special-heading-tag '  itemprop=\"headline\"  >Fabricant de pulv\u00e9risateurs depuis 1895<\/h3><div class='special-heading-border'><div class='special-heading-inner-border'><\/div><\/div><\/div>\n<\/p>\n","protected":false},"excerpt":{"rendered":"","protected":false},"author":4,"featured_media":0,"parent":0,"menu_order":0,"comment_status":"closed","ping_status":"open","template":"","meta":{"_acf_changed":false,"footnotes":""},"class_list":["post-1234","page","type-page","status-publish","hentry"],"acf":[],"yoast_head":"<!-- This site is optimized with the Yoast SEO plugin v27.5 - https:\/\/yoast.com\/product\/yoast-seo-wordpress\/ -->\n<title>T\u00e9l\u00e9charger les catalogues - Berthoud<\/title>\n<meta name=\"robots\" content=\"index, follow, max-snippet:-1, max-image-preview:large, max-video-preview:-1\" \/>\n<link rel=\"canonical\" href=\"https:\/\/www.berthoud.fr\/fr\/telecharger-les-catalogues\/\" \/>\n<meta property=\"og:locale\" content=\"fr_FR\" \/>\n<meta property=\"og:type\" content=\"article\" \/>\n<meta property=\"og:title\" content=\"T\u00e9l\u00e9charger les catalogues - Berthoud\" \/>\n<meta property=\"og:url\" content=\"https:\/\/www.berthoud.fr\/fr\/telecharger-les-catalogues\/\" \/>\n<meta property=\"og:site_name\" content=\"Berthoud\" \/>\n<meta property=\"article:modified_time\" content=\"2026-04-13T13:18:10+00:00\" \/>\n<meta name=\"twitter:card\" content=\"summary_large_image\" \/>\n<meta name=\"twitter:label1\" content=\"Dur\u00e9e de lecture estim\u00e9e\" \/>\n\t<meta name=\"twitter:data1\" content=\"3 minutes\" \/>\n<script type=\"application\/ld+json\" class=\"yoast-schema-graph\">{\"@context\":\"https:\\\/\\\/schema.org\",\"@graph\":[{\"@type\":\"WebPage\",\"@id\":\"https:\\\/\\\/www.berthoud.fr\\\/fr\\\/telecharger-les-catalogues\\\/\",\"url\":\"https:\\\/\\\/www.berthoud.fr\\\/fr\\\/telecharger-les-catalogues\\\/\",\"name\":\"T\u00e9l\u00e9charger les catalogues - Berthoud\",\"isPartOf\":{\"@id\":\"https:\\\/\\\/www.berthoud.fr\\\/fr\\\/#website\"},\"datePublished\":\"2017-01-26T10:49:27+00:00\",\"dateModified\":\"2026-04-13T13:18:10+00:00\",\"breadcrumb\":{\"@id\":\"https:\\\/\\\/www.berthoud.fr\\\/fr\\\/telecharger-les-catalogues\\\/#breadcrumb\"},\"inLanguage\":\"fr-FR\",\"potentialAction\":[{\"@type\":\"ReadAction\",\"target\":[\"https:\\\/\\\/www.berthoud.fr\\\/fr\\\/telecharger-les-catalogues\\\/\"]}]},{\"@type\":\"BreadcrumbList\",\"@id\":\"https:\\\/\\\/www.berthoud.fr\\\/fr\\\/telecharger-les-catalogues\\\/#breadcrumb\",\"itemListElement\":[{\"@type\":\"ListItem\",\"position\":1,\"name\":\"Accueil\",\"item\":\"https:\\\/\\\/www.berthoud.fr\\\/fr\\\/accueil-2\\\/\"},{\"@type\":\"ListItem\",\"position\":2,\"name\":\"T\u00e9l\u00e9charger les catalogues\"}]},{\"@type\":\"WebSite\",\"@id\":\"https:\\\/\\\/www.berthoud.fr\\\/fr\\\/#website\",\"url\":\"https:\\\/\\\/www.berthoud.fr\\\/fr\\\/\",\"name\":\"Berthoud\",\"description\":\"Pulv\u00e9risateur et pompe de jardin\",\"potentialAction\":[{\"@type\":\"SearchAction\",\"target\":{\"@type\":\"EntryPoint\",\"urlTemplate\":\"https:\\\/\\\/www.berthoud.fr\\\/fr\\\/?s={search_term_string}\"},\"query-input\":{\"@type\":\"PropertyValueSpecification\",\"valueRequired\":true,\"valueName\":\"search_term_string\"}}],\"inLanguage\":\"fr-FR\"}]}<\/script>\n<!-- \/ Yoast SEO plugin. -->","yoast_head_json":{"title":"T\u00e9l\u00e9charger les catalogues - Berthoud","robots":{"index":"index","follow":"follow","max-snippet":"max-snippet:-1","max-image-preview":"max-image-preview:large","max-video-preview":"max-video-preview:-1"},"canonical":"https:\/\/www.berthoud.fr\/fr\/telecharger-les-catalogues\/","og_locale":"fr_FR","og_type":"article","og_title":"T\u00e9l\u00e9charger les catalogues - Berthoud","og_url":"https:\/\/www.berthoud.fr\/fr\/telecharger-les-catalogues\/","og_site_name":"Berthoud","article_modified_time":"2026-04-13T13:18:10+00:00","twitter_card":"summary_large_image","twitter_misc":{"Dur\u00e9e de lecture estim\u00e9e":"3 minutes"},"schema":{"@context":"https:\/\/schema.org","@graph":[{"@type":"WebPage","@id":"https:\/\/www.berthoud.fr\/fr\/telecharger-les-catalogues\/","url":"https:\/\/www.berthoud.fr\/fr\/telecharger-les-catalogues\/","name":"T\u00e9l\u00e9charger les catalogues - Berthoud","isPartOf":{"@id":"https:\/\/www.berthoud.fr\/fr\/#website"},"datePublished":"2017-01-26T10:49:27+00:00","dateModified":"2026-04-13T13:18:10+00:00","breadcrumb":{"@id":"https:\/\/www.berthoud.fr\/fr\/telecharger-les-catalogues\/#breadcrumb"},"inLanguage":"fr-FR","potentialAction":[{"@type":"ReadAction","target":["https:\/\/www.berthoud.fr\/fr\/telecharger-les-catalogues\/"]}]},{"@type":"BreadcrumbList","@id":"https:\/\/www.berthoud.fr\/fr\/telecharger-les-catalogues\/#breadcrumb","itemListElement":[{"@type":"ListItem","position":1,"name":"Accueil","item":"https:\/\/www.berthoud.fr\/fr\/accueil-2\/"},{"@type":"ListItem","position":2,"name":"T\u00e9l\u00e9charger les catalogues"}]},{"@type":"WebSite","@id":"https:\/\/www.berthoud.fr\/fr\/#website","url":"https:\/\/www.berthoud.fr\/fr\/","name":"Berthoud","description":"Pulv\u00e9risateur et pompe de jardin","potentialAction":[{"@type":"SearchAction","target":{"@type":"EntryPoint","urlTemplate":"https:\/\/www.berthoud.fr\/fr\/?s={search_term_string}"},"query-input":{"@type":"PropertyValueSpecification","valueRequired":true,"valueName":"search_term_string"}}],"inLanguage":"fr-FR"}]}},"_links":{"self":[{"href":"https:\/\/www.berthoud.fr\/fr\/wp-json\/wp\/v2\/pages\/1234","targetHints":{"allow":["GET"]}}],"collection":[{"href":"https:\/\/www.berthoud.fr\/fr\/wp-json\/wp\/v2\/pages"}],"about":[{"href":"https:\/\/www.berthoud.fr\/fr\/wp-json\/wp\/v2\/types\/page"}],"author":[{"embeddable":true,"href":"https:\/\/www.berthoud.fr\/fr\/wp-json\/wp\/v2\/users\/4"}],"replies":[{"embeddable":true,"href":"https:\/\/www.berthoud.fr\/fr\/wp-json\/wp\/v2\/comments?post=1234"}],"version-history":[{"count":66,"href":"https:\/\/www.berthoud.fr\/fr\/wp-json\/wp\/v2\/pages\/1234\/revisions"}],"predecessor-version":[{"id":6327,"href":"https:\/\/www.berthoud.fr\/fr\/wp-json\/wp\/v2\/pages\/1234\/revisions\/6327"}],"wp:attachment":[{"href":"https:\/\/www.berthoud.fr\/fr\/wp-json\/wp\/v2\/media?parent=1234"}],"curies":[{"name":"wp","href":"https:\/\/api.w.org\/{rel}","templated":true}]}}