{"id":1911,"date":"2017-02-15T11:59:13","date_gmt":"2017-02-15T10:59:13","guid":{"rendered":"https:\/\/www.berthoud.fr\/?page_id=1911\/"},"modified":"2017-02-15T11:59:56","modified_gmt":"2017-02-15T10:59:56","slug":"professional-contact-confirmation","status":"publish","type":"page","link":"https:\/\/www.berthoud.fr\/en\/professional-contact-confirmation\/","title":{"rendered":"Professional Contact confirmation"},"content":{"rendered":"\n<style type=\"text\/css\" data-created_by=\"avia_inline_auto\" id=\"style-css-av-av_section-d6e631189aa338edd3f5efcce4d1c53a\">\n.avia-section.av-av_section-d6e631189aa338edd3f5efcce4d1c53a .av-parallax .av-parallax-inner{\nbackground-repeat:no-repeat;\nbackground-image:url(https:\/\/www.berthoud.fr\/wp-content\/uploads\/sites\/2\/2017\/01\/garden.jpg);\nbackground-position:0% 100%;\nbackground-attachment:scroll;\n}\n.avia-section.av-av_section-d6e631189aa338edd3f5efcce4d1c53a .av-section-color-overlay{\nopacity:0.5;\nbackground-color:#b9ca00;\n}\n<\/style>\n<div id='av_section_1'  class='avia-section av-av_section-d6e631189aa338edd3f5efcce4d1c53a main_color avia-section-huge avia-no-border-styling  avia-builder-el-0  el_before_av_one_full  avia-builder-el-first  avia-full-stretch av-parallax-section avia-bg-style-parallax av-section-color-overlay-active  av-minimum-height av-minimum-height-25  container_wrap fullsize'  data-section-bg-repeat='stretch' data-av_minimum_height_pc='25'><div class='av-parallax' data-avia-parallax-ratio='0.3' ><div class='av-parallax-inner main_color avia-full-stretch'><\/div><\/div><div class='av-section-color-overlay-wrap'><div class=\"av-section-color-overlay\"><\/div><div class='container av-section-cont-open' ><main  role=\"main\" itemprop=\"mainContentOfPage\"  class='template-page content  av-content-full alpha units'><div class='post-entry post-entry-type-page post-entry-1911'><div class='entry-content-wrapper clearfix'>\n\n<style type=\"text\/css\" data-created_by=\"avia_inline_auto\" id=\"style-css-av-av_heading-6c11d4212685120db5b9e2d0709b4198\">\n#top .av-special-heading.av-av_heading-6c11d4212685120db5b9e2d0709b4198{\npadding-bottom:10px;\ncolor:#ffffff;\n}\n.av-special-heading.av-av_heading-6c11d4212685120db5b9e2d0709b4198 .special-heading-inner-border{\nborder-color:#ffffff;\n}\n<\/style>\n<div  class='av-special-heading av-av_heading-6c11d4212685120db5b9e2d0709b4198 av-special-heading-h1 custom-color-heading blockquote modern-quote modern-centered  avia-builder-el-1  avia-builder-el-no-sibling  '><h1 class='av-special-heading-tag '  itemprop=\"headline\"  >Contact us<\/h1><div class='special-heading-border'><div class='special-heading-inner-border'><\/div><\/div><\/div>\n<\/div><\/div><\/main><!-- close content main element --><\/div><\/div><\/div><div id='after_section_1'  class='main_color av_default_container_wrap container_wrap fullsize'  ><div class='container av-section-cont-open' ><div class='template-page content  av-content-full alpha units'><div class='post-entry post-entry-type-page post-entry-1911'><div class='entry-content-wrapper clearfix'>\n<style type=\"text\/css\" data-created_by=\"avia_inline_auto\" id=\"style-css-av-av_one_full-6126cab7d8fab8d08143dd2dacdf673c\">\n.flex_column.av-av_one_full-6126cab7d8fab8d08143dd2dacdf673c{\nborder-radius:0px 0px 0px 0px;\n-webkit-border-radius:0px 0px 0px 0px;\n-moz-border-radius:0px 0px 0px 0px;\n}\n<\/style>\n<div class='flex_column av-av_one_full-6126cab7d8fab8d08143dd2dacdf673c av_one_full  avia-builder-el-2  el_after_av_section  avia-builder-el-no-sibling  first flex_column_div av-zero-column-padding '   ><p>\n<style type=\"text\/css\" data-created_by=\"avia_inline_auto\" id=\"style-css-av-av_heading-7721ff9df823ef5d4f842698073214ad\">\n#top .av-special-heading.av-av_heading-7721ff9df823ef5d4f842698073214ad{\npadding-bottom:10px;\n}\n<\/style>\n<div  class='av-special-heading av-av_heading-7721ff9df823ef5d4f842698073214ad av-special-heading-h2 blockquote modern-quote  avia-builder-el-3  el_before_av_notification  avia-builder-el-first  '><h2 class='av-special-heading-tag '  itemprop=\"headline\"  >Vous nous avez contact\u00e9 en temps que professionnel<\/h2><div class='special-heading-border'><div class='special-heading-inner-border'><\/div><\/div><\/div><br \/>\n<div id='avia-messagebox-' class='avia_message_box av_notification av-av_notification-2a9a301199915e49e2c026b62b3d5ac3 avia-color-green avia-size-large avia-icon_select-yes avia-border-  avia-builder-el-4  el_after_av_heading  avia-builder-el-last  ' ><span class='avia_message_box_title' >Confirmation<\/span><div class=\"avia_message_box_content\"><span class='avia_message_box_icon' aria-hidden='true' data-av_icon='\ue812' data-av_iconfont='entypo-fontello'><\/span><p>Votre message a bien \u00e9t\u00e9 envoy\u00e9 !<\/p>\n<\/div><\/div><\/p><\/div><\/p>\n","protected":false},"excerpt":{"rendered":"","protected":false},"author":4,"featured_media":0,"parent":0,"menu_order":0,"comment_status":"closed","ping_status":"closed","template":"","meta":{"_acf_changed":false,"footnotes":""},"class_list":["post-1911","page","type-page","status-publish","hentry"],"acf":[],"yoast_head":"<!-- This site is optimized with the Yoast SEO plugin v27.4 - https:\/\/yoast.com\/product\/yoast-seo-wordpress\/ -->\n<title>Professional Contact confirmation - Berthoud<\/title>\n<meta name=\"robots\" content=\"index, follow, max-snippet:-1, max-image-preview:large, max-video-preview:-1\" \/>\n<link rel=\"canonical\" href=\"https:\/\/www.berthoud.fr\/en\/professional-contact-confirmation\/\" \/>\n<meta property=\"og:locale\" content=\"en_US\" \/>\n<meta property=\"og:type\" content=\"article\" \/>\n<meta property=\"og:title\" content=\"Professional Contact confirmation - Berthoud\" \/>\n<meta property=\"og:url\" content=\"https:\/\/www.berthoud.fr\/en\/professional-contact-confirmation\/\" \/>\n<meta property=\"og:site_name\" content=\"Berthoud\" \/>\n<meta property=\"article:modified_time\" content=\"2017-02-15T10:59:56+00:00\" \/>\n<meta name=\"twitter:card\" content=\"summary_large_image\" \/>\n<meta name=\"twitter:label1\" content=\"Est. reading time\" \/>\n\t<meta name=\"twitter:data1\" content=\"1 minute\" \/>\n<script type=\"application\/ld+json\" class=\"yoast-schema-graph\">{\"@context\":\"https:\\\/\\\/schema.org\",\"@graph\":[{\"@type\":\"WebPage\",\"@id\":\"https:\\\/\\\/www.berthoud.fr\\\/en\\\/professional-contact-confirmation\\\/\",\"url\":\"https:\\\/\\\/www.berthoud.fr\\\/en\\\/professional-contact-confirmation\\\/\",\"name\":\"Professional Contact confirmation - Berthoud\",\"isPartOf\":{\"@id\":\"https:\\\/\\\/www.berthoud.fr\\\/fr\\\/#website\"},\"datePublished\":\"2017-02-15T10:59:13+00:00\",\"dateModified\":\"2017-02-15T10:59:56+00:00\",\"breadcrumb\":{\"@id\":\"https:\\\/\\\/www.berthoud.fr\\\/en\\\/professional-contact-confirmation\\\/#breadcrumb\"},\"inLanguage\":\"en-US\",\"potentialAction\":[{\"@type\":\"ReadAction\",\"target\":[\"https:\\\/\\\/www.berthoud.fr\\\/en\\\/professional-contact-confirmation\\\/\"]}]},{\"@type\":\"BreadcrumbList\",\"@id\":\"https:\\\/\\\/www.berthoud.fr\\\/en\\\/professional-contact-confirmation\\\/#breadcrumb\",\"itemListElement\":[{\"@type\":\"ListItem\",\"position\":1,\"name\":\"Accueil\",\"item\":\"https:\\\/\\\/www.berthoud.fr\\\/en\\\/accueil\\\/\"},{\"@type\":\"ListItem\",\"position\":2,\"name\":\"Professional Contact confirmation\"}]},{\"@type\":\"WebSite\",\"@id\":\"https:\\\/\\\/www.berthoud.fr\\\/fr\\\/#website\",\"url\":\"https:\\\/\\\/www.berthoud.fr\\\/fr\\\/\",\"name\":\"Berthoud\",\"description\":\"Pulv\u00e9risateur et pompe de jardin\",\"potentialAction\":[{\"@type\":\"SearchAction\",\"target\":{\"@type\":\"EntryPoint\",\"urlTemplate\":\"https:\\\/\\\/www.berthoud.fr\\\/fr\\\/?s={search_term_string}\"},\"query-input\":{\"@type\":\"PropertyValueSpecification\",\"valueRequired\":true,\"valueName\":\"search_term_string\"}}],\"inLanguage\":\"en-US\"}]}<\/script>\n<!-- \/ Yoast SEO plugin. -->","yoast_head_json":{"title":"Professional Contact confirmation - Berthoud","robots":{"index":"index","follow":"follow","max-snippet":"max-snippet:-1","max-image-preview":"max-image-preview:large","max-video-preview":"max-video-preview:-1"},"canonical":"https:\/\/www.berthoud.fr\/en\/professional-contact-confirmation\/","og_locale":"en_US","og_type":"article","og_title":"Professional Contact confirmation - Berthoud","og_url":"https:\/\/www.berthoud.fr\/en\/professional-contact-confirmation\/","og_site_name":"Berthoud","article_modified_time":"2017-02-15T10:59:56+00:00","twitter_card":"summary_large_image","twitter_misc":{"Est. reading time":"1 minute"},"schema":{"@context":"https:\/\/schema.org","@graph":[{"@type":"WebPage","@id":"https:\/\/www.berthoud.fr\/en\/professional-contact-confirmation\/","url":"https:\/\/www.berthoud.fr\/en\/professional-contact-confirmation\/","name":"Professional Contact confirmation - Berthoud","isPartOf":{"@id":"https:\/\/www.berthoud.fr\/fr\/#website"},"datePublished":"2017-02-15T10:59:13+00:00","dateModified":"2017-02-15T10:59:56+00:00","breadcrumb":{"@id":"https:\/\/www.berthoud.fr\/en\/professional-contact-confirmation\/#breadcrumb"},"inLanguage":"en-US","potentialAction":[{"@type":"ReadAction","target":["https:\/\/www.berthoud.fr\/en\/professional-contact-confirmation\/"]}]},{"@type":"BreadcrumbList","@id":"https:\/\/www.berthoud.fr\/en\/professional-contact-confirmation\/#breadcrumb","itemListElement":[{"@type":"ListItem","position":1,"name":"Accueil","item":"https:\/\/www.berthoud.fr\/en\/accueil\/"},{"@type":"ListItem","position":2,"name":"Professional Contact confirmation"}]},{"@type":"WebSite","@id":"https:\/\/www.berthoud.fr\/fr\/#website","url":"https:\/\/www.berthoud.fr\/fr\/","name":"Berthoud","description":"Pulv\u00e9risateur et pompe de jardin","potentialAction":[{"@type":"SearchAction","target":{"@type":"EntryPoint","urlTemplate":"https:\/\/www.berthoud.fr\/fr\/?s={search_term_string}"},"query-input":{"@type":"PropertyValueSpecification","valueRequired":true,"valueName":"search_term_string"}}],"inLanguage":"en-US"}]}},"_links":{"self":[{"href":"https:\/\/www.berthoud.fr\/en\/wp-json\/wp\/v2\/pages\/1911","targetHints":{"allow":["GET"]}}],"collection":[{"href":"https:\/\/www.berthoud.fr\/en\/wp-json\/wp\/v2\/pages"}],"about":[{"href":"https:\/\/www.berthoud.fr\/en\/wp-json\/wp\/v2\/types\/page"}],"author":[{"embeddable":true,"href":"https:\/\/www.berthoud.fr\/en\/wp-json\/wp\/v2\/users\/4"}],"replies":[{"embeddable":true,"href":"https:\/\/www.berthoud.fr\/en\/wp-json\/wp\/v2\/comments?post=1911"}],"version-history":[{"count":3,"href":"https:\/\/www.berthoud.fr\/en\/wp-json\/wp\/v2\/pages\/1911\/revisions"}],"predecessor-version":[{"id":1920,"href":"https:\/\/www.berthoud.fr\/en\/wp-json\/wp\/v2\/pages\/1911\/revisions\/1920"}],"wp:attachment":[{"href":"https:\/\/www.berthoud.fr\/en\/wp-json\/wp\/v2\/media?parent=1911"}],"curies":[{"name":"wp","href":"https:\/\/api.w.org\/{rel}","templated":true}]}}