{"id":1798,"date":"2016-12-22T17:43:57","date_gmt":"2016-12-22T16:43:57","guid":{"rendered":"https:\/\/www.berthoud.fr\/?page_id=1798\/"},"modified":"2017-08-03T13:10:18","modified_gmt":"2017-08-03T12:10:18","slug":"history","status":"publish","type":"page","link":"https:\/\/www.berthoud.fr\/en\/history\/","title":{"rendered":"History"},"content":{"rendered":"\n<style type=\"text\/css\" data-created_by=\"avia_inline_auto\" id=\"style-css-av-av_section-d7c16503a8eff734e868d9e9b0e36850\">\n.avia-section.av-av_section-d7c16503a8eff734e868d9e9b0e36850 .av-parallax .av-parallax-inner{\nbackground-repeat:no-repeat;\nbackground-image:url(https:\/\/www.berthoud.fr\/wp-content\/uploads\/sites\/2\/2016\/12\/RubriqueBerthoud_1440x800.jpg);\nbackground-position:0% 50%;\nbackground-attachment:scroll;\n}\n<\/style>\n<div id='av_section_1'  class='avia-section av-av_section-d7c16503a8eff734e868d9e9b0e36850 main_color avia-section-huge avia-no-border-styling  avia-builder-el-0  el_before_av_one_full  avia-builder-el-first  avia-full-stretch av-parallax-section avia-bg-style-parallax  av-minimum-height av-minimum-height-25  container_wrap fullsize'  data-section-bg-repeat='stretch' data-av_minimum_height_pc='25'><div class='av-parallax' data-avia-parallax-ratio='0.3' ><div class='av-parallax-inner main_color avia-full-stretch'><\/div><\/div><div class='av-section-color-overlay-wrap'><a href='#next-section' title='' class='scroll-down-link ' aria-hidden='true' data-av_icon='\ue877' data-av_iconfont='entypo-fontello'><\/a><div class='container av-section-cont-open' ><main  role=\"main\" itemprop=\"mainContentOfPage\"  class='template-page content  av-content-full alpha units'><div class='post-entry post-entry-type-page post-entry-1798'><div class='entry-content-wrapper clearfix'>\n\n<style type=\"text\/css\" data-created_by=\"avia_inline_auto\" id=\"style-css-av-av_heading-79151e7e1454076e3bcf03a01fdc0b66\">\n#top .av-special-heading.av-av_heading-79151e7e1454076e3bcf03a01fdc0b66{\npadding-bottom:10px;\ncolor:#ffffff;\n}\n.av-special-heading.av-av_heading-79151e7e1454076e3bcf03a01fdc0b66 .special-heading-inner-border{\nborder-color:#ffffff;\n}\n<\/style>\n<div  class='av-special-heading av-av_heading-79151e7e1454076e3bcf03a01fdc0b66 av-special-heading-h1 custom-color-heading blockquote modern-quote modern-centered  avia-builder-el-1  avia-builder-el-no-sibling  '><h1 class='av-special-heading-tag '  itemprop=\"headline\"  >History<\/h1><div class='special-heading-border'><div class='special-heading-inner-border'><\/div><\/div><\/div>\n<\/div><\/div><\/main><!-- close content main element --><\/div><\/div><\/div><div id='after_section_1'  class='main_color av_default_container_wrap container_wrap fullsize'  ><div class='container av-section-cont-open' ><div class='template-page content  av-content-full alpha units'><div class='post-entry post-entry-type-page post-entry-1798'><div class='entry-content-wrapper clearfix'>\n\n<style type=\"text\/css\" data-created_by=\"avia_inline_auto\" id=\"style-css-av-av_one_full-6126cab7d8fab8d08143dd2dacdf673c\">\n.flex_column.av-av_one_full-6126cab7d8fab8d08143dd2dacdf673c{\nborder-radius:0px 0px 0px 0px;\n-webkit-border-radius:0px 0px 0px 0px;\n-moz-border-radius:0px 0px 0px 0px;\n}\n<\/style>\n<div class='flex_column av-av_one_full-6126cab7d8fab8d08143dd2dacdf673c av_one_full  avia-builder-el-2  el_after_av_section  el_before_av_layout_row  avia-builder-el-no-sibling  first flex_column_div av-zero-column-padding '   ><p>\n<style type=\"text\/css\" data-created_by=\"avia_inline_auto\" id=\"style-css-av-av_heading-42bc03dceb3c304e1d2e38e77ec0291c\">\n#top .av-special-heading.av-av_heading-42bc03dceb3c304e1d2e38e77ec0291c{\npadding-bottom:10px;\n}\n<\/style>\n<div  class='av-special-heading av-av_heading-42bc03dceb3c304e1d2e38e77ec0291c av-special-heading-h2 blockquote modern-quote  avia-builder-el-3  el_before_av_textblock  avia-builder-el-first  '><h2 class='av-special-heading-tag '  itemprop=\"headline\"  >History<\/h2><div class='special-heading-border'><div class='special-heading-inner-border'><\/div><\/div><\/div><br \/>\n<section class=\"av_textblock_section \"  itemscope=\"itemscope\" itemtype=\"https:\/\/schema.org\/CreativeWork\" ><div class='avia_textblock  '   itemprop=\"text\" ><p style=\"text-align: left;\"><img loading=\"lazy\" decoding=\"async\" class=\"alignleft wp-image-2306 size-medium\" src=\"https:\/\/www.berthoud.fr\/wp-content\/uploads\/sites\/2\/2016\/12\/RubriqueBerthoud_lhistoire2_1030x686-300x200.jpg\" width=\"300\" height=\"200\" srcset=\"https:\/\/www.berthoud.fr\/wp-content\/uploads\/sites\/2\/2016\/12\/RubriqueBerthoud_lhistoire2_1030x686-300x200.jpg 300w, https:\/\/www.berthoud.fr\/wp-content\/uploads\/sites\/2\/2016\/12\/RubriqueBerthoud_lhistoire2_1030x686-768x512.jpg 768w, https:\/\/www.berthoud.fr\/wp-content\/uploads\/sites\/2\/2016\/12\/RubriqueBerthoud_lhistoire2_1030x686.jpg 1030w, https:\/\/www.berthoud.fr\/wp-content\/uploads\/sites\/2\/2016\/12\/RubriqueBerthoud_lhistoire2_1030x686-705x470.jpg 705w, https:\/\/www.berthoud.fr\/wp-content\/uploads\/sites\/2\/2016\/12\/RubriqueBerthoud_lhistoire2_1030x686-450x300.jpg 450w\" sizes=\"auto, (max-width: 300px) 100vw, 300px\" \/>The company was founded in 1895 by Paul Berthoud who, having bought a hardware business, decided to put his money into a new product: a copper backpack sprayer with a helix nozzle. The machine became a huge commercial success and projected the company into a century of sprayer manufacture.<\/p>\n<p style=\"text-align: left;\">In the years immediatery after WWII, demand for backpack sprayers grew dramatically.<br \/>\n The third generation of Berthouds, cousins Guy and Didier, decided to expand into the home and garden market and set up a special division to serve it, called Flori-loisirs. Backed by the company&#8217;s considerable experience and know-how in the professional sprayer business.<\/p>\n<p style=\"text-align: left;\">Ten years later, Berthoud consolidated all departments (manufacturing, sales and shipping) at a single site at Villefranche-sur-Sa\u00f4ne.<\/p>\n<p>The Berthoud company, acquired by Patrick Ballu in 1987, became part of the Exel group (now Exel Industries), who had earlier bought the Vermorel brand.<br \/>\n Berthoud became one of the EXEL GSA company&#8217;s flagship subsidiaries when it succeeded in first achieving and then holding 40% of the French sprayer market, in terms of value, for several years. a position of undisputed leadership.<\/p>\n<\/div><\/section><br \/>\n<div  class='avia-button-wrap avia-button-left  avia-builder-el-5  el_after_av_textblock  avia-builder-el-last ' ><a href='https:\/\/www.berthoud.fr\/en\/services\/after-sales-service-for-professionals\/'  class='avia-button av-av_button-5a5624766de4e8baca1d72f0d78f95d4 avia-icon_select-no avia-size-large avia-position-left avia-color-theme-color ' ><span class='avia_iconbox_title' >Brand commitment<\/span><\/a><\/div><\/p><\/div><\/div><\/div><\/div><!-- close content main div --><\/div><\/div><div id='av-layout-grid-1'  class='av-layout-grid-container entry-content-wrapper alternate_color av-flex-cells     avia-builder-el-6  el_after_av_one_full  el_before_av_layout_row  submenu-not-first container_wrap fullsize'  >\n<div class=\"flex_cell no_margin av_one_half  avia-builder-el-7  el_before_av_cell_one_half  avia-builder-el-first   \"  style='height:500px; min-height:500px;vertical-align:middle; padding:4%; background-color:#f8f4f3; ' ><div class='flex_cell_inner' ><p>\n<style type=\"text\/css\" data-created_by=\"avia_inline_auto\" id=\"style-css-av-av_heading-d17d0106f1d2fedd17f9eac62edba93a\">\n#top .av-special-heading.av-av_heading-d17d0106f1d2fedd17f9eac62edba93a{\npadding-bottom:10px;\nfont-size:30px;\n}\n<\/style>\n<div  class='av-special-heading av-av_heading-d17d0106f1d2fedd17f9eac62edba93a av-special-heading-h2 blockquote modern-quote  avia-builder-el-8  el_before_av_hr  avia-builder-el-first  av-inherit-size '><h2 class='av-special-heading-tag '  itemprop=\"headline\"  >About Berthoud<\/h2><div class='special-heading-border'><div class='special-heading-inner-border'><\/div><\/div><\/div><br \/>\n\n<style type=\"text\/css\" data-created_by=\"avia_inline_auto\" id=\"style-css-av-av_hr-125677adc5a412197e704257ba4b8296\">\n#top .hr.av-av_hr-125677adc5a412197e704257ba4b8296{\nmargin-top:30px;\nmargin-bottom:30px;\n}\n.hr.av-av_hr-125677adc5a412197e704257ba4b8296 .hr-inner{\nwidth:50px;\n}\n<\/style>\n<div  class='hr av-av_hr-125677adc5a412197e704257ba4b8296 hr-custom  avia-builder-el-9  el_after_av_heading  el_before_av_textblock  hr-left hr-icon-no '><span class='hr-inner inner-border-av-border-fat'><span class=\"hr-inner-style\"><\/span><\/span><\/div><br \/>\n<section class=\"av_textblock_section \"  itemscope=\"itemscope\" itemtype=\"https:\/\/schema.org\/CreativeWork\" ><div class='avia_textblock  '   itemprop=\"text\" ><p> The Berthoud brand is sold by EXEL GSA, a company that obtained ISO 9001 certification in 1998 in recognition of its high design, manufacturing and marketing standards and practices.<\/p>\n<p>BERTHOUD is more than100 years of history.<\/p>\n<p>Berthoud products are recognised as being highly <strong>professional<\/strong>. This is in part due to their agricultural origins and their long term market presence. It will come as no surprise that the company&#8217;s core clients are the experienced gardener and the professional.<\/p>\n<p>The company meets its <strong>customers&#8217; exacting requirements<\/strong> in three ways :<\/p>\n<ul>\n<li>by offering an unrivalled breadth or <a href=\"https:\/\/www.berthoud.fr\/en\/telecharger-les-catalogues\/\" target=\"_blank\" rel=\"noopener noreferrer\">product range<\/a>,<\/li>\n<li>by offering impeccably engineered, high-performance sprayers,<\/li>\n<li>with <strong>excellent<\/strong> <a href=\"https:\/\/www.berthoud.fr\/en\/services\/after-sales-service-for-professionals\/\" target=\"_blank\" rel=\"noopener noreferrer\">after-sales service<\/a>.<\/li>\n<\/ul>\n<p>The Berthoud brand is sold by EXEL GSA, a company that obtained ISO 9001 certification in 1998 in recognition of its high design, manufacturing and marketing standards and practices.<\/p>\n<p>BERTHOUD is more than 100 years of history.<\/p>\n<\/div><\/section><\/p>\n<\/div><\/div><div class=\"flex_cell no_margin av_one_half  avia-builder-el-11  el_after_av_cell_one_half  avia-builder-el-last   avia-full-stretch \"  style='height:500px; min-height:500px;background:url(https:\/\/www.berthoud.fr\/wp-content\/uploads\/sites\/2\/2016\/12\/RubriqueBerthoud_lhistoire_3_1030x686.jpg) center center no-repeat scroll; vertical-align:top; padding:50px; ' ><div class='flex_cell_inner' ><\/div><\/div>\n <\/div><\/p>\n<div id='av-layout-grid-2'  class='av-layout-grid-container entry-content-wrapper main_color av-flex-cells     avia-builder-el-12  el_after_av_layout_row  el_before_av_section  submenu-not-first container_wrap fullsize'  >\n<div class=\"flex_cell no_margin av_one_half  avia-builder-el-13  el_before_av_cell_one_half  avia-builder-el-first   avia-full-stretch \"  style='height:500px; min-height:500px;background:url(https:\/\/www.berthoud.fr\/wp-content\/uploads\/sites\/2\/2016\/12\/RubriqueBerthoud_lhistoire_4_1030x686.jpg) center left no-repeat scroll; vertical-align:middle; padding:50px; ' ><div class='flex_cell_inner' ><\/div><\/div><div class=\"flex_cell no_margin av_one_half  avia-builder-el-14  el_after_av_cell_one_half  avia-builder-el-last   \"  style='height:500px; min-height:500px;vertical-align:middle; padding:4%; background-color:#f8f4f3; ' ><div class='flex_cell_inner' ><p>\n<style type=\"text\/css\" data-created_by=\"avia_inline_auto\" id=\"style-css-av-av_heading-69bddd19df00f79a53dad42d43526f5a\">\n#top .av-special-heading.av-av_heading-69bddd19df00f79a53dad42d43526f5a{\npadding-bottom:10px;\nfont-size:30px;\n}\n<\/style>\n<div  class='av-special-heading av-av_heading-69bddd19df00f79a53dad42d43526f5a av-special-heading-h2 blockquote modern-quote  avia-builder-el-15  el_before_av_hr  avia-builder-el-first  av-inherit-size '><h2 class='av-special-heading-tag '  itemprop=\"headline\"  >Dates to remember<\/h2><div class='special-heading-border'><div class='special-heading-inner-border'><\/div><\/div><\/div><br \/>\n\n<style type=\"text\/css\" data-created_by=\"avia_inline_auto\" id=\"style-css-av-av_hr-125677adc5a412197e704257ba4b8296\">\n#top .hr.av-av_hr-125677adc5a412197e704257ba4b8296{\nmargin-top:30px;\nmargin-bottom:30px;\n}\n.hr.av-av_hr-125677adc5a412197e704257ba4b8296 .hr-inner{\nwidth:50px;\n}\n<\/style>\n<div  class='hr av-av_hr-125677adc5a412197e704257ba4b8296 hr-custom  avia-builder-el-16  el_after_av_heading  el_before_av_textblock  hr-left hr-icon-no '><span class='hr-inner inner-border-av-border-fat'><span class=\"hr-inner-style\"><\/span><\/span><\/div><br \/>\n<section class=\"av_textblock_section \"  itemscope=\"itemscope\" itemtype=\"https:\/\/schema.org\/CreativeWork\" ><div class='avia_textblock  '   itemprop=\"text\" ><p> <strong>1887 <\/strong>: First sprayer GOBET by Paul BERTHOUD<br \/>\n <strong>1902<\/strong> : EUROP\u00c9EN, 1st Knapsack sprayer with diaphragm sold<br \/>\n <strong>1954<\/strong> : M\u00c9T\u00c9OR, copper sprayer with high pression piston 2-10 bars<br \/>\n <strong>1968<\/strong> : COSMOS 16 Knapsack sprayer in plastic with metal sole plate<br \/>\n <strong>1978<\/strong> : COSMOS 18 all plastic<br \/>\n <strong>1999<\/strong> : Launch of PULVEXEL range<br \/>\n <strong>2005<\/strong> : New range of compression sprayer FLORALY OPTIMA and ELYTE PRO<br \/>\n <strong>2007<\/strong> : Launch of Pulvexel ATV<br \/>\n <strong>2008<\/strong> : New Cosmos 18 Pro, 30 years after the 1st model and more than 2 000 000 of units sold in all over the world<\/p>\n<\/div><\/section><\/p>\n<\/div><\/div>\n <\/div>\n<div id='av_section_2'  class='avia-section av-av_section-773bb6d9525119f457c9934c85c049cb alternate_color avia-section-large avia-no-border-styling  avia-builder-el-18  el_after_av_layout_row  el_before_av_section  avia-bg-style-scroll  container_wrap fullsize'  ><div class='container av-section-cont-open' ><div class='template-page content  av-content-full alpha units'><div class='post-entry post-entry-type-page post-entry-1798'><div class='entry-content-wrapper clearfix'>\n\n<style type=\"text\/css\" data-created_by=\"avia_inline_auto\" id=\"style-css-av-av_heading-57ccb267769ac10ddf83e6ed0478b6fb\">\n#top .av-special-heading.av-av_heading-57ccb267769ac10ddf83e6ed0478b6fb{\npadding-bottom:10px;\nfont-size:30px;\n}\n<\/style>\n<div  class='av-special-heading av-av_heading-57ccb267769ac10ddf83e6ed0478b6fb av-special-heading-h3 blockquote modern-quote modern-centered  avia-builder-el-19  el_before_av_hr  avia-builder-el-first  av-inherit-size '><h3 class='av-special-heading-tag '  itemprop=\"headline\"  >Berthoud<\/h3><div class='special-heading-border'><div class='special-heading-inner-border'><\/div><\/div><\/div>\n\n<style type=\"text\/css\" data-created_by=\"avia_inline_auto\" id=\"style-css-av-av_hr-7de9e48bc1c67ada1c144024257a3f59\">\n#top .hr.av-av_hr-7de9e48bc1c67ada1c144024257a3f59{\nmargin-top:30px;\nmargin-bottom:30px;\n}\n.hr.av-av_hr-7de9e48bc1c67ada1c144024257a3f59 .hr-inner{\nwidth:50px;\n}\n<\/style>\n<div  class='hr av-av_hr-7de9e48bc1c67ada1c144024257a3f59 hr-custom  avia-builder-el-20  el_after_av_heading  el_before_av_one_half  hr-center hr-icon-no '><span class='hr-inner inner-border-av-border-fat'><span class=\"hr-inner-style\"><\/span><\/span><\/div>\n<div class='flex_column av-av_one_half-2a9015ff38129c418a3f2eafba3e9512 av_one_half  avia-builder-el-21  el_after_av_hr  el_before_av_one_half  first flex_column_div '   ><article  class=\"iconbox iconbox_left_content av-av_icon_box-60de8627b10e240434a2d0c251bb30b8  avia-builder-el-22  avia-builder-el-no-sibling  \"  itemscope=\"itemscope\" itemtype=\"https:\/\/schema.org\/CreativeWork\" ><div class=\"iconbox_icon heading-color\" aria-hidden='true' data-av_icon='\ue8b1' data-av_iconfont='entypo-fontello'><\/div><div class=\"iconbox_content\"><header class=\"entry-content-header\"><h3 class='iconbox_content_title  '  itemprop=\"headline\" >Fabriqu\u00e9 en France<\/h3><\/header><div class='iconbox_content_container  '  itemprop=\"text\" ><p> Les produits Berthoud sont tous con\u00e7us et fabriqu\u00e9s en France.<\/p>\n<\/div><\/div><footer class=\"entry-footer\"><\/footer><\/article><\/div>\n<style type=\"text\/css\" data-created_by=\"avia_inline_auto\" id=\"style-css-av-av_one_half-0aa7055fe62c3622faec82866afbaeb2\">\n.flex_column.av-av_one_half-0aa7055fe62c3622faec82866afbaeb2{\nborder-radius:0px 0px 0px 0px;\n-webkit-border-radius:0px 0px 0px 0px;\n-moz-border-radius:0px 0px 0px 0px;\n}\n<\/style>\n<div class='flex_column av-av_one_half-0aa7055fe62c3622faec82866afbaeb2 av_one_half  avia-builder-el-23  el_after_av_one_half  avia-builder-el-last  flex_column_div av-zero-column-padding '   ><article  class=\"iconbox iconbox_left_content av-av_icon_box-bd9c85adf985bf2092b37f3cdfb25ce0  avia-builder-el-24  avia-builder-el-no-sibling  \"  itemscope=\"itemscope\" itemtype=\"https:\/\/schema.org\/CreativeWork\" ><div class=\"iconbox_icon heading-color\" aria-hidden='true' data-av_icon='\ue82a' data-av_iconfont='entypo-fontello'><\/div><div class=\"iconbox_content\"><header class=\"entry-content-header\"><h3 class='iconbox_content_title  '  itemprop=\"headline\" >Fond\u00e9e en 1895<\/h3><\/header><div class='iconbox_content_container  '  itemprop=\"text\" ><p> La soci\u00e9t\u00e9 a \u00e9t\u00e9 fond\u00e9e en 1895 par Paul BERTHOUD.<\/p>\n<\/div><\/div><footer class=\"entry-footer\"><\/footer><\/article><\/div>\n\n<\/div><\/div><\/div><!-- close content main div --><\/div><\/div>\n<style type=\"text\/css\" data-created_by=\"avia_inline_auto\" id=\"style-css-av-av_section-fd4b64e6a9dd6443c4249792ba08dac9\">\n.avia-section.av-av_section-fd4b64e6a9dd6443c4249792ba08dac9 .av-parallax .av-parallax-inner{\nbackground-repeat:no-repeat;\nbackground-image:url(https:\/\/www.berthoud.fr\/wp-content\/uploads\/sites\/2\/2017\/02\/ble.jpg);\nbackground-position:50% 0%;\nbackground-attachment:scroll;\n}\n.avia-section.av-av_section-fd4b64e6a9dd6443c4249792ba08dac9 .av-section-color-overlay{\nopacity:0.4;\nbackground-color:#619714;\n}\n<\/style>\n<div id='sign-up'  class='avia-section av-av_section-fd4b64e6a9dd6443c4249792ba08dac9 main_color avia-section-default avia-no-shadow  avia-builder-el-25  el_after_av_section  avia-builder-el-last  avia-full-stretch av-parallax-section avia-bg-style-parallax av-section-color-overlay-active  container_wrap fullsize'  data-section-bg-repeat='stretch'><div class='av-parallax' data-avia-parallax-ratio='0.3' ><div class='av-parallax-inner main_color avia-full-stretch'><\/div><\/div><div class='av-section-color-overlay-wrap'><div class=\"av-section-color-overlay\"><\/div><div class='container av-section-cont-open' ><div class='template-page content  av-content-full alpha units'><div class='post-entry post-entry-type-page post-entry-1798'><div class='entry-content-wrapper clearfix'>\n\n<style type=\"text\/css\" data-created_by=\"avia_inline_auto\" id=\"style-css-av-av_heading-81bffe3e5df3a0f7ae224562500f7987\">\n#top .av-special-heading.av-av_heading-81bffe3e5df3a0f7ae224562500f7987{\npadding-bottom:10px;\ncolor:#ffffff;\nfont-size:30px;\n}\n.av-special-heading.av-av_heading-81bffe3e5df3a0f7ae224562500f7987 .special-heading-inner-border{\nborder-color:#ffffff;\n}\n<\/style>\n<div  class='av-special-heading av-av_heading-81bffe3e5df3a0f7ae224562500f7987 av-special-heading-h3 custom-color-heading blockquote modern-quote modern-centered  avia-builder-el-26  avia-builder-el-no-sibling  av-inherit-size '><h3 class='av-special-heading-tag '  itemprop=\"headline\"  >Sprayers manufacturer since 1895<\/h3><div class='special-heading-border'><div class='special-heading-inner-border'><\/div><\/div><\/div>\n\n","protected":false},"excerpt":{"rendered":"","protected":false},"author":4,"featured_media":0,"parent":0,"menu_order":0,"comment_status":"closed","ping_status":"closed","template":"","meta":{"_acf_changed":false,"footnotes":""},"class_list":["post-1798","page","type-page","status-publish","hentry"],"acf":[],"yoast_head":"<!-- This site is optimized with the Yoast SEO plugin v27.5 - https:\/\/yoast.com\/product\/yoast-seo-wordpress\/ -->\n<title>History - Berthoud<\/title>\n<meta name=\"robots\" content=\"index, follow, max-snippet:-1, max-image-preview:large, max-video-preview:-1\" \/>\n<link rel=\"canonical\" href=\"https:\/\/www.berthoud.fr\/en\/history\/\" \/>\n<meta property=\"og:locale\" content=\"en_US\" \/>\n<meta property=\"og:type\" content=\"article\" \/>\n<meta property=\"og:title\" content=\"History - Berthoud\" \/>\n<meta property=\"og:url\" content=\"https:\/\/www.berthoud.fr\/en\/history\/\" \/>\n<meta property=\"og:site_name\" content=\"Berthoud\" \/>\n<meta property=\"article:modified_time\" content=\"2017-08-03T12:10:18+00:00\" \/>\n<meta property=\"og:image\" content=\"https:\/\/www.berthoud.fr\/wp-content\/uploads\/sites\/2\/2016\/12\/RubriqueBerthoud_lhistoire2_1030x686-300x200.jpg\" \/>\n<meta name=\"twitter:card\" content=\"summary_large_image\" \/>\n<meta name=\"twitter:label1\" content=\"Est. reading time\" \/>\n\t<meta name=\"twitter:data1\" content=\"7 minutes\" \/>\n<script type=\"application\/ld+json\" class=\"yoast-schema-graph\">{\"@context\":\"https:\\\/\\\/schema.org\",\"@graph\":[{\"@type\":\"WebPage\",\"@id\":\"https:\\\/\\\/www.berthoud.fr\\\/en\\\/history\\\/\",\"url\":\"https:\\\/\\\/www.berthoud.fr\\\/en\\\/history\\\/\",\"name\":\"History - Berthoud\",\"isPartOf\":{\"@id\":\"https:\\\/\\\/www.berthoud.fr\\\/fr\\\/#website\"},\"primaryImageOfPage\":{\"@id\":\"https:\\\/\\\/www.berthoud.fr\\\/en\\\/history\\\/#primaryimage\"},\"image\":{\"@id\":\"https:\\\/\\\/www.berthoud.fr\\\/en\\\/history\\\/#primaryimage\"},\"thumbnailUrl\":\"https:\\\/\\\/www.berthoud.fr\\\/wp-content\\\/uploads\\\/sites\\\/2\\\/2016\\\/12\\\/RubriqueBerthoud_lhistoire2_1030x686-300x200.jpg\",\"datePublished\":\"2016-12-22T16:43:57+00:00\",\"dateModified\":\"2017-08-03T12:10:18+00:00\",\"breadcrumb\":{\"@id\":\"https:\\\/\\\/www.berthoud.fr\\\/en\\\/history\\\/#breadcrumb\"},\"inLanguage\":\"en-US\",\"potentialAction\":[{\"@type\":\"ReadAction\",\"target\":[\"https:\\\/\\\/www.berthoud.fr\\\/en\\\/history\\\/\"]}]},{\"@type\":\"ImageObject\",\"inLanguage\":\"en-US\",\"@id\":\"https:\\\/\\\/www.berthoud.fr\\\/en\\\/history\\\/#primaryimage\",\"url\":\"https:\\\/\\\/www.berthoud.fr\\\/wp-content\\\/uploads\\\/sites\\\/2\\\/2016\\\/12\\\/RubriqueBerthoud_lhistoire2_1030x686-300x200.jpg\",\"contentUrl\":\"https:\\\/\\\/www.berthoud.fr\\\/wp-content\\\/uploads\\\/sites\\\/2\\\/2016\\\/12\\\/RubriqueBerthoud_lhistoire2_1030x686-300x200.jpg\"},{\"@type\":\"BreadcrumbList\",\"@id\":\"https:\\\/\\\/www.berthoud.fr\\\/en\\\/history\\\/#breadcrumb\",\"itemListElement\":[{\"@type\":\"ListItem\",\"position\":1,\"name\":\"Accueil\",\"item\":\"https:\\\/\\\/www.berthoud.fr\\\/en\\\/accueil\\\/\"},{\"@type\":\"ListItem\",\"position\":2,\"name\":\"History\"}]},{\"@type\":\"WebSite\",\"@id\":\"https:\\\/\\\/www.berthoud.fr\\\/fr\\\/#website\",\"url\":\"https:\\\/\\\/www.berthoud.fr\\\/fr\\\/\",\"name\":\"Berthoud\",\"description\":\"Pulv\u00e9risateur et pompe de jardin\",\"potentialAction\":[{\"@type\":\"SearchAction\",\"target\":{\"@type\":\"EntryPoint\",\"urlTemplate\":\"https:\\\/\\\/www.berthoud.fr\\\/fr\\\/?s={search_term_string}\"},\"query-input\":{\"@type\":\"PropertyValueSpecification\",\"valueRequired\":true,\"valueName\":\"search_term_string\"}}],\"inLanguage\":\"en-US\"}]}<\/script>\n<!-- \/ Yoast SEO plugin. -->","yoast_head_json":{"title":"History - Berthoud","robots":{"index":"index","follow":"follow","max-snippet":"max-snippet:-1","max-image-preview":"max-image-preview:large","max-video-preview":"max-video-preview:-1"},"canonical":"https:\/\/www.berthoud.fr\/en\/history\/","og_locale":"en_US","og_type":"article","og_title":"History - Berthoud","og_url":"https:\/\/www.berthoud.fr\/en\/history\/","og_site_name":"Berthoud","article_modified_time":"2017-08-03T12:10:18+00:00","og_image":[{"url":"https:\/\/www.berthoud.fr\/wp-content\/uploads\/sites\/2\/2016\/12\/RubriqueBerthoud_lhistoire2_1030x686-300x200.jpg","type":"","width":"","height":""}],"twitter_card":"summary_large_image","twitter_misc":{"Est. reading time":"7 minutes"},"schema":{"@context":"https:\/\/schema.org","@graph":[{"@type":"WebPage","@id":"https:\/\/www.berthoud.fr\/en\/history\/","url":"https:\/\/www.berthoud.fr\/en\/history\/","name":"History - Berthoud","isPartOf":{"@id":"https:\/\/www.berthoud.fr\/fr\/#website"},"primaryImageOfPage":{"@id":"https:\/\/www.berthoud.fr\/en\/history\/#primaryimage"},"image":{"@id":"https:\/\/www.berthoud.fr\/en\/history\/#primaryimage"},"thumbnailUrl":"https:\/\/www.berthoud.fr\/wp-content\/uploads\/sites\/2\/2016\/12\/RubriqueBerthoud_lhistoire2_1030x686-300x200.jpg","datePublished":"2016-12-22T16:43:57+00:00","dateModified":"2017-08-03T12:10:18+00:00","breadcrumb":{"@id":"https:\/\/www.berthoud.fr\/en\/history\/#breadcrumb"},"inLanguage":"en-US","potentialAction":[{"@type":"ReadAction","target":["https:\/\/www.berthoud.fr\/en\/history\/"]}]},{"@type":"ImageObject","inLanguage":"en-US","@id":"https:\/\/www.berthoud.fr\/en\/history\/#primaryimage","url":"https:\/\/www.berthoud.fr\/wp-content\/uploads\/sites\/2\/2016\/12\/RubriqueBerthoud_lhistoire2_1030x686-300x200.jpg","contentUrl":"https:\/\/www.berthoud.fr\/wp-content\/uploads\/sites\/2\/2016\/12\/RubriqueBerthoud_lhistoire2_1030x686-300x200.jpg"},{"@type":"BreadcrumbList","@id":"https:\/\/www.berthoud.fr\/en\/history\/#breadcrumb","itemListElement":[{"@type":"ListItem","position":1,"name":"Accueil","item":"https:\/\/www.berthoud.fr\/en\/accueil\/"},{"@type":"ListItem","position":2,"name":"History"}]},{"@type":"WebSite","@id":"https:\/\/www.berthoud.fr\/fr\/#website","url":"https:\/\/www.berthoud.fr\/fr\/","name":"Berthoud","description":"Pulv\u00e9risateur et pompe de jardin","potentialAction":[{"@type":"SearchAction","target":{"@type":"EntryPoint","urlTemplate":"https:\/\/www.berthoud.fr\/fr\/?s={search_term_string}"},"query-input":{"@type":"PropertyValueSpecification","valueRequired":true,"valueName":"search_term_string"}}],"inLanguage":"en-US"}]}},"_links":{"self":[{"href":"https:\/\/www.berthoud.fr\/en\/wp-json\/wp\/v2\/pages\/1798","targetHints":{"allow":["GET"]}}],"collection":[{"href":"https:\/\/www.berthoud.fr\/en\/wp-json\/wp\/v2\/pages"}],"about":[{"href":"https:\/\/www.berthoud.fr\/en\/wp-json\/wp\/v2\/types\/page"}],"author":[{"embeddable":true,"href":"https:\/\/www.berthoud.fr\/en\/wp-json\/wp\/v2\/users\/4"}],"replies":[{"embeddable":true,"href":"https:\/\/www.berthoud.fr\/en\/wp-json\/wp\/v2\/comments?post=1798"}],"version-history":[{"count":8,"href":"https:\/\/www.berthoud.fr\/en\/wp-json\/wp\/v2\/pages\/1798\/revisions"}],"predecessor-version":[{"id":5132,"href":"https:\/\/www.berthoud.fr\/en\/wp-json\/wp\/v2\/pages\/1798\/revisions\/5132"}],"wp:attachment":[{"href":"https:\/\/www.berthoud.fr\/en\/wp-json\/wp\/v2\/media?parent=1798"}],"curies":[{"name":"wp","href":"https:\/\/api.w.org\/{rel}","templated":true}]}}